{"id":2471,"date":"2025-05-09T08:04:34","date_gmt":"2025-05-09T08:04:34","guid":{"rendered":"https:\/\/cmykprinted.com\/?post_type=product&#038;p=2471"},"modified":"2025-05-09T08:04:34","modified_gmt":"2025-05-09T08:04:34","slug":"cheap-outdoor-printed-mesh-banners-for-fence","status":"publish","type":"product","link":"https:\/\/cmykprinted.com\/fi\/tuote\/halvat-ulkokayttoon-tulostetut-verkkobanderollit-aidalle\/","title":{"rendered":"Halvat ulkok\u00e4ytt\u00f6\u00f6n tarkoitetut painetut verkkobannerit aidalle"},"content":{"rendered":"","protected":false},"excerpt":{"rendered":"<p>Mainosverkkobannerien asettaminen aitoihin on eritt\u00e4in tehokas tapa mainostaa br\u00e4ndej\u00e4. Aitoja n\u00e4kee kaikkialla, ja kevyit\u00e4 verkkobannereita voidaan asentaa aidan molemmille puolille. T\u00e4llainen banderolli on veden- ja auringonsuojattu ja eritt\u00e4in helppo asentaa. Yleens\u00e4 laitamme banderollin ymp\u00e4rille silmukat, jotta banderolli voidaan sitoa aitaan hihnoilla, mik\u00e4 on eritt\u00e4in tukevaa. Ja kiedomme banderollin reunat verkkokankaalla, jotta banderollista tulisi kest\u00e4v\u00e4mpi. Tuuli ei repe\u00e4 sit\u00e4 helposti. Verkkobannerin pinnassa on paljon reiki\u00e4, joten se kest\u00e4\u00e4 hyvin tuulta ja tuuli p\u00e4\u00e4see kulkemaan suoraan banderollin pinnan l\u00e4pi. Toisin kuin PVC-bannereissa, joissa ei ole reiki\u00e4, joskus ihmiset leikkaavat PVC-bannereiden kest\u00e4vyyden parantamiseksi tarkoituksella muutamia viiltoja saksilla, mik\u00e4 tuhoaa koko maalauksen eheyden.<\/p>\n<div style=\"width: 960px;\" class=\"wp-video\"><!--[if lt IE 9]><script>document.createElement('video');<\/script><![endif]--><br \/>\n<video class=\"wp-video-shortcode\" id=\"video-2471-1\" width=\"960\" height=\"540\" preload=\"metadata\" controls=\"controls\"><source type=\"video\/mp4\" src=\"https:\/\/cmykprinted.com\/wp-content\/uploads\/2025\/02\/Barrier-Covers.mp4?_=1\" \/><a href=\"https:\/\/cmykprinted.com\/wp-content\/uploads\/2025\/02\/Barrier-Covers.mp4\">https:\/\/cmykprinted.com\/wp-content\/uploads\/2025\/02\/Barrier-Covers.mp4<\/a><\/video><\/div>\n<p>r<\/p>\n<div style=\"width: 960px;\" class=\"wp-video\"><video class=\"wp-video-shortcode\" id=\"video-2471-2\" width=\"960\" height=\"540\" preload=\"metadata\" controls=\"controls\"><source type=\"video\/mp4\" src=\"https:\/\/cmykprinted.com\/wp-content\/uploads\/2025\/02\/Fence-Mesh-Signage.mp4?_=2\" \/><a href=\"https:\/\/cmykprinted.com\/wp-content\/uploads\/2025\/02\/Fence-Mesh-Signage.mp4\">https:\/\/cmykprinted.com\/wp-content\/uploads\/2025\/02\/Fence-Mesh-Signage.mp4<\/a><\/video><\/div>","protected":false},"featured_media":2477,"template":"","meta":{"_kad_post_transparent":"default","_kad_post_title":"hide","_kad_post_layout":"fullwidth","_kad_post_sidebar_id":"","_kad_post_content_style":"unboxed","_kad_post_vertical_padding":"hide","_kad_post_feature":"hide","_kad_post_feature_position":"","_kad_post_header":false,"_kad_post_footer":false},"product_cat":[85,86],"product_tag":[554,553,555],"class_list":{"0":"post-2471","1":"product","2":"type-product","3":"status-publish","4":"has-post-thumbnail","6":"product_cat-outdoor-vinyl-banners","7":"product_cat-fence-mesh-banners","8":"product_tag-cheap-outdoor-printed-mesh-banners","9":"product_tag-mesh-banners-for-fence","10":"product_tag-printed-mesh-banners","12":"first","13":"instock","14":"shipping-taxable","15":"product-type-simple","16":"entry","17":"content-bg","18":"loop-entry"},"_links":{"self":[{"href":"https:\/\/cmykprinted.com\/fi\/wp-json\/wp\/v2\/product\/2471","targetHints":{"allow":["GET"]}}],"collection":[{"href":"https:\/\/cmykprinted.com\/fi\/wp-json\/wp\/v2\/product"}],"about":[{"href":"https:\/\/cmykprinted.com\/fi\/wp-json\/wp\/v2\/types\/product"}],"version-history":[{"count":1,"href":"https:\/\/cmykprinted.com\/fi\/wp-json\/wp\/v2\/product\/2471\/revisions"}],"predecessor-version":[{"id":2480,"href":"https:\/\/cmykprinted.com\/fi\/wp-json\/wp\/v2\/product\/2471\/revisions\/2480"}],"wp:featuredmedia":[{"embeddable":true,"href":"https:\/\/cmykprinted.com\/fi\/wp-json\/wp\/v2\/media\/2477"}],"wp:attachment":[{"href":"https:\/\/cmykprinted.com\/fi\/wp-json\/wp\/v2\/media?parent=2471"}],"wp:term":[{"taxonomy":"product_cat","embeddable":true,"href":"https:\/\/cmykprinted.com\/fi\/wp-json\/wp\/v2\/product_cat?post=2471"},{"taxonomy":"product_tag","embeddable":true,"href":"https:\/\/cmykprinted.com\/fi\/wp-json\/wp\/v2\/product_tag?post=2471"}],"curies":[{"name":"wp","href":"https:\/\/api.w.org\/{rel}","templated":true}]}}