{"id":2511,"date":"2025-05-15T07:32:48","date_gmt":"2025-05-15T07:32:48","guid":{"rendered":"https:\/\/cmykprinted.com\/?post_type=product&#038;p=2511"},"modified":"2025-05-15T07:37:54","modified_gmt":"2025-05-15T07:37:54","slug":"6-foot-logo-table-covers-for-trade-shows","status":"publish","type":"product","link":"https:\/\/cmykprinted.com\/fi\/tuote\/6-jalkaiset-logopoytaliinat-messuille\/","title":{"rendered":"1,8 metrin logolla varustetut p\u00f6yt\u00e4liinat messuille"},"content":{"rendered":"","protected":false},"excerpt":{"rendered":"<p>Tehokas ja budjettiyst\u00e4v\u00e4llinen tapa nostaa messuosastosi tasoa esiin on k\u00e4ytt\u00e4\u00e4 visuaalisesti n\u00e4ytt\u00e4vi\u00e4 mittatilausty\u00f6n\u00e4 tehtyj\u00e4 p\u00f6yt\u00e4liinoja. Edistyksellisen sublimaatiopainotekniikkamme ansiosta n\u00e4m\u00e4 liinat eiv\u00e4t ainoastaan \u200b\u200bn\u00e4yt\u00e4 vaikuttavilta, vaan ovat my\u00f6s kevyit\u00e4, helppoja koota ja helppohoitoisia. T\u00e4m\u00e4 tekee niist\u00e4 erinomaisen valinnan messuille osallistujille. Painetut mallit korostavat br\u00e4ndisi identiteetti\u00e4. Voit personoida p\u00f6yt\u00e4liinoja tapahtumaa varten lis\u00e4\u00e4m\u00e4ll\u00e4 br\u00e4nd\u00e4ttyj\u00e4 elementtej\u00e4, kuten yrityksesi logon, yhteystiedot, kuvat ja br\u00e4ndisi tunnusv\u00e4rit.<\/p>\n<div style=\"width: 1280px;\" class=\"wp-video\"><!--[if lt IE 9]><script>document.createElement('video');<\/script><![endif]--><br \/>\n<video class=\"wp-video-shortcode\" id=\"video-2511-1\" width=\"1280\" height=\"720\" preload=\"metadata\" controls=\"controls\"><source type=\"video\/mp4\" src=\"https:\/\/cmykprinted.com\/wp-content\/uploads\/2025\/05\/Logo-Table-Covers-for-Trade-Shows-01.mp4?_=1\" \/><a href=\"https:\/\/cmykprinted.com\/wp-content\/uploads\/2025\/05\/Logo-Table-Covers-for-Trade-Shows-01.mp4\">https:\/\/cmykprinted.com\/wp-content\/uploads\/2025\/05\/Logo-Table-Covers-for-Trade-Shows-01.mp4<\/a><\/video><\/div>","protected":false},"featured_media":2518,"template":"","meta":{"_kad_post_transparent":"default","_kad_post_title":"hide","_kad_post_layout":"fullwidth","_kad_post_sidebar_id":"","_kad_post_content_style":"unboxed","_kad_post_vertical_padding":"hide","_kad_post_feature":"hide","_kad_post_feature_position":"","_kad_post_header":false,"_kad_post_footer":false},"product_cat":[80,81],"product_tag":[560,561,559],"class_list":{"0":"post-2511","1":"product","2":"type-product","3":"status-publish","4":"has-post-thumbnail","6":"product_cat-custom-tablecloth","7":"product_cat-custom-stretch-tablecloth","8":"product_tag-6-foot-logo-table-covers-for-trade-shows","9":"product_tag-6-foot-table-covers","10":"product_tag-table-covers-for-trade-shows","12":"first","13":"instock","14":"shipping-taxable","15":"product-type-simple","16":"entry","17":"content-bg","18":"loop-entry"},"_links":{"self":[{"href":"https:\/\/cmykprinted.com\/fi\/wp-json\/wp\/v2\/product\/2511","targetHints":{"allow":["GET"]}}],"collection":[{"href":"https:\/\/cmykprinted.com\/fi\/wp-json\/wp\/v2\/product"}],"about":[{"href":"https:\/\/cmykprinted.com\/fi\/wp-json\/wp\/v2\/types\/product"}],"version-history":[{"count":3,"href":"https:\/\/cmykprinted.com\/fi\/wp-json\/wp\/v2\/product\/2511\/revisions"}],"predecessor-version":[{"id":2522,"href":"https:\/\/cmykprinted.com\/fi\/wp-json\/wp\/v2\/product\/2511\/revisions\/2522"}],"wp:featuredmedia":[{"embeddable":true,"href":"https:\/\/cmykprinted.com\/fi\/wp-json\/wp\/v2\/media\/2518"}],"wp:attachment":[{"href":"https:\/\/cmykprinted.com\/fi\/wp-json\/wp\/v2\/media?parent=2511"}],"wp:term":[{"taxonomy":"product_cat","embeddable":true,"href":"https:\/\/cmykprinted.com\/fi\/wp-json\/wp\/v2\/product_cat?post=2511"},{"taxonomy":"product_tag","embeddable":true,"href":"https:\/\/cmykprinted.com\/fi\/wp-json\/wp\/v2\/product_tag?post=2511"}],"curies":[{"name":"wp","href":"https:\/\/api.w.org\/{rel}","templated":true}]}}