{"id":2524,"date":"2025-05-16T07:24:19","date_gmt":"2025-05-16T07:24:19","guid":{"rendered":"https:\/\/cmykprinted.com\/?post_type=product&#038;p=2524"},"modified":"2025-05-16T07:24:19","modified_gmt":"2025-05-16T07:24:19","slug":"custom-table-cloths-for-6-foot-table","status":"publish","type":"product","link":"https:\/\/cmykprinted.com\/fi\/tuote\/raataloidyt-poytaliinat-6-jalkaiselle-poydalle\/","title":{"rendered":"Mukautetut p\u00f6yt\u00e4liinat 6 jalan p\u00f6yd\u00e4lle"},"content":{"rendered":"","protected":false},"excerpt":{"rendered":"<p>Mittatilausty\u00f6n\u00e4 tehdyt p\u00f6yt\u00e4liinat 1,8 metrin p\u00f6yd\u00e4lle \u2013 Personoitua tyylikkyytt\u00e4 ja toimivuutta<\/p>\n<p>Muunna mik\u00e4 tahansa tapahtuma, messu tai ruokailutila ensiluokkaisilla mittatilausty\u00f6n\u00e4 tehdyill\u00e4 p\u00f6yt\u00e4liinoillamme 6 jalan (noin 183 cm) p\u00f6ydille. P\u00f6yt\u00e4liinamme on suunniteltu sopimaan t\u00e4ydellisesti tavallisiin 6 jalan (noin 183 cm) suorakaiteen muotoisiin p\u00f6ytiin (yleens\u00e4 183 cm pitk\u00e4, 76 cm leve\u00e4 ja 75\u201376 cm korkea), ja ne tarjoavat ihanteellisen yhdistelm\u00e4n r\u00e4\u00e4t\u00e4l\u00f6ity\u00e4 muotoilua, korkealaatuista kangasta ja yksil\u00f6llist\u00e4 tyyli\u00e4. Br\u00e4nd\u00e4\u00e4tp\u00e4 yrityst\u00e4si tai kohennat kotisi sisustusta, n\u00e4m\u00e4 mittatilausty\u00f6n\u00e4 tehdyt p\u00f6yt\u00e4liinat ovat sek\u00e4 kauniita ett\u00e4 k\u00e4yt\u00e4nn\u00f6llisi\u00e4.<\/p>\n<p>R\u00e4\u00e4t\u00e4l\u00f6ity istuvuus ammattimaiseen ilmeeseen<br \/>\nMittatilausty\u00f6n\u00e4 tehdyt p\u00f6yt\u00e4liinamme on valmistettu tarkasti, jotta ne istuisivat tiiviisti ja tyylikk\u00e4\u00e4sti 1,8 metrin korkuiselle p\u00f6yd\u00e4lle. Mittasuhteet on suunniteltu laskeutumaan tasaisesti kaikilta sivuilta, mik\u00e4 antaa siistin ja rypytt\u00f6m\u00e4n ulkon\u00e4\u00f6n ja parantaa esityksesi tai tapahtumasi estetiikkaa. K\u00e4ytettiinp\u00e4 niit\u00e4 sitten virallisissa banketeissa, n\u00e4yttelyiss\u00e4 tai rennommissa kokoontumisissa, istuva tyyli lis\u00e4\u00e4 ripauksen ammattimaisuutta ja hienostuneisuutta.<\/p>\n<div style=\"width: 1280px;\" class=\"wp-video\"><!--[if lt IE 9]><script>document.createElement('video');<\/script><![endif]--><br \/>\n<video class=\"wp-video-shortcode\" id=\"video-2524-1\" width=\"1280\" height=\"720\" preload=\"metadata\" controls=\"controls\"><source type=\"video\/mp4\" src=\"https:\/\/cmykprinted.com\/wp-content\/uploads\/2025\/05\/Logo-Table-Covers-for-Trade-Shows-01.mp4?_=1\" \/><a href=\"https:\/\/cmykprinted.com\/wp-content\/uploads\/2025\/05\/Logo-Table-Covers-for-Trade-Shows-01.mp4\">https:\/\/cmykprinted.com\/wp-content\/uploads\/2025\/05\/Logo-Table-Covers-for-Trade-Shows-01.mp4<\/a><\/video><\/div>","protected":false},"featured_media":2527,"template":"","meta":{"_kad_post_transparent":"default","_kad_post_title":"hide","_kad_post_layout":"fullwidth","_kad_post_sidebar_id":"","_kad_post_content_style":"unboxed","_kad_post_vertical_padding":"hide","_kad_post_feature":"hide","_kad_post_feature_position":"","_kad_post_header":false,"_kad_post_footer":false},"product_cat":[80,81],"product_tag":[563,158,562],"class_list":{"0":"post-2524","1":"product","2":"type-product","3":"status-publish","4":"has-post-thumbnail","6":"product_cat-custom-tablecloth","7":"product_cat-custom-stretch-tablecloth","8":"product_tag-custom-table-cloths","9":"product_tag-custom-tablecloth","10":"product_tag-tablecloth-for-6-foot-table","12":"first","13":"instock","14":"shipping-taxable","15":"product-type-simple","16":"entry","17":"content-bg","18":"loop-entry"},"_links":{"self":[{"href":"https:\/\/cmykprinted.com\/fi\/wp-json\/wp\/v2\/product\/2524","targetHints":{"allow":["GET"]}}],"collection":[{"href":"https:\/\/cmykprinted.com\/fi\/wp-json\/wp\/v2\/product"}],"about":[{"href":"https:\/\/cmykprinted.com\/fi\/wp-json\/wp\/v2\/types\/product"}],"version-history":[{"count":2,"href":"https:\/\/cmykprinted.com\/fi\/wp-json\/wp\/v2\/product\/2524\/revisions"}],"predecessor-version":[{"id":2530,"href":"https:\/\/cmykprinted.com\/fi\/wp-json\/wp\/v2\/product\/2524\/revisions\/2530"}],"wp:featuredmedia":[{"embeddable":true,"href":"https:\/\/cmykprinted.com\/fi\/wp-json\/wp\/v2\/media\/2527"}],"wp:attachment":[{"href":"https:\/\/cmykprinted.com\/fi\/wp-json\/wp\/v2\/media?parent=2524"}],"wp:term":[{"taxonomy":"product_cat","embeddable":true,"href":"https:\/\/cmykprinted.com\/fi\/wp-json\/wp\/v2\/product_cat?post=2524"},{"taxonomy":"product_tag","embeddable":true,"href":"https:\/\/cmykprinted.com\/fi\/wp-json\/wp\/v2\/product_tag?post=2524"}],"curies":[{"name":"wp","href":"https:\/\/api.w.org\/{rel}","templated":true}]}}