{"id":2533,"date":"2025-05-19T07:28:34","date_gmt":"2025-05-19T07:28:34","guid":{"rendered":"https:\/\/cmykprinted.com\/?post_type=product&#038;p=2533"},"modified":"2025-05-19T07:28:34","modified_gmt":"2025-05-19T07:28:34","slug":"ez-tube-trade-show-tension-fabric-displays","status":"publish","type":"product","link":"https:\/\/cmykprinted.com\/fi\/tuote\/ez-putki-messut-jannitetty-kangas-naytot\/","title":{"rendered":"EZ Tube -messujen j\u00e4nnityskankaiden esittelyt"},"content":{"rendered":"","protected":false},"excerpt":{"rendered":"<p>EZ Tube -messujen kangasn\u00e4yt\u00f6t ovat kevyit\u00e4 ja kannettavia n\u00e4ytt\u00f6j\u00e4rjestelmi\u00e4, jotka on suunniteltu messuille, n\u00e4yttelyihin ja promootiotilaisuuksiin. N\u00e4iss\u00e4 n\u00e4yt\u00f6iss\u00e4 on kest\u00e4v\u00e4 alumiiniputkirunko, joka napsahtaa helposti yhteen ilman ty\u00f6kaluja. Mittatilausty\u00f6n\u00e4 painettu, joustava kangasgrafiikka liukuu rungon yli tyynyliinan tavoin, mik\u00e4 luo sile\u00e4n ja rypytt\u00f6m\u00e4n ulkon\u00e4\u00f6n. Eloisat, korkearesoluutioiset grafiikat on sublimoitu pitk\u00e4kestoisen v\u00e4rin ja iskun takaamiseksi. EZ Tube -n\u00e4ytt\u00f6j\u00e4 on saatavana eri kokoisina ja tyylein\u00e4, mukaan lukien taustoina, torneina, tiskein\u00e4 ja riippuvina kylttein\u00e4. Ne on helppo koota, purkaa ja kuljettaa, mik\u00e4 tekee niist\u00e4 suositun valinnan yrityksille, jotka etsiv\u00e4t ammattimaista ja k\u00e4tev\u00e4\u00e4 br\u00e4nd\u00e4ysratkaisua liikkeell\u00e4 ollessaan. EZ Tube -n\u00e4yt\u00f6t yhdist\u00e4v\u00e4t tyylin, toimivuuden ja helppok\u00e4ytt\u00f6isyyden yhteen kompaktiin pakettiin, ja ne sopivat erinomaisesti katseenvangitsevan l\u00e4sn\u00e4olon luomiseen.<\/p>\n<div style=\"width: 1280px;\" class=\"wp-video\"><!--[if lt IE 9]><script>document.createElement('video');<\/script><![endif]--><br \/>\n<video class=\"wp-video-shortcode\" id=\"video-2533-1\" width=\"1280\" height=\"720\" preload=\"metadata\" controls=\"controls\"><source type=\"video\/mp4\" src=\"https:\/\/cmykprinted.com\/wp-content\/uploads\/2024\/04\/custom-tension-fabric-display.mp4?_=1\" \/><a href=\"https:\/\/cmykprinted.com\/wp-content\/uploads\/2024\/04\/custom-tension-fabric-display.mp4\">https:\/\/cmykprinted.com\/wp-content\/uploads\/2024\/04\/custom-tension-fabric-display.mp4<\/a><\/video><\/div>\n<p>&nbsp;<\/p>\n<p>&nbsp;<\/p>","protected":false},"featured_media":2541,"template":"","meta":{"_kad_post_transparent":"default","_kad_post_title":"hide","_kad_post_layout":"fullwidth","_kad_post_sidebar_id":"","_kad_post_content_style":"unboxed","_kad_post_vertical_padding":"hide","_kad_post_feature":"hide","_kad_post_feature_position":"","_kad_post_header":false,"_kad_post_footer":false},"product_cat":[97,99],"product_tag":[565,134,564],"class_list":{"0":"post-2533","1":"product","2":"type-product","3":"status-publish","4":"has-post-thumbnail","6":"product_cat-tension-fabric-displays","7":"product_cat-custom-fabric-displays","8":"product_tag-ez-tube-fabric-displays","9":"product_tag-tension-fabric-displays","10":"product_tag-trade-show-tension-fabric-displays","12":"first","13":"instock","14":"shipping-taxable","15":"product-type-simple","16":"entry","17":"content-bg","18":"loop-entry"},"_links":{"self":[{"href":"https:\/\/cmykprinted.com\/fi\/wp-json\/wp\/v2\/product\/2533","targetHints":{"allow":["GET"]}}],"collection":[{"href":"https:\/\/cmykprinted.com\/fi\/wp-json\/wp\/v2\/product"}],"about":[{"href":"https:\/\/cmykprinted.com\/fi\/wp-json\/wp\/v2\/types\/product"}],"version-history":[{"count":1,"href":"https:\/\/cmykprinted.com\/fi\/wp-json\/wp\/v2\/product\/2533\/revisions"}],"predecessor-version":[{"id":2542,"href":"https:\/\/cmykprinted.com\/fi\/wp-json\/wp\/v2\/product\/2533\/revisions\/2542"}],"wp:featuredmedia":[{"embeddable":true,"href":"https:\/\/cmykprinted.com\/fi\/wp-json\/wp\/v2\/media\/2541"}],"wp:attachment":[{"href":"https:\/\/cmykprinted.com\/fi\/wp-json\/wp\/v2\/media?parent=2533"}],"wp:term":[{"taxonomy":"product_cat","embeddable":true,"href":"https:\/\/cmykprinted.com\/fi\/wp-json\/wp\/v2\/product_cat?post=2533"},{"taxonomy":"product_tag","embeddable":true,"href":"https:\/\/cmykprinted.com\/fi\/wp-json\/wp\/v2\/product_tag?post=2533"}],"curies":[{"name":"wp","href":"https:\/\/api.w.org\/{rel}","templated":true}]}}