{"id":2545,"date":"2025-05-19T09:09:51","date_gmt":"2025-05-19T09:09:51","guid":{"rendered":"https:\/\/cmykprinted.com\/?post_type=product&#038;p=2545"},"modified":"2025-05-19T09:09:51","modified_gmt":"2025-05-19T09:09:51","slug":"custom-step-and-repeat-logo-wall-backdrop","status":"publish","type":"product","link":"https:\/\/cmykprinted.com\/fi\/tuote\/raataloity-step-ja-repeat-logo-seina-tausta\/","title":{"rendered":"Mukautettu Step and Repeat -logo sein\u00e4taustalle"},"content":{"rendered":"","protected":false},"excerpt":{"rendered":"<p>Custom Step and Repeat -logosein\u00e4tausta on ammattimainen ja huomiota her\u00e4tt\u00e4v\u00e4 ratkaisu tapahtumiin, punaisille matoille, lehdist\u00f6tilaisuuksiin ja kuvaustilaisuuksiin. T\u00e4m\u00e4 tausta on suunniteltu n\u00e4ytt\u00e4m\u00e4\u00e4n logoja toistuvassa kuviossa, mik\u00e4 parantaa br\u00e4ndin n\u00e4kyvyytt\u00e4 ja luo tyylikk\u00e4\u00e4n, vaikuttavan ymp\u00e4rist\u00f6n. Siin\u00e4 on kest\u00e4v\u00e4, s\u00e4\u00e4dett\u00e4v\u00e4 kehys ja korkealaatuinen kangas- tai vinyylipainatus, joka on suunniteltu mittatilausty\u00f6n\u00e4 logoillasi tai grafiikoillasi. Helppo asentaa ja kuljettaa, ja se sopii t\u00e4ydellisesti mainostapahtumiin, mediaseiniin tai sponsorointin\u00e4yt\u00f6ksiin. Saumaton muotoilu varmistaa siistin ja ammattimaisen ulkon\u00e4\u00f6n jokaisessa valokuvassa. Step and Repeat -taustakuva sopii erinomaisesti markkinointiin, PR:\u00e4\u00e4n tai yritysbr\u00e4nd\u00e4ykseen, ja se tarjoaa sek\u00e4 tyyli\u00e4 ett\u00e4 n\u00e4kyvyytt\u00e4 yhdess\u00e4 monipuolisessa n\u00e4yt\u00f6ss\u00e4.<\/p>\n<div style=\"width: 1280px;\" class=\"wp-video\"><!--[if lt IE 9]><script>document.createElement('video');<\/script><![endif]--><br \/>\n<video class=\"wp-video-shortcode\" id=\"video-2545-1\" width=\"1280\" height=\"720\" preload=\"metadata\" controls=\"controls\"><source type=\"video\/mp4\" src=\"https:\/\/cmykprinted.com\/wp-content\/uploads\/2025\/05\/Custom-Step-and-Repeat-Backdrop.mp4?_=1\" \/><a href=\"https:\/\/cmykprinted.com\/wp-content\/uploads\/2025\/05\/Custom-Step-and-Repeat-Backdrop.mp4\">https:\/\/cmykprinted.com\/wp-content\/uploads\/2025\/05\/Custom-Step-and-Repeat-Backdrop.mp4<\/a><\/video><\/div>","protected":false},"featured_media":2548,"template":"","meta":{"_kad_post_transparent":"default","_kad_post_title":"hide","_kad_post_layout":"fullwidth","_kad_post_sidebar_id":"","_kad_post_content_style":"unboxed","_kad_post_vertical_padding":"hide","_kad_post_feature":"hide","_kad_post_feature_position":"","_kad_post_header":false,"_kad_post_footer":false},"product_cat":[97,98],"product_tag":[567,566,568],"class_list":{"0":"post-2545","1":"product","2":"type-product","3":"status-publish","4":"has-post-thumbnail","6":"product_cat-tension-fabric-displays","7":"product_cat-curved-tension-fabric-pop-up-displays","8":"product_tag-custom-step-and-repeat-backdrop","9":"product_tag-logo-wall-backdrop","10":"product_tag-step-and-repeat-logo-backdrop","12":"first","13":"instock","14":"shipping-taxable","15":"product-type-simple","16":"entry","17":"content-bg","18":"loop-entry"},"_links":{"self":[{"href":"https:\/\/cmykprinted.com\/fi\/wp-json\/wp\/v2\/product\/2545","targetHints":{"allow":["GET"]}}],"collection":[{"href":"https:\/\/cmykprinted.com\/fi\/wp-json\/wp\/v2\/product"}],"about":[{"href":"https:\/\/cmykprinted.com\/fi\/wp-json\/wp\/v2\/types\/product"}],"version-history":[{"count":1,"href":"https:\/\/cmykprinted.com\/fi\/wp-json\/wp\/v2\/product\/2545\/revisions"}],"predecessor-version":[{"id":2552,"href":"https:\/\/cmykprinted.com\/fi\/wp-json\/wp\/v2\/product\/2545\/revisions\/2552"}],"wp:featuredmedia":[{"embeddable":true,"href":"https:\/\/cmykprinted.com\/fi\/wp-json\/wp\/v2\/media\/2548"}],"wp:attachment":[{"href":"https:\/\/cmykprinted.com\/fi\/wp-json\/wp\/v2\/media?parent=2545"}],"wp:term":[{"taxonomy":"product_cat","embeddable":true,"href":"https:\/\/cmykprinted.com\/fi\/wp-json\/wp\/v2\/product_cat?post=2545"},{"taxonomy":"product_tag","embeddable":true,"href":"https:\/\/cmykprinted.com\/fi\/wp-json\/wp\/v2\/product_tag?post=2545"}],"curies":[{"name":"wp","href":"https:\/\/api.w.org\/{rel}","templated":true}]}}