{"id":2556,"date":"2025-05-20T09:02:02","date_gmt":"2025-05-20T09:02:02","guid":{"rendered":"https:\/\/cmykprinted.com\/?post_type=product&#038;p=2556"},"modified":"2025-05-20T09:02:02","modified_gmt":"2025-05-20T09:02:02","slug":"cheap-step-and-repeat-backdrop-with-stand","status":"publish","type":"product","link":"https:\/\/cmykprinted.com\/fi\/tuote\/halpa-step-and-repeat-tausta-jalustalla\/","title":{"rendered":"Edullinen askel- ja toistotausta jalustalla"},"content":{"rendered":"","protected":false},"excerpt":{"rendered":"<p>Luo ammattimainen kuvaustilaisuus seuraavassa tapahtumassasi t\u00e4ll\u00e4 Step and Repeat -taustakuvalla ja jalustalla. T\u00e4m\u00e4 tausta sopii erinomaisesti punaisen maton tapahtumiin, lehdist\u00f6tilaisuuksiin, messuille, h\u00e4ihin ja yritystilaisuuksiin. Siin\u00e4 on muokattavissa oleva kangasbanneri, johon on tyypillisesti painettu toistuvia logoja tai br\u00e4nd\u00e4yskuvioita.<\/p>\n<p>Kest\u00e4v\u00e4st\u00e4 ja rypistym\u00e4tt\u00f6m\u00e4st\u00e4 polyesterikankaasta valmistettu banneri tarjoaa korkearesoluutioisen tulostuslaadun eloisiin ja huomiota her\u00e4tt\u00e4viin esillepanoihin. Tukeva alumiinijalusta on s\u00e4\u00e4dett\u00e4viss\u00e4 sek\u00e4 korkeus- ett\u00e4 leveyssuunnassa, joten se sopii erikokoisille bannereille, tyypillisesti jopa 2,4 x 2,4 metrin kokoisille. Helppo koota ja purkaa, ja siin\u00e4 on teleskooppitangot ja turvalliset lukitusmekanismit vakaan asennuksen takaamiseksi. Mukana tulee kantolaukku k\u00e4tev\u00e4\u00e4 kuljetusta ja s\u00e4ilytyst\u00e4 varten.<\/p>\n<p>T\u00e4m\u00e4 tausta ei ainoastaan \u200b\u200bparanna br\u00e4ndin n\u00e4kyvyytt\u00e4, vaan lis\u00e4\u00e4 my\u00f6s ripauksen eleganssia ja ammattimaisuutta mihin tahansa ymp\u00e4rist\u00f6\u00f6n. Olipa kyseess\u00e4 mainoskuvat, haastattelut tai erityiset juhlat, Step and Repeat -taustakuva varmistaa, ett\u00e4 tapahtumasi j\u00e4tt\u00e4\u00e4 pysyv\u00e4n vaikutuksen.<\/p>\n<div style=\"width: 720px;\" class=\"wp-video\"><!--[if lt IE 9]><script>document.createElement('video');<\/script><![endif]--><br \/>\n<video class=\"wp-video-shortcode\" id=\"video-2556-1\" width=\"720\" height=\"720\" preload=\"metadata\" controls=\"controls\"><source type=\"video\/mp4\" src=\"https:\/\/cmykprinted.com\/wp-content\/uploads\/2025\/05\/\u89c6\u9891-383512795067.mp4?_=1\" \/><a href=\"https:\/\/cmykprinted.com\/wp-content\/uploads\/2025\/05\/\u89c6\u9891-383512795067.mp4\">https:\/\/cmykprinted.com\/wp-content\/uploads\/2025\/05\/\u89c6\u9891-383512795067.mp4<\/a><\/video><\/div>\n<div style=\"width: 540px;\" class=\"wp-video\"><video class=\"wp-video-shortcode\" id=\"video-2556-2\" width=\"540\" height=\"540\" preload=\"metadata\" controls=\"controls\"><source type=\"video\/mp4\" src=\"https:\/\/cmykprinted.com\/wp-content\/uploads\/2025\/05\/Step-and-Repeat-Backdrop-with-Stand.mp4?_=2\" \/><a href=\"https:\/\/cmykprinted.com\/wp-content\/uploads\/2025\/05\/Step-and-Repeat-Backdrop-with-Stand.mp4\">https:\/\/cmykprinted.com\/wp-content\/uploads\/2025\/05\/Step-and-Repeat-Backdrop-with-Stand.mp4<\/a><\/video><\/div>","protected":false},"featured_media":2561,"template":"","meta":{"_kad_post_transparent":"default","_kad_post_title":"hide","_kad_post_layout":"fullwidth","_kad_post_sidebar_id":"","_kad_post_content_style":"unboxed","_kad_post_vertical_padding":"hide","_kad_post_feature":"hide","_kad_post_feature_position":"","_kad_post_header":false,"_kad_post_footer":false},"product_cat":[97,98],"product_tag":[567,566,568],"class_list":{"0":"post-2556","1":"product","2":"type-product","3":"status-publish","4":"has-post-thumbnail","6":"product_cat-tension-fabric-displays","7":"product_cat-curved-tension-fabric-pop-up-displays","8":"product_tag-custom-step-and-repeat-backdrop","9":"product_tag-logo-wall-backdrop","10":"product_tag-step-and-repeat-logo-backdrop","12":"first","13":"instock","14":"shipping-taxable","15":"product-type-simple","16":"entry","17":"content-bg","18":"loop-entry"},"_links":{"self":[{"href":"https:\/\/cmykprinted.com\/fi\/wp-json\/wp\/v2\/product\/2556","targetHints":{"allow":["GET"]}}],"collection":[{"href":"https:\/\/cmykprinted.com\/fi\/wp-json\/wp\/v2\/product"}],"about":[{"href":"https:\/\/cmykprinted.com\/fi\/wp-json\/wp\/v2\/types\/product"}],"version-history":[{"count":1,"href":"https:\/\/cmykprinted.com\/fi\/wp-json\/wp\/v2\/product\/2556\/revisions"}],"predecessor-version":[{"id":2567,"href":"https:\/\/cmykprinted.com\/fi\/wp-json\/wp\/v2\/product\/2556\/revisions\/2567"}],"wp:featuredmedia":[{"embeddable":true,"href":"https:\/\/cmykprinted.com\/fi\/wp-json\/wp\/v2\/media\/2561"}],"wp:attachment":[{"href":"https:\/\/cmykprinted.com\/fi\/wp-json\/wp\/v2\/media?parent=2556"}],"wp:term":[{"taxonomy":"product_cat","embeddable":true,"href":"https:\/\/cmykprinted.com\/fi\/wp-json\/wp\/v2\/product_cat?post=2556"},{"taxonomy":"product_tag","embeddable":true,"href":"https:\/\/cmykprinted.com\/fi\/wp-json\/wp\/v2\/product_tag?post=2556"}],"curies":[{"name":"wp","href":"https:\/\/api.w.org\/{rel}","templated":true}]}}