{"id":2582,"date":"2025-05-21T06:04:22","date_gmt":"2025-05-21T06:04:22","guid":{"rendered":"https:\/\/cmykprinted.com\/?post_type=product&#038;p=2582"},"modified":"2025-05-21T06:04:22","modified_gmt":"2025-05-21T06:04:22","slug":"custom-feather-flags-australia-queensland-beach-banners","status":"publish","type":"product","link":"https:\/\/cmykprinted.com\/fi\/tuote\/raataloidyt-sulka-liput-australia-queensland-rantamainokset\/","title":{"rendered":"Mukautetut h\u00f6yhenliput Australia Queensland Beach Bannerit"},"content":{"rendered":"","protected":false},"excerpt":{"rendered":"<p>R\u00e4\u00e4t\u00e4l\u00f6idyt h\u00f6yhenliput ovat eloisa ja tehokas tapa mainostaa yrityst\u00e4si, br\u00e4ndi\u00e4si tai tapahtumaasi kaikkialla Australiassa. N\u00e4m\u00e4 huomiota her\u00e4tt\u00e4v\u00e4t bannerit on suunniteltu n\u00e4ytt\u00e4m\u00e4\u00e4n hyv\u00e4lt\u00e4 ulkoilmamarkkinoilta, myym\u00e4l\u00f6iden julkisivuilta, festivaaleilta, urheilutapahtumista ja messuilta. Olitpa sitten pienyritys tai kansallinen br\u00e4ndi, h\u00f6yhenliput tarjoavat ammattimaisen ja edullisen mainosratkaisun.<\/p>\n<p>Australian vaihtelevassa ilmastossa h\u00f6yhenlippumme on tehty kest\u00e4m\u00e4\u00e4n. Ne on valmistettu kest\u00e4v\u00e4st\u00e4 polyesterikankaasta ja painettu UV-kest\u00e4vill\u00e4 musteilla, joten ne kest\u00e4v\u00e4t kovaa aurinkoa, tuulta ja sadetta. Kevyen rakenteensa ansiosta ne on helppo pystytt\u00e4\u00e4, kuljettaa ja siirt\u00e4\u00e4 tarvittaessa.<\/p>\n<p>Voit valita yksi- tai kaksipuolisen painatuksen n\u00e4kyvyystarpeidesi mukaan. Jokainen lippu voidaan r\u00e4\u00e4t\u00e4l\u00f6id\u00e4 t\u00e4ysin logollasi, v\u00e4reill\u00e4si ja viestill\u00e4si, mik\u00e4 auttaa sinua erottumaan miss\u00e4 tahansa paikassa. Saatavilla on erilaisia \u200b\u200bkokoja ja jalustoja erilaisille pinnoille \u2013 tarvitsetpa sitten maapiikkej\u00e4 rannoille ja pelloille tai ristikk\u00e4isi\u00e4 jalustoja vesipusseilla betonille tai sis\u00e4tiloihin.<\/p>\n<p>Melbournesta Brisbaneen, Sydneyst\u00e4 Perthiin, toimitamme yrityksille ymp\u00e4ri maata r\u00e4\u00e4t\u00e4l\u00f6ityj\u00e4 h\u00f6yhenlippuja, jotka on nopea valmistaa ja helppo asentaa. Tiimimme on t\u00e4\u00e4ll\u00e4 tukemassa sinua suunnittelussa, painatuksessa ja toimituksessa varmistaen sujuvan ja luotettavan kokemuksen joka kerta.<\/p>\n<p>Valitse Custom Feather Flags Australia parantaaksesi br\u00e4ndisi l\u00e4sn\u00e4oloa ja her\u00e4tt\u00e4\u00e4ksesi huomiota miss\u00e4 tahansa menetkin.<\/p>","protected":false},"featured_media":2584,"template":"","meta":{"_kad_post_transparent":"default","_kad_post_title":"hide","_kad_post_layout":"fullwidth","_kad_post_sidebar_id":"","_kad_post_content_style":"unboxed","_kad_post_vertical_padding":"hide","_kad_post_feature":"hide","_kad_post_feature_position":"","_kad_post_header":false,"_kad_post_footer":false},"product_cat":[64,65,66,67],"product_tag":[321,573,574,575],"class_list":{"0":"post-2582","1":"product","2":"type-product","3":"status-publish","4":"has-post-thumbnail","6":"product_cat-beach-flags","7":"product_cat-feather-flags-banners","8":"product_cat-rectangular-flags-banners","9":"product_cat-teardrop-flags-banners","10":"product_tag-custom-feather-flags","11":"product_tag-feather-flags-australia","12":"product_tag-feather-flags-queensland","13":"product_tag-queensland-beach-banners","15":"first","16":"instock","17":"shipping-taxable","18":"product-type-simple","19":"entry","20":"content-bg","21":"loop-entry"},"_links":{"self":[{"href":"https:\/\/cmykprinted.com\/fi\/wp-json\/wp\/v2\/product\/2582","targetHints":{"allow":["GET"]}}],"collection":[{"href":"https:\/\/cmykprinted.com\/fi\/wp-json\/wp\/v2\/product"}],"about":[{"href":"https:\/\/cmykprinted.com\/fi\/wp-json\/wp\/v2\/types\/product"}],"version-history":[{"count":1,"href":"https:\/\/cmykprinted.com\/fi\/wp-json\/wp\/v2\/product\/2582\/revisions"}],"predecessor-version":[{"id":2590,"href":"https:\/\/cmykprinted.com\/fi\/wp-json\/wp\/v2\/product\/2582\/revisions\/2590"}],"wp:featuredmedia":[{"embeddable":true,"href":"https:\/\/cmykprinted.com\/fi\/wp-json\/wp\/v2\/media\/2584"}],"wp:attachment":[{"href":"https:\/\/cmykprinted.com\/fi\/wp-json\/wp\/v2\/media?parent=2582"}],"wp:term":[{"taxonomy":"product_cat","embeddable":true,"href":"https:\/\/cmykprinted.com\/fi\/wp-json\/wp\/v2\/product_cat?post=2582"},{"taxonomy":"product_tag","embeddable":true,"href":"https:\/\/cmykprinted.com\/fi\/wp-json\/wp\/v2\/product_tag?post=2582"}],"curies":[{"name":"wp","href":"https:\/\/api.w.org\/{rel}","templated":true}]}}