{"id":2591,"date":"2025-05-21T09:11:06","date_gmt":"2025-05-21T09:11:06","guid":{"rendered":"https:\/\/cmykprinted.com\/?post_type=product&#038;p=2591"},"modified":"2025-05-23T14:07:36","modified_gmt":"2025-05-23T14:07:36","slug":"custom-printed-promotional-tablecloths-australia","status":"publish","type":"product","link":"https:\/\/cmykprinted.com\/fi\/tuote\/raataloidyt-painetut-mainospoytaliinat-australia\/","title":{"rendered":"Mukautetut painetut mainosp\u00f6yt\u00e4liinat Australiassa"},"content":{"rendered":"","protected":false},"excerpt":{"rendered":"<p data-start=\"197\" data-end=\"540\">Mittatilausty\u00f6n\u00e4 painetut mainosp\u00f6yt\u00e4liinat ovat olennainen br\u00e4nd\u00e4ysty\u00f6kalu yrityksille ja organisaatioille, jotka haluavat luoda ammattimaisen ja huomiota her\u00e4tt\u00e4v\u00e4n esillepanon messuilla, n\u00e4yttelyiss\u00e4, tuotelanseerauksissa ja muissa tapahtumissa ymp\u00e4ri Australiaa. N\u00e4m\u00e4 p\u00f6yt\u00e4liinat on suunniteltu parantamaan n\u00e4kyvyytt\u00e4 ja br\u00e4ndin l\u00e4sn\u00e4oloa, ja ne tarjoavat sek\u00e4 toiminnallisuutta ett\u00e4 tyyli\u00e4.<\/p>\n<p data-start=\"542\" data-end=\"865\">P\u00f6yt\u00e4liinamme on valmistettu korkealaatuisesta polyesterikankaasta, joka tunnetaan kest\u00e4vyydest\u00e4\u00e4n, rypistym\u00e4tt\u00f6myydest\u00e4\u00e4n ja eloisasta v\u00e4rintoistostaan. Edistyneen sublimaatiopainatuksen avulla voimme r\u00e4\u00e4t\u00e4l\u00f6id\u00e4 p\u00f6yt\u00e4liinasi t\u00e4ysin logoilla, iskulauseilla, grafiikoilla tai koko pinnan malleilla \u2013 varmistaen, ett\u00e4 br\u00e4ndisi huomataan joka kulmasta.<\/p>\n<p data-start=\"867\" data-end=\"931\">Tarjoamme erilaisia \u200b\u200btyylej\u00e4 erilaisiin tarpeisiin, mukaan lukien:<\/p>\n<ul data-start=\"932\" data-end=\"1201\">\n<li data-start=\"932\" data-end=\"1022\">\n<p data-start=\"934\" data-end=\"1022\"><strong data-start=\"934\" data-end=\"961\">Irtop\u00f6yt\u00e4liinat<\/strong> \u2013 Monipuolinen vaihtoehto, joka sopii useimpiin vakiomallisiin pukkip\u00f6ytiin.<\/p>\n<\/li>\n<li data-start=\"1023\" data-end=\"1105\">\n<p data-start=\"1025\" data-end=\"1105\"><strong data-start=\"1025\" data-end=\"1048\">Istutetut p\u00f6yt\u00e4liinat<\/strong> \u2013 Tarjoaa puhtaan, r\u00e4\u00e4t\u00e4l\u00f6idyn ulkon\u00e4\u00f6n ter\u00e4vill\u00e4 linjoilla.<\/p>\n<\/li>\n<li data-start=\"1106\" data-end=\"1201\">\n<p data-start=\"1108\" data-end=\"1201\"><strong data-start=\"1108\" data-end=\"1132\">Stretch Table Covers<\/strong> \u2013 Modernit ja tyylikk\u00e4\u00e4t, n\u00e4m\u00e4 tarjoavat napakan istuvuuden ja rypytt\u00f6m\u00e4n ulkon\u00e4\u00f6n.<\/p>\n<\/li>\n<\/ul>\n<p data-start=\"1203\" data-end=\"1377\">Saatavilla koot 1,2 m, 1,8 m ja 2,4 m p\u00f6ydille, ja erikoiskokoja saatavilla pyynn\u00f6st\u00e4. Vaihtoehtoja ovat avoin selk\u00e4noja (istuvaa henkil\u00f6kuntaa tai varastotilan k\u00e4ytt\u00f6\u00e4 varten) tai suljettu selk\u00e4noja.<\/p>\n<p data-start=\"1379\" data-end=\"1529\">N\u00e4m\u00e4 mainosp\u00f6yt\u00e4liinat sopivat t\u00e4ydellisesti sek\u00e4 sis\u00e4- ett\u00e4 ulkok\u00e4ytt\u00f6\u00f6n, ja ne ovat konepest\u00e4vi\u00e4 ja uudelleenk\u00e4ytett\u00e4vi\u00e4 \u2013 mik\u00e4 tekee niist\u00e4 kustannustehokkaan markkinointiinvestoinnin.<\/p>\n<p data-start=\"1531\" data-end=\"1673\">Olitpa sitten n\u00e4yttelyss\u00e4 Sydneyss\u00e4, Melbournessa, Brisbanessa tai Perthiss\u00e4, mittatilausty\u00f6n\u00e4 painetut p\u00f6yt\u00e4liinamme auttavat sinua tekem\u00e4\u00e4n vahvan ja kest\u00e4v\u00e4n vaikutuksen.<\/p>\n<div style=\"width: 1280px;\" class=\"wp-video\"><!--[if lt IE 9]><script>document.createElement('video');<\/script><![endif]--><br \/>\n<video class=\"wp-video-shortcode\" id=\"video-2591-1\" width=\"1280\" height=\"720\" preload=\"metadata\" controls=\"controls\"><source type=\"video\/mp4\" src=\"https:\/\/cmykprinted.com\/wp-content\/uploads\/2025\/05\/Promotional-Tablecloths-Australia.mp4?_=1\" \/><a href=\"https:\/\/cmykprinted.com\/wp-content\/uploads\/2025\/05\/Promotional-Tablecloths-Australia.mp4\">https:\/\/cmykprinted.com\/wp-content\/uploads\/2025\/05\/Promotional-Tablecloths-Australia.mp4<\/a><\/video><\/div>","protected":false},"featured_media":2610,"template":"","meta":{"_kad_post_transparent":"default","_kad_post_title":"hide","_kad_post_layout":"fullwidth","_kad_post_sidebar_id":"","_kad_post_content_style":"unboxed","_kad_post_vertical_padding":"hide","_kad_post_feature":"hide","_kad_post_feature_position":"","_kad_post_header":false,"_kad_post_footer":false},"product_cat":[80,81],"product_tag":[577,579,578,576],"class_list":{"0":"post-2591","1":"product","2":"type-product","3":"status-publish","4":"has-post-thumbnail","6":"product_cat-custom-tablecloth","7":"product_cat-custom-stretch-tablecloth","8":"product_tag-custom-printed-promotional-tablecloths","9":"product_tag-custom-printed-tablecloths","10":"product_tag-printed-promotional-tablecloths","11":"product_tag-promotional-tablecloths-australia","13":"first","14":"instock","15":"shipping-taxable","16":"product-type-simple","17":"entry","18":"content-bg","19":"loop-entry"},"_links":{"self":[{"href":"https:\/\/cmykprinted.com\/fi\/wp-json\/wp\/v2\/product\/2591","targetHints":{"allow":["GET"]}}],"collection":[{"href":"https:\/\/cmykprinted.com\/fi\/wp-json\/wp\/v2\/product"}],"about":[{"href":"https:\/\/cmykprinted.com\/fi\/wp-json\/wp\/v2\/types\/product"}],"version-history":[{"count":2,"href":"https:\/\/cmykprinted.com\/fi\/wp-json\/wp\/v2\/product\/2591\/revisions"}],"predecessor-version":[{"id":2611,"href":"https:\/\/cmykprinted.com\/fi\/wp-json\/wp\/v2\/product\/2591\/revisions\/2611"}],"wp:featuredmedia":[{"embeddable":true,"href":"https:\/\/cmykprinted.com\/fi\/wp-json\/wp\/v2\/media\/2610"}],"wp:attachment":[{"href":"https:\/\/cmykprinted.com\/fi\/wp-json\/wp\/v2\/media?parent=2591"}],"wp:term":[{"taxonomy":"product_cat","embeddable":true,"href":"https:\/\/cmykprinted.com\/fi\/wp-json\/wp\/v2\/product_cat?post=2591"},{"taxonomy":"product_tag","embeddable":true,"href":"https:\/\/cmykprinted.com\/fi\/wp-json\/wp\/v2\/product_tag?post=2591"}],"curies":[{"name":"wp","href":"https:\/\/api.w.org\/{rel}","templated":true}]}}