{"id":2602,"date":"2025-05-23T13:50:03","date_gmt":"2025-05-23T13:50:03","guid":{"rendered":"https:\/\/cmykprinted.com\/?post_type=product&#038;p=2602"},"modified":"2025-05-23T13:56:32","modified_gmt":"2025-05-23T13:56:32","slug":"custom-fitted-table-cloth-with-zipper-back-australia","status":"publish","type":"product","link":"https:\/\/cmykprinted.com\/fi\/tuote\/mittatilaustyona-tehty-poytaliina-vetoketjulla-takana-australia\/","title":{"rendered":"Mittatilausty\u00f6n\u00e4 tehty p\u00f6yt\u00e4liina vetoketjulla Australiassa"},"content":{"rendered":"","protected":false},"excerpt":{"rendered":"<p>Nosta br\u00e4ndisi l\u00e4sn\u00e4oloa tapahtumissa, messuilla ja n\u00e4yttelyiss\u00e4 ensiluokkaisella, mittatilausty\u00f6n\u00e4 tehdyll\u00e4 vetoketjullisella p\u00f6yt\u00e4liinallamme \u2013 r\u00e4\u00e4t\u00e4l\u00f6ity erityisesti australialaisille yrityksille. Korkealaatuisesta joustavasta polyesterikankaasta valmistettu p\u00f6yt\u00e4liina on suunniteltu my\u00f6t\u00e4ilem\u00e4\u00e4n p\u00f6yt\u00e4\u00e4si saumattomasti ja luomaan tyylikk\u00e4\u00e4n, ammattimaisen ja erottuvan ilmeen.<\/p>\n<p>Takavetoketju tarjoaa k\u00e4tev\u00e4n p\u00e4\u00e4syn p\u00f6yd\u00e4n alle s\u00e4ilytystilaa varten, pit\u00e4en tavarat piilossa ja varmistaen samalla helpon p\u00e4\u00e4syn markkinointimateriaaleihin, henkil\u00f6kohtaisiin tavaroihin ja varastoon. Saatavilla vakiokokoisiin 4, 6 ja 8 jalan p\u00f6ytiin, jokainen liinalaina on t\u00e4ysin r\u00e4\u00e4t\u00e4l\u00f6it\u00e4viss\u00e4 logollasi, v\u00e4reill\u00e4si ja grafiikoillasi k\u00e4ytt\u00e4m\u00e4ll\u00e4 eloisia t\u00e4ysv\u00e4risi\u00e4 sublimaatiopainatuksia.<\/p>\n<p>Ihanteellinen konferensseihin, messuille, v\u00e4hitt\u00e4ismyyntiin ja promootiotilaisuuksiin. T\u00e4m\u00e4 muotoonommeltu p\u00f6yt\u00e4liina on rypistym\u00e4t\u00f6n, konepest\u00e4v\u00e4 ja uudelleenk\u00e4ytett\u00e4v\u00e4 \u2013 tarjoten pitk\u00e4aikaista arvoa ja br\u00e4ndin\u00e4kyvyytt\u00e4. Suunniteltu ja painettu Australiassa, nopea toimitus ja maanlaajuinen toimitus.<\/p>\n<p>Erotu joukosta ja tee p\u00f6yt\u00e4sessiostasi unohtumaton ammattimaisilla vetoketjullisilla p\u00f6yt\u00e4liinoillamme.<\/p>\n<div style=\"width: 1280px;\" class=\"wp-video\"><!--[if lt IE 9]><script>document.createElement('video');<\/script><![endif]--><br \/>\n<video class=\"wp-video-shortcode\" id=\"video-2602-1\" width=\"1280\" height=\"720\" preload=\"metadata\" controls=\"controls\"><source type=\"video\/mp4\" src=\"https:\/\/cmykprinted.com\/wp-content\/uploads\/2025\/05\/Promotional-Tablecloths-Australia.mp4?_=1\" \/><a href=\"https:\/\/cmykprinted.com\/wp-content\/uploads\/2025\/05\/Promotional-Tablecloths-Australia.mp4\">https:\/\/cmykprinted.com\/wp-content\/uploads\/2025\/05\/Promotional-Tablecloths-Australia.mp4<\/a><\/video><\/div>","protected":false},"featured_media":2609,"template":"","meta":{"_kad_post_transparent":"default","_kad_post_title":"hide","_kad_post_layout":"fullwidth","_kad_post_sidebar_id":"","_kad_post_content_style":"unboxed","_kad_post_vertical_padding":"hide","_kad_post_feature":"hide","_kad_post_feature_position":"","_kad_post_header":false,"_kad_post_footer":false},"product_cat":[80,81],"product_tag":[535,580,581,582],"class_list":{"0":"post-2602","1":"product","2":"type-product","3":"status-publish","4":"has-post-thumbnail","6":"product_cat-custom-tablecloth","7":"product_cat-custom-stretch-tablecloth","8":"product_tag-custom-fitted-table-cloth","9":"product_tag-fitted-table-cloth","10":"product_tag-fitted-table-cloth-with-zipper-back","11":"product_tag-fitted-table-cloth-with-zipper-back-australia","13":"first","14":"instock","15":"shipping-taxable","16":"product-type-simple","17":"entry","18":"content-bg","19":"loop-entry"},"_links":{"self":[{"href":"https:\/\/cmykprinted.com\/fi\/wp-json\/wp\/v2\/product\/2602","targetHints":{"allow":["GET"]}}],"collection":[{"href":"https:\/\/cmykprinted.com\/fi\/wp-json\/wp\/v2\/product"}],"about":[{"href":"https:\/\/cmykprinted.com\/fi\/wp-json\/wp\/v2\/types\/product"}],"version-history":[{"count":1,"href":"https:\/\/cmykprinted.com\/fi\/wp-json\/wp\/v2\/product\/2602\/revisions"}],"predecessor-version":[{"id":2607,"href":"https:\/\/cmykprinted.com\/fi\/wp-json\/wp\/v2\/product\/2602\/revisions\/2607"}],"wp:featuredmedia":[{"embeddable":true,"href":"https:\/\/cmykprinted.com\/fi\/wp-json\/wp\/v2\/media\/2609"}],"wp:attachment":[{"href":"https:\/\/cmykprinted.com\/fi\/wp-json\/wp\/v2\/media?parent=2602"}],"wp:term":[{"taxonomy":"product_cat","embeddable":true,"href":"https:\/\/cmykprinted.com\/fi\/wp-json\/wp\/v2\/product_cat?post=2602"},{"taxonomy":"product_tag","embeddable":true,"href":"https:\/\/cmykprinted.com\/fi\/wp-json\/wp\/v2\/product_tag?post=2602"}],"curies":[{"name":"wp","href":"https:\/\/api.w.org\/{rel}","templated":true}]}}