{"id":2612,"date":"2025-05-26T09:45:45","date_gmt":"2025-05-26T09:45:45","guid":{"rendered":"https:\/\/cmykprinted.com\/?post_type=product&#038;p=2612"},"modified":"2025-05-26T12:51:05","modified_gmt":"2025-05-26T12:51:05","slug":"cheap-custom-stretch-printed-tablecloth-near-me","status":"publish","type":"product","link":"https:\/\/cmykprinted.com\/fi\/tuote\/halpa-mittatilaustyona-joustava-painettu-poytaliina-lahella-minua\/","title":{"rendered":"Halpa r\u00e4\u00e4t\u00e4l\u00f6ity joustava painettu p\u00f6yt\u00e4liina l\u00e4hell\u00e4ni"},"content":{"rendered":"","protected":false},"excerpt":{"rendered":"<p data-start=\"139\" data-end=\"468\">Etsitk\u00f6 edullista tapaa parantaa kojuasi tai esittelyp\u00f6yt\u00e4\u00e4si tapahtumissa? Meid\u00e4n <strong data-start=\"223\" data-end=\"267\">Halvat mittatilausty\u00f6n\u00e4 tehdyt joustavat painetut p\u00f6yt\u00e4liinat<\/strong> ovat t\u00e4ydellinen ratkaisu! N\u00e4m\u00e4 joustavat p\u00f6yt\u00e4liinat on suunniteltu sopimaan tiiviisti vakiokokoisten 6 ja 8 jalan p\u00f6ytien p\u00e4\u00e4lle. Ne luovat siistin ja ammattimaisen ilmeen samalla, kun ne esittelev\u00e4t br\u00e4ndi\u00e4si eloisalla, t\u00e4ysv\u00e4risell\u00e4 painatuksella.<\/p>\n<p data-start=\"470\" data-end=\"837\">N\u00e4m\u00e4 korkealaatuisesta, rypistym\u00e4tt\u00f6m\u00e4st\u00e4 polyesteri-elastaanista valmistetut p\u00e4\u00e4lliset ovat kest\u00e4vi\u00e4, uudelleenk\u00e4ytett\u00e4vi\u00e4 ja konepest\u00e4vi\u00e4. Joustava kangas my\u00f6t\u00e4ilee p\u00f6yd\u00e4n muotoja luoden tyylikk\u00e4\u00e4n ja modernin ulkon\u00e4\u00f6n \u2013 ei klipsej\u00e4 tai nuppineuloja tarvita. Mukauta p\u00e4\u00e4llisi\u00e4 yrityksesi logolla, iskulauseella tai grafiikoilla maksimoidaksesi br\u00e4ndisi n\u00e4kyvyyden messuilla, markkinoilla, expoissa ja yritystapahtumissa.<\/p>\n<p data-start=\"839\" data-end=\"1105\">Saatavilla valinnaisesti avoimella tai suljetulla selk\u00e4nojalla sek\u00e4 vetoketjullisilla vaihtoehdoilla lis\u00e4mukavuutta varten. Olitpa sitten pienyritys, startup-yritys tai valmistautumassa seuraavaan messutapahtumaasi, painetut joustavat p\u00f6yt\u00e4liinamme tarjoavat kustannustehokkaan br\u00e4nd\u00e4ysratkaisun l\u00e4hell\u00e4si.<\/p>\n<p data-start=\"1107\" data-end=\"1265\">Nopea paikallinen toimitus, helppo verkkotilaus ja saatavilla irtotavaranalennuksia. Her\u00e4t\u00e4 huomiota rikkomatta budjettiasi \u2013 tilaa oma mittatilausty\u00f6n\u00e4 tehty joustava p\u00f6yt\u00e4liina jo t\u00e4n\u00e4\u00e4n!<\/p>\n<div style=\"width: 960px;\" class=\"wp-video\"><!--[if lt IE 9]><script>document.createElement('video');<\/script><![endif]--><br \/>\n<video class=\"wp-video-shortcode\" id=\"video-2612-1\" width=\"960\" height=\"544\" preload=\"metadata\" controls=\"controls\"><source type=\"video\/mp4\" src=\"https:\/\/cmykprinted.com\/wp-content\/uploads\/2025\/05\/Custom-Printed-Tablecloth-Stretch.mp4?_=1\" \/><a href=\"https:\/\/cmykprinted.com\/wp-content\/uploads\/2025\/05\/Custom-Printed-Tablecloth-Stretch.mp4\">https:\/\/cmykprinted.com\/wp-content\/uploads\/2025\/05\/Custom-Printed-Tablecloth-Stretch.mp4<\/a><\/video><\/div>","protected":false},"featured_media":2614,"template":"","meta":{"_kad_post_transparent":"default","_kad_post_title":"hide","_kad_post_layout":"fullwidth","_kad_post_sidebar_id":"","_kad_post_content_style":"unboxed","_kad_post_vertical_padding":"hide","_kad_post_feature":"hide","_kad_post_feature_position":"","_kad_post_header":false,"_kad_post_footer":false},"product_cat":[80,81],"product_tag":[585,584,583,586],"class_list":{"0":"post-2612","1":"product","2":"type-product","3":"status-publish","4":"has-post-thumbnail","6":"product_cat-custom-tablecloth","7":"product_cat-custom-stretch-tablecloth","8":"product_tag-cheap-custom-stretch-printed-tablecloth","9":"product_tag-custom-stretch-printed-tablecloth","10":"product_tag-stretch-printed-tablecloth","11":"product_tag-stretch-printed-tablecloth-near-me","13":"first","14":"instock","15":"shipping-taxable","16":"product-type-simple","17":"entry","18":"content-bg","19":"loop-entry"},"_links":{"self":[{"href":"https:\/\/cmykprinted.com\/fi\/wp-json\/wp\/v2\/product\/2612","targetHints":{"allow":["GET"]}}],"collection":[{"href":"https:\/\/cmykprinted.com\/fi\/wp-json\/wp\/v2\/product"}],"about":[{"href":"https:\/\/cmykprinted.com\/fi\/wp-json\/wp\/v2\/types\/product"}],"version-history":[{"count":1,"href":"https:\/\/cmykprinted.com\/fi\/wp-json\/wp\/v2\/product\/2612\/revisions"}],"predecessor-version":[{"id":2615,"href":"https:\/\/cmykprinted.com\/fi\/wp-json\/wp\/v2\/product\/2612\/revisions\/2615"}],"wp:featuredmedia":[{"embeddable":true,"href":"https:\/\/cmykprinted.com\/fi\/wp-json\/wp\/v2\/media\/2614"}],"wp:attachment":[{"href":"https:\/\/cmykprinted.com\/fi\/wp-json\/wp\/v2\/media?parent=2612"}],"wp:term":[{"taxonomy":"product_cat","embeddable":true,"href":"https:\/\/cmykprinted.com\/fi\/wp-json\/wp\/v2\/product_cat?post=2612"},{"taxonomy":"product_tag","embeddable":true,"href":"https:\/\/cmykprinted.com\/fi\/wp-json\/wp\/v2\/product_tag?post=2612"}],"curies":[{"name":"wp","href":"https:\/\/api.w.org\/{rel}","templated":true}]}}