{"id":2620,"date":"2025-05-27T07:13:40","date_gmt":"2025-05-27T07:13:40","guid":{"rendered":"https:\/\/cmykprinted.com\/?post_type=product&#038;p=2620"},"modified":"2025-05-27T07:45:05","modified_gmt":"2025-05-27T07:45:05","slug":"custom-printed-branded-tablecloth-for-events","status":"publish","type":"product","link":"https:\/\/cmykprinted.com\/fi\/tuote\/raataloity-painettu-brandatty-poytaliina-tapahtumiin\/","title":{"rendered":"Mukautettu painettu br\u00e4nd\u00e4tty p\u00f6yt\u00e4liina tapahtumiin"},"content":{"rendered":"","protected":false},"excerpt":{"rendered":"<p>Painettu br\u00e4nd\u00e4tty p\u00f6yt\u00e4liina on olennainen mainosv\u00e4line kaikille yrityksille, jotka osallistuvat tapahtumiin, kuten messuille, n\u00e4yttelyihin, konferensseihin, tuotelanseerauksiin ja markkinointiaktivisaatioihin. Se muuttaa tavallisen p\u00f6yd\u00e4n ammattimaiseksi ja visuaalisesti houkuttelevaksi esillepanoksi, joka auttaa br\u00e4ndi\u00e4si erottumaan vilkkaissa tapahtumaymp\u00e4rist\u00f6iss\u00e4. N\u00e4m\u00e4 korkealaatuisista ja kest\u00e4vist\u00e4 kankaista, kuten polyesterist\u00e4 tai joustavasta spandexista, valmistetut p\u00f6yt\u00e4liinat on suunniteltu sek\u00e4 sis\u00e4- ett\u00e4 ulkok\u00e4ytt\u00f6\u00f6n.<\/p>\n<p>Suunnitteluun kuuluu tyypillisesti logosi, br\u00e4ndisi v\u00e4rit, iskulauseesi ja muut asiaankuuluvat grafiikat, jotka on painettu t\u00e4ysv\u00e4risen\u00e4 sublimaatio- tai digitaalipainatustekniikoilla. T\u00e4m\u00e4 varmistaa eloisat ja kest\u00e4v\u00e4t visuaaliset elementit, jotka eiv\u00e4t haalistu edes useiden pesujen j\u00e4lkeen. Br\u00e4nd\u00e4ttyj\u00e4 p\u00f6yt\u00e4liinoja on saatavilla eri tyyleiss\u00e4 \u2013 kuten istuvina, v\u00e4lj\u00e4sti laskeutuvina tai joustavina \u2013 ja ne voidaan r\u00e4\u00e4t\u00e4l\u00f6id\u00e4 sopimaan vakiokokoisille p\u00f6ydille, kuten 1,2 m, 1,8 m tai 2,4 m, tai r\u00e4\u00e4t\u00e4l\u00f6id\u00e4 ainutlaatuisten p\u00f6yt\u00e4mittojen mukaan.<\/p>\n<p>Valitsitpa sitten kolmisivuisen mallin p\u00f6yd\u00e4naluss\u00e4ilytystilan helpottamiseksi tai nelisivuisen p\u00e4\u00e4llysteen tyylikk\u00e4\u00e4n 360 asteen ilmeen luomiseksi, br\u00e4nd\u00e4tty p\u00f6yt\u00e4liina lis\u00e4\u00e4 ripauksen ammattimaisuutta ja br\u00e4ndin yhten\u00e4isyytt\u00e4. Se on helppo taittaa, s\u00e4ilytt\u00e4\u00e4 ja kuljettaa, joten se sopii erinomaisesti yrityksille, jotka osallistuvat s\u00e4\u00e4nn\u00f6llisesti tapahtumiin. Edulliset, uudelleenk\u00e4ytett\u00e4v\u00e4t ja tehokkaat, painetut br\u00e4nd\u00e4tyt p\u00f6yt\u00e4liinat ovat fiksu sijoitus br\u00e4ndisi l\u00e4sn\u00e4olon parantamiseen miss\u00e4 tahansa tapahtumassa.<\/p>\n<div style=\"width: 1280px;\" class=\"wp-video\"><!--[if lt IE 9]><script>document.createElement('video');<\/script><![endif]--><br \/>\n<video class=\"wp-video-shortcode\" id=\"video-2620-1\" width=\"1280\" height=\"720\" preload=\"metadata\" controls=\"controls\"><source type=\"video\/mp4\" src=\"https:\/\/cmykprinted.com\/wp-content\/uploads\/2025\/05\/Printed-Branded-Tablecloth-for-Events.mp4?_=1\" \/><a href=\"https:\/\/cmykprinted.com\/wp-content\/uploads\/2025\/05\/Printed-Branded-Tablecloth-for-Events.mp4\">https:\/\/cmykprinted.com\/wp-content\/uploads\/2025\/05\/Printed-Branded-Tablecloth-for-Events.mp4<\/a><\/video><\/div>","protected":false},"featured_media":2626,"template":"","meta":{"_kad_post_transparent":"default","_kad_post_title":"hide","_kad_post_layout":"fullwidth","_kad_post_sidebar_id":"","_kad_post_content_style":"unboxed","_kad_post_vertical_padding":"hide","_kad_post_feature":"hide","_kad_post_feature_position":"","_kad_post_header":false,"_kad_post_footer":false},"product_cat":[80,81,83],"product_tag":[587,590,589,588],"class_list":{"0":"post-2620","1":"product","2":"type-product","3":"status-publish","4":"has-post-thumbnail","6":"product_cat-custom-tablecloth","7":"product_cat-custom-stretch-tablecloth","8":"product_cat-fitted-table-cover","9":"product_tag-branded-tablecloth-for-events","10":"product_tag-custom-branded-tablecloth-for-events","11":"product_tag-custom-printed-branded-tablecloth-f","12":"product_tag-printed-branded-tablecloth","14":"first","15":"instock","16":"shipping-taxable","17":"product-type-simple","18":"entry","19":"content-bg","20":"loop-entry"},"_links":{"self":[{"href":"https:\/\/cmykprinted.com\/fi\/wp-json\/wp\/v2\/product\/2620","targetHints":{"allow":["GET"]}}],"collection":[{"href":"https:\/\/cmykprinted.com\/fi\/wp-json\/wp\/v2\/product"}],"about":[{"href":"https:\/\/cmykprinted.com\/fi\/wp-json\/wp\/v2\/types\/product"}],"version-history":[{"count":1,"href":"https:\/\/cmykprinted.com\/fi\/wp-json\/wp\/v2\/product\/2620\/revisions"}],"predecessor-version":[{"id":2622,"href":"https:\/\/cmykprinted.com\/fi\/wp-json\/wp\/v2\/product\/2620\/revisions\/2622"}],"wp:featuredmedia":[{"embeddable":true,"href":"https:\/\/cmykprinted.com\/fi\/wp-json\/wp\/v2\/media\/2626"}],"wp:attachment":[{"href":"https:\/\/cmykprinted.com\/fi\/wp-json\/wp\/v2\/media?parent=2620"}],"wp:term":[{"taxonomy":"product_cat","embeddable":true,"href":"https:\/\/cmykprinted.com\/fi\/wp-json\/wp\/v2\/product_cat?post=2620"},{"taxonomy":"product_tag","embeddable":true,"href":"https:\/\/cmykprinted.com\/fi\/wp-json\/wp\/v2\/product_tag?post=2620"}],"curies":[{"name":"wp","href":"https:\/\/api.w.org\/{rel}","templated":true}]}}