{"id":2627,"date":"2025-05-28T03:20:18","date_gmt":"2025-05-28T03:20:18","guid":{"rendered":"https:\/\/cmykprinted.com\/?post_type=product&#038;p=2627"},"modified":"2025-05-28T03:22:18","modified_gmt":"2025-05-28T03:22:18","slug":"custom-branded-table-cloth-with-bottom-price","status":"publish","type":"product","link":"https:\/\/cmykprinted.com\/fi\/tuote\/raataloity-brandi-poytaliina-edullisimpaan-hintaan\/","title":{"rendered":"Mukautettu br\u00e4nd\u00e4tty p\u00f6yt\u00e4liina pohjahintaan"},"content":{"rendered":"","protected":false},"excerpt":{"rendered":"<p data-start=\"235\" data-end=\"483\">Etsitk\u00f6 kustannustehokasta tapaa esitell\u00e4 br\u00e4ndi\u00e4si tapahtumissa laadusta tinkim\u00e4tt\u00e4? Meid\u00e4n <strong data-start=\"335\" data-end=\"376\">Br\u00e4nd\u00e4tty p\u00f6yt\u00e4liina pohjahintaan<\/strong> on t\u00e4ydellinen ratkaisu budjettitietoisille yrityksille, jotka haluavat silti tehd\u00e4 ammattimaisen vaikutelman.<\/p>\n<p data-start=\"485\" data-end=\"818\">Olitpa sitten mukana messuilla, yritystapahtumissa tai pid\u00e4t pop-up-myym\u00e4l\u00e4\u00e4, t\u00e4m\u00e4 p\u00f6yt\u00e4liina lis\u00e4\u00e4 asetelmaasi siistin, yhten\u00e4isen ja br\u00e4nd\u00e4tyn ilmeen. Kest\u00e4v\u00e4st\u00e4 polyesterikankaasta valmistettu p\u00f6yt\u00e4liina on kevyt, rypistym\u00e4t\u00f6n ja helppohoitoinen \u2013 ihanteellinen yrityksille, jotka matkustavat usein tai osallistuvat useisiin tapahtumiin.<\/p>\n<p data-start=\"820\" data-end=\"1149\">Korkealaatuisella sublimaatiotekniikalla painettu logosi ja br\u00e4ndisi v\u00e4rit n\u00e4ytt\u00e4v\u00e4t ter\u00e4vilt\u00e4 ja eloisilta, auttaen sinua erottumaan joukosta. Muste on upotettu kankaaseen, joten kuvio ei irtoa tai haalistu pesun j\u00e4lkeen. Saat pitk\u00e4ik\u00e4isen mainosmateriaalin murto-osalla muiden br\u00e4nd\u00e4ttyjen esillepanomateriaalien hinnasta.<\/p>\n<p data-start=\"1151\" data-end=\"1429\">T\u00e4t\u00e4 p\u00f6yt\u00e4liinaa on saatavana useissa kokoissa (1,2 m, 1,8 m, 2,4 m) ja tyyleiss\u00e4 (istuttava, laskeutuva tai joustava) tarpeidesi mukaan. Se taittuu my\u00f6s kompaktisti helppoa kuljetusta ja s\u00e4ilytyst\u00e4 varten, joten se sopii t\u00e4ydellisesti pienille yrityksille, startup-yrityksille ja markkinointitiimeille, joilla on tiukka budjetti.<\/p>\n<p data-start=\"1431\" data-end=\"1712\">Lyhyesti sanottuna t\u00e4m\u00e4 on edullinen investointi, joka tarjoaa vaikuttavaa br\u00e4nd\u00e4yst\u00e4. Saat ensiluokkaisen n\u00e4yt\u00f6n ulkon\u00e4\u00f6n ilman korkeaa hintalappua. Jos etsit <strong data-start=\"1588\" data-end=\"1648\">loistava hinta-laatusuhde, luotettava laatu ja vahva br\u00e4ndil\u00e4sn\u00e4olo<\/strong>, br\u00e4nd\u00e4tty p\u00f6yt\u00e4liinamme pohjahintaan on fiksu valinta.<\/p>\n<div style=\"width: 1280px;\" class=\"wp-video\"><!--[if lt IE 9]><script>document.createElement('video');<\/script><![endif]--><br \/>\n<video class=\"wp-video-shortcode\" id=\"video-2627-1\" width=\"1280\" height=\"720\" preload=\"metadata\" controls=\"controls\"><source type=\"video\/mp4\" src=\"https:\/\/cmykprinted.com\/wp-content\/uploads\/2025\/05\/Printed-Branded-Tablecloth-for-Events.mp4?_=1\" \/><a href=\"https:\/\/cmykprinted.com\/wp-content\/uploads\/2025\/05\/Printed-Branded-Tablecloth-for-Events.mp4\">https:\/\/cmykprinted.com\/wp-content\/uploads\/2025\/05\/Printed-Branded-Tablecloth-for-Events.mp4<\/a><\/video><\/div>","protected":false},"featured_media":2630,"template":"","meta":{"_kad_post_transparent":"default","_kad_post_title":"hide","_kad_post_layout":"fullwidth","_kad_post_sidebar_id":"","_kad_post_content_style":"unboxed","_kad_post_vertical_padding":"hide","_kad_post_feature":"hide","_kad_post_feature_position":"","_kad_post_header":false,"_kad_post_footer":false},"product_cat":[80,81,83],"product_tag":[592,591,593],"class_list":{"0":"post-2627","1":"product","2":"type-product","3":"status-publish","4":"has-post-thumbnail","6":"product_cat-custom-tablecloth","7":"product_cat-custom-stretch-tablecloth","8":"product_cat-fitted-table-cover","9":"product_tag-branded-table-cloth","10":"product_tag-branded-table-cloth-price","11":"product_tag-custom-branded-table-cloth","13":"first","14":"instock","15":"shipping-taxable","16":"product-type-simple","17":"entry","18":"content-bg","19":"loop-entry"},"_links":{"self":[{"href":"https:\/\/cmykprinted.com\/fi\/wp-json\/wp\/v2\/product\/2627","targetHints":{"allow":["GET"]}}],"collection":[{"href":"https:\/\/cmykprinted.com\/fi\/wp-json\/wp\/v2\/product"}],"about":[{"href":"https:\/\/cmykprinted.com\/fi\/wp-json\/wp\/v2\/types\/product"}],"version-history":[{"count":2,"href":"https:\/\/cmykprinted.com\/fi\/wp-json\/wp\/v2\/product\/2627\/revisions"}],"predecessor-version":[{"id":2633,"href":"https:\/\/cmykprinted.com\/fi\/wp-json\/wp\/v2\/product\/2627\/revisions\/2633"}],"wp:featuredmedia":[{"embeddable":true,"href":"https:\/\/cmykprinted.com\/fi\/wp-json\/wp\/v2\/media\/2630"}],"wp:attachment":[{"href":"https:\/\/cmykprinted.com\/fi\/wp-json\/wp\/v2\/media?parent=2627"}],"wp:term":[{"taxonomy":"product_cat","embeddable":true,"href":"https:\/\/cmykprinted.com\/fi\/wp-json\/wp\/v2\/product_cat?post=2627"},{"taxonomy":"product_tag","embeddable":true,"href":"https:\/\/cmykprinted.com\/fi\/wp-json\/wp\/v2\/product_tag?post=2627"}],"curies":[{"name":"wp","href":"https:\/\/api.w.org\/{rel}","templated":true}]}}