{"id":2634,"date":"2025-05-28T05:01:54","date_gmt":"2025-05-28T05:01:54","guid":{"rendered":"https:\/\/cmykprinted.com\/?post_type=product&#038;p=2634"},"modified":"2025-05-28T05:01:54","modified_gmt":"2025-05-28T05:01:54","slug":"custom-metal-transfer-logo-stickers-for-perfume-bottle","status":"publish","type":"product","link":"https:\/\/cmykprinted.com\/fi\/tuote\/raataloidyt-metallinen-siirtologo-tarrat-hajuvesipulloon\/","title":{"rendered":"Mukautetut metallisiirtotarrat hajuvesipulloon"},"content":{"rendered":"","protected":false},"excerpt":{"rendered":"<p>Paranna tuotteesi eleganssia ja br\u00e4ndi-identiteetti\u00e4 ensiluokkaisilla, r\u00e4\u00e4t\u00e4l\u00f6idyill\u00e4 metallisiirtologotarroillamme, jotka on suunniteltu erityisesti hajuvesipulloille. N\u00e4m\u00e4 korkealaatuiset metalliset tarrat tarjoavat ylellisen ja ammattimaisen viimeistelyn, joka nostaa pakkauksesi v\u00e4litt\u00f6m\u00e4sti esiin ja heijastaa br\u00e4ndisi laatua.<\/p>\n<p>Edistyksellist\u00e4 siirtotekniikkaa k\u00e4ytt\u00e4en valmistetuissa tarroissa on tyylik\u00e4s metallipinta ja tarkat yksityiskohdat, mik\u00e4 tekee niist\u00e4 ihanteellisia logoille, tuotemerkeille tai koriste-elementeille. Siirtokuvan kiinnitys varmistaa, ett\u00e4 vain metallinen osa tarttuu pintaan, eik\u00e4 taustaa tai liimareunoja j\u00e4\u00e4 \u2013 luoden saumattoman, kaiverretun ulkon\u00e4\u00f6n suoraan lasi- tai muovipulloon.<\/p>\n<p>Saatavilla useissa eri viimeistelyiss\u00e4, kuten kultaisena, hopeaisena, ruusukultaisena, mattamustana ja kromina, metalliset logotarramme voidaan r\u00e4\u00e4t\u00e4l\u00f6id\u00e4 vastaamaan br\u00e4ndisi estetiikkaa. Halusitpa sitten minimalistisen monogrammin tai monimutkaisen logosuunnittelun, tarjoamme r\u00e4\u00e4t\u00e4l\u00f6ityj\u00e4 ratkaisuja juuri sinun tarpeisiisi.<\/p>\n<p>N\u00e4m\u00e4 tarrat eiv\u00e4t ole ainoastaan \u200b\u200bvisuaalisesti miellytt\u00e4vi\u00e4, vaan my\u00f6s kest\u00e4vi\u00e4 \u2013 ne kest\u00e4v\u00e4t vett\u00e4, \u00f6ljy\u00e4 ja hajusteita, varmistaen, ett\u00e4 br\u00e4ndisi pysyy ehj\u00e4n\u00e4 ajan kuluessa. T\u00e4ydellinen ylellisille hajuvesilinjoille, kosmetiikkatuotteille tai korkealaatuisille mainostuotteille.<\/p>\n<p>Suunnittelutiimimme tekee tiivist\u00e4 yhteisty\u00f6t\u00e4 kanssasi luodakseen t\u00e4ydellisen logotarran, joka resonoi br\u00e4ndisi identiteetin kanssa. Tukkumyyntitilauksille saatavilla sek\u00e4 m\u00e4\u00e4r\u00e4m\u00e4\u00e4r\u00e4iset ett\u00e4 irtomyyntihinnat.<\/p>\n<p>P\u00e4ivit\u00e4 pakkauksesi eleganssilla ja erottuvuudella \u2013 valitse r\u00e4\u00e4t\u00e4l\u00f6idyt metallisiirtologotarramme hienostuneeseen viimeistelyyn.<\/p>\n<div style=\"width: 480px;\" class=\"wp-video\"><!--[if lt IE 9]><script>document.createElement('video');<\/script><![endif]--><br \/>\n<video class=\"wp-video-shortcode\" id=\"video-2634-1\" width=\"480\" height=\"480\" preload=\"metadata\" controls=\"controls\"><source type=\"video\/mp4\" src=\"https:\/\/cmykprinted.com\/wp-content\/uploads\/2025\/05\/Metal-Transfer-Logo-Stickers-For-Perfume-Bottle.mp4?_=1\" \/><a href=\"https:\/\/cmykprinted.com\/wp-content\/uploads\/2025\/05\/Metal-Transfer-Logo-Stickers-For-Perfume-Bottle.mp4\">https:\/\/cmykprinted.com\/wp-content\/uploads\/2025\/05\/Metal-Transfer-Logo-Stickers-For-Perfume-Bottle.mp4<\/a><\/video><\/div>","protected":false},"featured_media":2635,"template":"","meta":{"_kad_post_transparent":"default","_kad_post_title":"hide","_kad_post_layout":"fullwidth","_kad_post_sidebar_id":"","_kad_post_content_style":"unboxed","_kad_post_vertical_padding":"hide","_kad_post_feature":"hide","_kad_post_feature_position":"","_kad_post_header":false,"_kad_post_footer":false},"product_cat":[101,102],"product_tag":[596,594,595,597],"class_list":{"0":"post-2634","1":"product","2":"type-product","3":"status-publish","4":"has-post-thumbnail","6":"product_cat-transfer-stickers","7":"product_cat-metal-transfer-stickers","8":"product_tag-custom-metal-transfer-logo-stickers","9":"product_tag-logo-stickers-for-perfume-bottle","10":"product_tag-metal-transfer-logo-stickers","11":"product_tag-transfer-logo-stickers-for-perfume-bottle","13":"first","14":"instock","15":"shipping-taxable","16":"product-type-simple","17":"entry","18":"content-bg","19":"loop-entry"},"_links":{"self":[{"href":"https:\/\/cmykprinted.com\/fi\/wp-json\/wp\/v2\/product\/2634","targetHints":{"allow":["GET"]}}],"collection":[{"href":"https:\/\/cmykprinted.com\/fi\/wp-json\/wp\/v2\/product"}],"about":[{"href":"https:\/\/cmykprinted.com\/fi\/wp-json\/wp\/v2\/types\/product"}],"version-history":[{"count":1,"href":"https:\/\/cmykprinted.com\/fi\/wp-json\/wp\/v2\/product\/2634\/revisions"}],"predecessor-version":[{"id":2640,"href":"https:\/\/cmykprinted.com\/fi\/wp-json\/wp\/v2\/product\/2634\/revisions\/2640"}],"wp:featuredmedia":[{"embeddable":true,"href":"https:\/\/cmykprinted.com\/fi\/wp-json\/wp\/v2\/media\/2635"}],"wp:attachment":[{"href":"https:\/\/cmykprinted.com\/fi\/wp-json\/wp\/v2\/media?parent=2634"}],"wp:term":[{"taxonomy":"product_cat","embeddable":true,"href":"https:\/\/cmykprinted.com\/fi\/wp-json\/wp\/v2\/product_cat?post=2634"},{"taxonomy":"product_tag","embeddable":true,"href":"https:\/\/cmykprinted.com\/fi\/wp-json\/wp\/v2\/product_tag?post=2634"}],"curies":[{"name":"wp","href":"https:\/\/api.w.org\/{rel}","templated":true}]}}