{"id":2668,"date":"2025-06-06T04:34:33","date_gmt":"2025-06-06T04:34:33","guid":{"rendered":"https:\/\/cmykprinted.com\/?post_type=product&#038;p=2668"},"modified":"2025-06-06T05:55:38","modified_gmt":"2025-06-06T05:55:38","slug":"custom-made-canopy-tents-with-your-logo-printed","status":"publish","type":"product","link":"https:\/\/cmykprinted.com\/fi\/tuote\/raataloidyt-teltat-painetulla-logollasi\/","title":{"rendered":"Mittatilausty\u00f6n\u00e4 tehdyt katosteltat logollasi painettuna"},"content":{"rendered":"","protected":false},"excerpt":{"rendered":"<p>Erotu joukosta miss\u00e4 tahansa tapahtumassa korkealaatuisilla, mittatilausty\u00f6n\u00e4 tehdyill\u00e4 katosteltoillamme. Br\u00e4ndi\u00e4si esitteleviin telttoihin on painettu logosi, iskulauseesi tai kuvasi t\u00e4ysv\u00e4risesti joka puolelle. Olitpa sitten messuilla, festivaaleilla, markkinoilla tai urheilutapahtumassa, personoidut telttamme takaavat maksimaalisen n\u00e4kyvyyden ja ammattimaisen l\u00e4sn\u00e4olon.<\/p>\n<p>Jokainen teltta on valmistettu kest\u00e4vist\u00e4 ja s\u00e4\u00e4nkest\u00e4vist\u00e4 materiaaleista, jotka on rakennettu kest\u00e4m\u00e4\u00e4n Australian ilmastoa. Valitse useista eri kokoisista, runkovahvuisista ja painatusvaihtoehdoista tarpeidesi mukaan. Yl\u00f6snouseva muotoilu mahdollistaa nopean ja helpon pystytyksen, joten se sopii t\u00e4ydellisesti sek\u00e4 sis\u00e4- ett\u00e4 ulkok\u00e4ytt\u00f6\u00f6n.<\/p>\n<p>K\u00e4yt\u00e4mme huippuluokan painotekniikkaa varmistaaksemme eloisat, pitk\u00e4kestoiset ja haalistumattomat v\u00e4rit. Lis\u00e4varusteisiin kuuluvat sein\u00e4t, banderollit, liput ja kantokassit \u2013 kaikki t\u00e4ysin r\u00e4\u00e4t\u00e4l\u00f6ityj\u00e4.<\/p>\n<p>Br\u00e4nd\u00e4tyt katostelttamme sopivat t\u00e4ydellisesti yrityksille, kouluille, voittoa tavoittelemattomille organisaatioille ja tapahtumaj\u00e4rjest\u00e4jille, ja ne auttavat sinua luomaan unohtumattoman ensivaikutelman.<\/p>\n<p>Anna br\u00e4ndisi loistaa \u2014 ota meihin yhteytt\u00e4 jo t\u00e4n\u00e4\u00e4n saadaksesi tarjouksen tai ilmaisen mallin.<\/p>\n<div style=\"width: 960px;\" class=\"wp-video\"><!--[if lt IE 9]><script>document.createElement('video');<\/script><![endif]--><br \/>\n<video class=\"wp-video-shortcode\" id=\"video-2668-1\" width=\"960\" height=\"544\" preload=\"metadata\" controls=\"controls\"><source type=\"video\/mp4\" src=\"https:\/\/cmykprinted.com\/wp-content\/uploads\/2024\/04\/digicel-tents.mp4?_=1\" \/><a href=\"https:\/\/cmykprinted.com\/wp-content\/uploads\/2024\/04\/digicel-tents.mp4\">https:\/\/cmykprinted.com\/wp-content\/uploads\/2024\/04\/digicel-tents.mp4<\/a><\/video><\/div>","protected":false},"featured_media":2677,"template":"","meta":{"_kad_post_transparent":"default","_kad_post_title":"hide","_kad_post_layout":"normal","_kad_post_sidebar_id":"","_kad_post_content_style":"unboxed","_kad_post_vertical_padding":"hide","_kad_post_feature":"hide","_kad_post_feature_position":"","_kad_post_header":false,"_kad_post_footer":false},"product_cat":[68,76,74],"product_tag":[605,604,606],"class_list":{"0":"post-2668","1":"product","2":"type-product","3":"status-publish","4":"has-post-thumbnail","6":"product_cat-custom-canopy-tents","7":"product_cat-10x15ft-pop-up-tents-50mm-heavy-duty-hexagon-aluminum-tents-custom-canopy-tents","8":"product_cat-50mm-heavy-duty-hexagon-aluminum-tents","9":"product_tag-custom-canopy-tents-with-logo","10":"product_tag-custom-made-canopy-tents","11":"product_tag-custom-printed-canopy-tents","13":"first","14":"instock","15":"shipping-taxable","16":"product-type-simple","17":"entry","18":"content-bg","19":"loop-entry"},"_links":{"self":[{"href":"https:\/\/cmykprinted.com\/fi\/wp-json\/wp\/v2\/product\/2668","targetHints":{"allow":["GET"]}}],"collection":[{"href":"https:\/\/cmykprinted.com\/fi\/wp-json\/wp\/v2\/product"}],"about":[{"href":"https:\/\/cmykprinted.com\/fi\/wp-json\/wp\/v2\/types\/product"}],"version-history":[{"count":1,"href":"https:\/\/cmykprinted.com\/fi\/wp-json\/wp\/v2\/product\/2668\/revisions"}],"predecessor-version":[{"id":2671,"href":"https:\/\/cmykprinted.com\/fi\/wp-json\/wp\/v2\/product\/2668\/revisions\/2671"}],"wp:featuredmedia":[{"embeddable":true,"href":"https:\/\/cmykprinted.com\/fi\/wp-json\/wp\/v2\/media\/2677"}],"wp:attachment":[{"href":"https:\/\/cmykprinted.com\/fi\/wp-json\/wp\/v2\/media?parent=2668"}],"wp:term":[{"taxonomy":"product_cat","embeddable":true,"href":"https:\/\/cmykprinted.com\/fi\/wp-json\/wp\/v2\/product_cat?post=2668"},{"taxonomy":"product_tag","embeddable":true,"href":"https:\/\/cmykprinted.com\/fi\/wp-json\/wp\/v2\/product_tag?post=2668"}],"curies":[{"name":"wp","href":"https:\/\/api.w.org\/{rel}","templated":true}]}}