{"id":2678,"date":"2025-06-09T08:44:00","date_gmt":"2025-06-09T08:44:00","guid":{"rendered":"https:\/\/cmykprinted.com\/?post_type=product&#038;p=2678"},"modified":"2025-06-09T08:44:00","modified_gmt":"2025-06-09T08:44:00","slug":"outdoor-marketing-flags-supplier-best-price-with-48-hours-turnaround","status":"publish","type":"product","link":"https:\/\/cmykprinted.com\/fi\/tuote\/ulko-mainos-lippujen-toimittaja-paras-hinta-48-tunnin-toimitusajalla\/","title":{"rendered":"Ulkomarkkinointilippujen toimittajan paras hinta 48 tunnin toimitusajalla"},"content":{"rendered":"","protected":false},"excerpt":{"rendered":"<p>Mainonnan nopeatempoisessa maailmassa huomion her\u00e4tt\u00e4minen on kaikki kaikessa. Olitpa sitten mainostamassa avajaisia, ilmoittamassa alennusmyynnist\u00e4, osallistumassa messuille tai vain yritt\u00e4m\u00e4ss\u00e4 erottua vilkkaalla kadulla, r\u00e4\u00e4t\u00e4l\u00f6idyist\u00e4 ulkomarkkinoinnin h\u00f6yhenlipuista on tullut olennainen ja tehokas mainosty\u00f6kalu kaikenkokoisille yrityksille. N\u00e4m\u00e4 huomiota her\u00e4tt\u00e4v\u00e4t banderollit liehuvat tuulessa luoden dynaamista liikett\u00e4 ja n\u00e4kyvyytt\u00e4 varmistaen, ett\u00e4 viestisi n\u00e4kyy \u2013 kovaa ja selke\u00e4sti.<\/p>\n<p>T\u00e4ss\u00e4 oppaassa tutkimme kaikkea, mit\u00e4 sinun tarvitsee tiet\u00e4\u00e4 ulkomarkkinoinnissa k\u00e4ytett\u00e4vist\u00e4 h\u00f6yhenlipuista: mit\u00e4 ne ovat, miksi ne toimivat, miten ne suunnitellaan tehokkaasti sek\u00e4 miss\u00e4 ja milloin niit\u00e4 k\u00e4ytet\u00e4\u00e4n.<\/p>\n<p>R\u00e4\u00e4t\u00e4l\u00f6idyt ulkok\u00e4ytt\u00f6\u00f6n tarkoitetut h\u00f6yhenliput ovat \u00e4lyk\u00e4s, tyylik\u00e4s ja skaalautuva ratkaisu nykyaikaisille markkinoijille. Niiden liikkeen, korkeuden, v\u00e4rin ja kohtuuhintaisuuden yhdistelm\u00e4 tekee niist\u00e4 yhden tehokkaimmista nyky\u00e4\u00e4n saatavilla olevista mainosty\u00f6kaluista. Tarvitsetpa sitten yhden lipun viikonloppualennusmyyntiin tai lippulaivakokonaisuuden laajaan kampanjaan, r\u00e4\u00e4t\u00e4l\u00f6ityihin h\u00f6yhenlippuihin investoiminen on todistettu strategia katseiden k\u00e4\u00e4nt\u00e4miseksi \u2013 ja liikenteen muuttamiseksi asiakkaiksi.<\/p>\n<p>Oikealla suunnittelulla, laadukkailla materiaaleilla ja strategisella sijoittelulla h\u00f6yhenlippusi palvelee kovasti yrityst\u00e4si \u2013 satoi tai paistoi, p\u00e4iv\u00e4st\u00e4 toiseen.<\/p>\n<p>&nbsp;<\/p>","protected":false},"featured_media":2679,"template":"","meta":{"_kad_post_transparent":"default","_kad_post_title":"hide","_kad_post_layout":"fullwidth","_kad_post_sidebar_id":"","_kad_post_content_style":"unboxed","_kad_post_vertical_padding":"hide","_kad_post_feature":"hide","_kad_post_feature_position":"","_kad_post_header":false,"_kad_post_footer":false},"product_cat":[64,65],"product_tag":[609,610,607,608],"class_list":{"0":"post-2678","1":"product","2":"type-product","3":"status-publish","4":"has-post-thumbnail","6":"product_cat-beach-flags","7":"product_cat-feather-flags-banners","8":"product_tag-outdoor-flags","9":"product_tag-outdoor-flags-with-best-price","10":"product_tag-outdoor-marketing-flags","11":"product_tag-outdoor-marketing-flags-supplier","13":"first","14":"instock","15":"shipping-taxable","16":"product-type-simple","17":"entry","18":"content-bg","19":"loop-entry"},"_links":{"self":[{"href":"https:\/\/cmykprinted.com\/fi\/wp-json\/wp\/v2\/product\/2678","targetHints":{"allow":["GET"]}}],"collection":[{"href":"https:\/\/cmykprinted.com\/fi\/wp-json\/wp\/v2\/product"}],"about":[{"href":"https:\/\/cmykprinted.com\/fi\/wp-json\/wp\/v2\/types\/product"}],"version-history":[{"count":1,"href":"https:\/\/cmykprinted.com\/fi\/wp-json\/wp\/v2\/product\/2678\/revisions"}],"predecessor-version":[{"id":2684,"href":"https:\/\/cmykprinted.com\/fi\/wp-json\/wp\/v2\/product\/2678\/revisions\/2684"}],"wp:featuredmedia":[{"embeddable":true,"href":"https:\/\/cmykprinted.com\/fi\/wp-json\/wp\/v2\/media\/2679"}],"wp:attachment":[{"href":"https:\/\/cmykprinted.com\/fi\/wp-json\/wp\/v2\/media?parent=2678"}],"wp:term":[{"taxonomy":"product_cat","embeddable":true,"href":"https:\/\/cmykprinted.com\/fi\/wp-json\/wp\/v2\/product_cat?post=2678"},{"taxonomy":"product_tag","embeddable":true,"href":"https:\/\/cmykprinted.com\/fi\/wp-json\/wp\/v2\/product_tag?post=2678"}],"curies":[{"name":"wp","href":"https:\/\/api.w.org\/{rel}","templated":true}]}}