{"id":2686,"date":"2025-06-14T12:05:03","date_gmt":"2025-06-14T12:05:03","guid":{"rendered":"https:\/\/cmykprinted.com\/?post_type=product&#038;p=2686"},"modified":"2025-06-14T12:58:32","modified_gmt":"2025-06-14T12:58:32","slug":"factory-with-best-quality-custom-canopy-tent-10x15","status":"publish","type":"product","link":"https:\/\/cmykprinted.com\/fi\/tuote\/tehdas-parhaalla-laadulla-raataloity-katosteltta-10x15\/","title":{"rendered":"Tehdas, jolla on parasta laatua oleva r\u00e4\u00e4t\u00e4l\u00f6ity katosteltta 10\u00d715"},"content":{"rendered":"","protected":false},"excerpt":{"rendered":"<p>Etsitk\u00f6 t\u00e4ydellist\u00e4 ulkoratkaisua br\u00e4ndisi l\u00e4sn\u00e4olon parantamiseksi? 10\u00d715-mittatilausty\u00f6n\u00e4 tehdyt katostelttamme valmistetaan ammattitason tehtaallamme korkealaatuisista materiaaleista ja tarkalla valmistustekniikalla. Esitteletp\u00e4 yrityst\u00e4si messuilla, ulkoilmamarkkinoilla, festivaaleilla, urheilutapahtumassa tai mainoskampanjassa, t\u00e4m\u00e4 teltta tarjoaa vertaansa vailla olevaa kest\u00e4vyytt\u00e4, toimivuutta ja tyyli\u00e4.<\/p>\n<p>Katoksemme on valmistettu kest\u00e4v\u00e4st\u00e4 600D-polyesterikankaasta, jolla on vedenpit\u00e4v\u00e4t, UV-suojatut ja palonestoominaisuudet, ja ne on suunniteltu kest\u00e4m\u00e4\u00e4n kaikki s\u00e4\u00e4olosuhteet. Tukevat alumiini- tai ter\u00e4srungot tarjoavat pitk\u00e4ik\u00e4ist\u00e4 tukea ja ne on helppo asentaa vain muutamassa minuutissa. Mukauta jokaista yksityiskohtaa \u2013 lis\u00e4\u00e4 v\u00e4rillinen logosi, br\u00e4ndiviestisi tai vaikuttavat visuaaliset elementit edistyneell\u00e4 sublimaatiopainatuksella, joka takaa eloisat ja haalistumattomat tulokset.<\/p>\n<p>Tehtaan suoran hinnoittelun, nopeiden toimitusaikojen ja maailmanlaajuisen toimituksen ansiosta et saa vain telttaa \u2013 saat tehokkaan ja n\u00e4kyv\u00e4n markkinointity\u00f6kalun. Erotu joukosta parhaimman laatuisen 10\u00d715-mittatilausty\u00f6n\u00e4 tehdyn katoksellamme.<\/p>","protected":false},"featured_media":2690,"template":"","meta":{"_kad_post_transparent":"default","_kad_post_title":"hide","_kad_post_layout":"normal","_kad_post_sidebar_id":"","_kad_post_content_style":"unboxed","_kad_post_vertical_padding":"hide","_kad_post_feature":"hide","_kad_post_feature_position":"","_kad_post_header":false,"_kad_post_footer":false},"product_cat":[68,76,74],"product_tag":[612,613,611],"class_list":{"0":"post-2686","1":"product","2":"type-product","3":"status-publish","4":"has-post-thumbnail","6":"product_cat-custom-canopy-tents","7":"product_cat-10x15ft-pop-up-tents-50mm-heavy-duty-hexagon-aluminum-tents-custom-canopy-tents","8":"product_cat-50mm-heavy-duty-hexagon-aluminum-tents","9":"product_tag-best-quality-custom-canopy-tent","10":"product_tag-canopy-tent-10x15","11":"product_tag-custom-canopy-tent-10x15","13":"first","14":"instock","15":"shipping-taxable","16":"product-type-simple","17":"entry","18":"content-bg","19":"loop-entry"},"_links":{"self":[{"href":"https:\/\/cmykprinted.com\/fi\/wp-json\/wp\/v2\/product\/2686","targetHints":{"allow":["GET"]}}],"collection":[{"href":"https:\/\/cmykprinted.com\/fi\/wp-json\/wp\/v2\/product"}],"about":[{"href":"https:\/\/cmykprinted.com\/fi\/wp-json\/wp\/v2\/types\/product"}],"version-history":[{"count":1,"href":"https:\/\/cmykprinted.com\/fi\/wp-json\/wp\/v2\/product\/2686\/revisions"}],"predecessor-version":[{"id":2688,"href":"https:\/\/cmykprinted.com\/fi\/wp-json\/wp\/v2\/product\/2686\/revisions\/2688"}],"wp:featuredmedia":[{"embeddable":true,"href":"https:\/\/cmykprinted.com\/fi\/wp-json\/wp\/v2\/media\/2690"}],"wp:attachment":[{"href":"https:\/\/cmykprinted.com\/fi\/wp-json\/wp\/v2\/media?parent=2686"}],"wp:term":[{"taxonomy":"product_cat","embeddable":true,"href":"https:\/\/cmykprinted.com\/fi\/wp-json\/wp\/v2\/product_cat?post=2686"},{"taxonomy":"product_tag","embeddable":true,"href":"https:\/\/cmykprinted.com\/fi\/wp-json\/wp\/v2\/product_tag?post=2686"}],"curies":[{"name":"wp","href":"https:\/\/api.w.org\/{rel}","templated":true}]}}