{"id":2696,"date":"2025-06-16T04:06:39","date_gmt":"2025-06-16T04:06:39","guid":{"rendered":"https:\/\/cmykprinted.com\/?post_type=product&#038;p=2696"},"modified":"2025-06-16T04:08:43","modified_gmt":"2025-06-16T04:08:43","slug":"custom-printed-canopy-tent-10x10-with-free-mock-up","status":"publish","type":"product","link":"https:\/\/cmykprinted.com\/fi\/tuote\/raataloity-painettu-katos-teltta-10x10-ilmaisella-mallilla\/","title":{"rendered":"Mittatilausty\u00f6n\u00e4 painettu katosteltta 10\u00d710 ilmaisella mallilla"},"content":{"rendered":"","protected":false},"excerpt":{"rendered":"<p>Erotu joukosta miss\u00e4 tahansa tapahtumassa mittatilausty\u00f6n\u00e4 painetulla 10 x 10 jalan (300 * 300 cm) katosteltalla \u2013 ilmainen mallipohjus sis\u00e4ltyy hintaan!<\/p>\n<p>Tee br\u00e4ndist\u00e4si mahdoton olla huomaamatta mittatilausty\u00f6n\u00e4 painetulla 10 x 10 -katosteltallamme, joka sopii t\u00e4ydellisesti messuille, festivaaleille, ulkoilmamarkkinoille, urheilutapahtumiin ja muuhun. T\u00e4m\u00e4 teltta on suunniteltu yhdist\u00e4m\u00e4\u00e4n kest\u00e4vyys, helppo pystytys ja upeat v\u00e4rigrafiikat, ja se muuttaa mink\u00e4 tahansa tilan ammattimaiseksi ja huomiota her\u00e4tt\u00e4v\u00e4ksi br\u00e4ndiesittelyksi.<\/p>\n<p>1. T\u00e4ysv\u00e4rinen painettu katos \u2013 Tulosta logosi, viestisi tai kuvamateriaalisi kaikille puolille n\u00e4kyvyyden ja br\u00e4ndivaikutuksen maksimoimiseksi.<br \/>\n2. Ilmainen malliesittely ennen ostamista \u2013 Saat realistisen digitaalisen esikatselun suunnittelustasi ennen tuotannon aloittamista. Ei arvailua, ei yll\u00e4tyksi\u00e4.<br \/>\n3. Kest\u00e4v\u00e4 runko + s\u00e4\u00e4nkest\u00e4v\u00e4 600 D:n paloturvallinen kangas \u2013 Rakennettu kest\u00e4m\u00e4\u00e4n tuulta, sadetta ja aurinkoa pit\u00e4en kojusi tyylikk\u00e4\u00e4n\u00e4.<br \/>\n4. Nopea ja ty\u00f6kaluton pystytys \u2013 Pystyt\u00e4 telttasi muutamassa minuutissa k\u00e4ytt\u00e4j\u00e4yst\u00e4v\u00e4llisen pop-up-rungon avulla.<br \/>\n5. Ihanteellinen 10 x 10 -koko \u2013 T\u00e4ydellinen ammattimaisen l\u00e4sn\u00e4olon luomiseen ja sopii mukavasti tavallisiin kojutiloihin.<\/p>\n<p>Olitpa sitten mainostamassa tuotetta, lis\u00e4\u00e4m\u00e4ss\u00e4 tietoisuutta tai vain houkuttelemassa lis\u00e4\u00e4 jalankulkuliikennett\u00e4, mittatilausty\u00f6n\u00e4 painetut katostelttamme tekev\u00e4t br\u00e4ndist\u00e4si huomion keskipisteen \u2013 ilman suunnitteluriski\u00e4 ilmaisen mallipohjapalvelumme ansiosta!<\/p>\n<p><strong>\u00a0Tilaa t\u00e4n\u00e4\u00e4n ja anna telttasi puhua puolestaan!<\/strong><\/p>","protected":false},"featured_media":2704,"template":"","meta":{"_kad_post_transparent":"default","_kad_post_title":"hide","_kad_post_layout":"normal","_kad_post_sidebar_id":"","_kad_post_content_style":"unboxed","_kad_post_vertical_padding":"hide","_kad_post_feature":"hide","_kad_post_feature_position":"","_kad_post_header":false,"_kad_post_footer":false},"product_cat":[68,76,74],"product_tag":[615,614],"class_list":{"0":"post-2696","1":"product","2":"type-product","3":"status-publish","4":"has-post-thumbnail","6":"product_cat-custom-canopy-tents","7":"product_cat-10x15ft-pop-up-tents-50mm-heavy-duty-hexagon-aluminum-tents-custom-canopy-tents","8":"product_cat-50mm-heavy-duty-hexagon-aluminum-tents","9":"product_tag-custom-printed-canopy-tent","10":"product_tag-custom-printed-canopy-tent-10x10","12":"first","13":"instock","14":"shipping-taxable","15":"product-type-simple","16":"entry","17":"content-bg","18":"loop-entry"},"_links":{"self":[{"href":"https:\/\/cmykprinted.com\/fi\/wp-json\/wp\/v2\/product\/2696","targetHints":{"allow":["GET"]}}],"collection":[{"href":"https:\/\/cmykprinted.com\/fi\/wp-json\/wp\/v2\/product"}],"about":[{"href":"https:\/\/cmykprinted.com\/fi\/wp-json\/wp\/v2\/types\/product"}],"version-history":[{"count":1,"href":"https:\/\/cmykprinted.com\/fi\/wp-json\/wp\/v2\/product\/2696\/revisions"}],"predecessor-version":[{"id":2703,"href":"https:\/\/cmykprinted.com\/fi\/wp-json\/wp\/v2\/product\/2696\/revisions\/2703"}],"wp:featuredmedia":[{"embeddable":true,"href":"https:\/\/cmykprinted.com\/fi\/wp-json\/wp\/v2\/media\/2704"}],"wp:attachment":[{"href":"https:\/\/cmykprinted.com\/fi\/wp-json\/wp\/v2\/media?parent=2696"}],"wp:term":[{"taxonomy":"product_cat","embeddable":true,"href":"https:\/\/cmykprinted.com\/fi\/wp-json\/wp\/v2\/product_cat?post=2696"},{"taxonomy":"product_tag","embeddable":true,"href":"https:\/\/cmykprinted.com\/fi\/wp-json\/wp\/v2\/product_tag?post=2696"}],"curies":[{"name":"wp","href":"https:\/\/api.w.org\/{rel}","templated":true}]}}