{"id":2705,"date":"2025-06-18T08:15:16","date_gmt":"2025-06-18T08:15:16","guid":{"rendered":"https:\/\/cmykprinted.com\/?post_type=product&#038;p=2705"},"modified":"2025-06-23T02:43:20","modified_gmt":"2025-06-23T02:43:20","slug":"3d-metal-transfer-stickers","status":"publish","type":"product","link":"https:\/\/cmykprinted.com\/fi\/tuote\/raataloidyt-3d-metallisiirtotarrat-omalla-taideteoksellasi\/","title":{"rendered":"R\u00e4\u00e4t\u00e4l\u00f6idyt-3D-metallisiirtotarrat-omalla-taideteoksellasi"},"content":{"rendered":"","protected":false},"excerpt":{"rendered":"<p>Erotu br\u00e4ndist\u00e4si r\u00e4\u00e4t\u00e4l\u00f6idyill\u00e4 3D-metallisiirtotarroilla \u2013 suunnittelet itse, teet vaikutuksen<\/p>\n<p>Lis\u00e4\u00e4 tuotteillesi, pakkauksillesi tai mainostuotteillesi ensiluokkainen ja huomiota her\u00e4tt\u00e4v\u00e4 viimeistely r\u00e4\u00e4t\u00e4l\u00f6idyill\u00e4 3D-metallisiirtotarroilla, joissa on oma taideteoksesi. N\u00e4m\u00e4 tyylikk\u00e4\u00e4t, metalliset tunnukset tarjoavat korkealaatuisen ja ammattimaisen ilmeen, joka nostaa br\u00e4ndisi v\u00e4litt\u00f6m\u00e4sti esiin. K\u00e4ytitp\u00e4 niit\u00e4 sitten kannettaviin tietokoneisiin, elektroniikkaan, auton osiin tai v\u00e4hitt\u00e4ismyyntituotteisiin, n\u00e4m\u00e4 metalliset tarrat luovat rohkean lausunnon laadusta ja muotoilusta.<\/p>\n<p>Kest\u00e4vist\u00e4 ja s\u00e4\u00e4nkest\u00e4vist\u00e4 materiaaleista, kuten kromista, harjatusta alumiinista tai ruostumattomasta ter\u00e4ksest\u00e4, valmistetut 3D-tarramme eiv\u00e4t ole vain ulkon\u00e4k\u00f6\u00f6n liittyvi\u00e4 \u2013 ne on tehty kest\u00e4m\u00e4\u00e4n. Jokainen kappale on tarkasti leikattu ja siin\u00e4 on vahva liima ja helposti irrotettava siirtokalvo, mik\u00e4 varmistaa kuplattoman ja sotkemattoman kiinnityksen joka kerta.<\/p>\n<p>Ei minimitilausm\u00e4\u00e4r\u00e4\u00e4. Nopea toimitusaika. Ilmaisia \u200b\u200bdigitaalisia mallipohjia. L\u00e4het\u00e4 logosi tai mukautettu suunnittelusi jo t\u00e4n\u00e4\u00e4n ja muuta luova visiosi vaikuttavaksi metalliseksi todellisuudeksi.<\/p>\n<div style=\"width: 726px;\" class=\"wp-video\"><!--[if lt IE 9]><script>document.createElement('video');<\/script><![endif]--><br \/>\n<video class=\"wp-video-shortcode\" id=\"video-2705-1\" width=\"726\" height=\"720\" preload=\"metadata\" controls=\"controls\"><source type=\"video\/mp4\" src=\"https:\/\/cmykprinted.com\/wp-content\/uploads\/2025\/06\/3d-Metal-Transfer-Stickers.mp4?_=1\" \/><a href=\"https:\/\/cmykprinted.com\/wp-content\/uploads\/2025\/06\/3d-Metal-Transfer-Stickers.mp4\">https:\/\/cmykprinted.com\/wp-content\/uploads\/2025\/06\/3d-Metal-Transfer-Stickers.mp4<\/a><\/video><\/div>","protected":false},"featured_media":2711,"template":"","meta":{"_kad_post_transparent":"default","_kad_post_title":"hide","_kad_post_layout":"fullwidth","_kad_post_sidebar_id":"","_kad_post_content_style":"unboxed","_kad_post_vertical_padding":"hide","_kad_post_feature":"hide","_kad_post_feature_position":"","_kad_post_header":false,"_kad_post_footer":false},"product_cat":[101,102],"product_tag":[299,618,617,616],"class_list":{"0":"post-2705","1":"product","2":"type-product","3":"status-publish","4":"has-post-thumbnail","6":"product_cat-transfer-stickers","7":"product_cat-metal-transfer-stickers","8":"product_tag-3d-metal-transfer-stickers","9":"product_tag-custom-3d-metal-transfer-stickers","10":"product_tag-metallic-transfer-sticker","11":"product_tag-transfer-sticker","13":"first","14":"instock","15":"shipping-taxable","16":"product-type-simple","17":"entry","18":"content-bg","19":"loop-entry"},"_links":{"self":[{"href":"https:\/\/cmykprinted.com\/fi\/wp-json\/wp\/v2\/product\/2705","targetHints":{"allow":["GET"]}}],"collection":[{"href":"https:\/\/cmykprinted.com\/fi\/wp-json\/wp\/v2\/product"}],"about":[{"href":"https:\/\/cmykprinted.com\/fi\/wp-json\/wp\/v2\/types\/product"}],"version-history":[{"count":1,"href":"https:\/\/cmykprinted.com\/fi\/wp-json\/wp\/v2\/product\/2705\/revisions"}],"predecessor-version":[{"id":2714,"href":"https:\/\/cmykprinted.com\/fi\/wp-json\/wp\/v2\/product\/2705\/revisions\/2714"}],"wp:featuredmedia":[{"embeddable":true,"href":"https:\/\/cmykprinted.com\/fi\/wp-json\/wp\/v2\/media\/2711"}],"wp:attachment":[{"href":"https:\/\/cmykprinted.com\/fi\/wp-json\/wp\/v2\/media?parent=2705"}],"wp:term":[{"taxonomy":"product_cat","embeddable":true,"href":"https:\/\/cmykprinted.com\/fi\/wp-json\/wp\/v2\/product_cat?post=2705"},{"taxonomy":"product_tag","embeddable":true,"href":"https:\/\/cmykprinted.com\/fi\/wp-json\/wp\/v2\/product_tag?post=2705"}],"curies":[{"name":"wp","href":"https:\/\/api.w.org\/{rel}","templated":true}]}}