{"id":2716,"date":"2025-06-23T02:33:41","date_gmt":"2025-06-23T02:33:41","guid":{"rendered":"https:\/\/cmykprinted.com\/?post_type=product&#038;p=2716"},"modified":"2025-06-23T02:33:41","modified_gmt":"2025-06-23T02:33:41","slug":"logo-transfer-stickers","status":"publish","type":"product","link":"https:\/\/cmykprinted.com\/fi\/tuote\/logo-siirtotarrat\/","title":{"rendered":"Kiinasta valmistetut r\u00e4\u00e4t\u00e4l\u00f6idyt metalliset Nickle-logosiirtotarrat"},"content":{"rendered":"","protected":false},"excerpt":{"rendered":"<p>Haluatko saada br\u00e4ndisi erottumaan joukosta tyylikk\u00e4\u00e4ll\u00e4 ja korkealaatuisella viimeistelyll\u00e4? R\u00e4\u00e4t\u00e4l\u00f6idyt metalliset nikkelilogosiirtotarramme ovat t\u00e4ydellinen ratkaisu yrityksille, jotka vaativat laatua, kest\u00e4vyytt\u00e4 ja visuaalista vaikutusta. Kiinassa edistyneell\u00e4 galvanointitekniikalla valmistetuissa tarroissa on k\u00e4ytetty eritt\u00e4in ohutta ja kevytt\u00e4 nikkelimateriaalia, ja niiss\u00e4 on upea metallinen viimeistely \u2013 saatavilla hopeisena, kultaisena, mattapintaisena, kiilt\u00e4v\u00e4n\u00e4 tai harjattuna.<\/p>\n<p>Ihanteellinen kannettaville tietokoneille, elektroniikalle, pakkauksille, kodinkoneille, mainostuotteille, kosmetiikkapakkauspulloille, hajuvesipulloille, kynttil\u00e4pakkauslaatikoille ja muille. N\u00e4m\u00e4 siirtotarrat on helppo kiinnitt\u00e4\u00e4 vahvan liimapinnan ansiosta, eiv\u00e4tk\u00e4 ne j\u00e4t\u00e4 sotkuisia j\u00e4\u00e4mi\u00e4. Jokainen logo on leikattu mittatilausty\u00f6n\u00e4 ter\u00e4vin yksityiskohdin, mik\u00e4 varmistaa siistin ja ammattimaisen ulkon\u00e4\u00f6n mill\u00e4 tahansa sile\u00e4ll\u00e4 pinnalla.<\/p>\n<p>Minimitilausm\u00e4\u00e4r\u00e4t ovat alhaiset, saatavilla on irtotavara-alennuksia ja nopea maailmanlaajuinen toimitus takaa oikea-aikaisen toimituksen. Olitpa sitten startup-yritys tai vakiintunut tuotemerkki, valitse Kiinassa valmistettua laatua, johon voit luottaa \u2013 hienostunutta, edullista ja tehty tekem\u00e4\u00e4n vaikutuksen.<\/p>\n<div style=\"width: 726px;\" class=\"wp-video\"><!--[if lt IE 9]><script>document.createElement('video');<\/script><![endif]--><br \/>\n<video class=\"wp-video-shortcode\" id=\"video-2716-1\" width=\"726\" height=\"720\" preload=\"metadata\" controls=\"controls\"><source type=\"video\/mp4\" src=\"https:\/\/cmykprinted.com\/wp-content\/uploads\/2025\/06\/3d-Metal-Transfer-Stickers.mp4?_=1\" \/><a href=\"https:\/\/cmykprinted.com\/wp-content\/uploads\/2025\/06\/3d-Metal-Transfer-Stickers.mp4\">https:\/\/cmykprinted.com\/wp-content\/uploads\/2025\/06\/3d-Metal-Transfer-Stickers.mp4<\/a><\/video><\/div>","protected":false},"featured_media":2717,"template":"","meta":{"_kad_post_transparent":"default","_kad_post_title":"hide","_kad_post_layout":"fullwidth","_kad_post_sidebar_id":"","_kad_post_content_style":"unboxed","_kad_post_vertical_padding":"hide","_kad_post_feature":"hide","_kad_post_feature_position":"","_kad_post_header":false,"_kad_post_footer":false},"product_cat":[101,102],"product_tag":[620,619,621],"class_list":{"0":"post-2716","1":"product","2":"type-product","3":"status-publish","4":"has-post-thumbnail","6":"product_cat-transfer-stickers","7":"product_cat-metal-transfer-stickers","8":"product_tag-custom-logo-transfer-stickers","9":"product_tag-logo-transfer-stickers","10":"product_tag-metal-nickle-logo-transfer-stickers","12":"first","13":"instock","14":"shipping-taxable","15":"product-type-simple","16":"entry","17":"content-bg","18":"loop-entry"},"_links":{"self":[{"href":"https:\/\/cmykprinted.com\/fi\/wp-json\/wp\/v2\/product\/2716","targetHints":{"allow":["GET"]}}],"collection":[{"href":"https:\/\/cmykprinted.com\/fi\/wp-json\/wp\/v2\/product"}],"about":[{"href":"https:\/\/cmykprinted.com\/fi\/wp-json\/wp\/v2\/types\/product"}],"version-history":[{"count":1,"href":"https:\/\/cmykprinted.com\/fi\/wp-json\/wp\/v2\/product\/2716\/revisions"}],"predecessor-version":[{"id":2722,"href":"https:\/\/cmykprinted.com\/fi\/wp-json\/wp\/v2\/product\/2716\/revisions\/2722"}],"wp:featuredmedia":[{"embeddable":true,"href":"https:\/\/cmykprinted.com\/fi\/wp-json\/wp\/v2\/media\/2717"}],"wp:attachment":[{"href":"https:\/\/cmykprinted.com\/fi\/wp-json\/wp\/v2\/media?parent=2716"}],"wp:term":[{"taxonomy":"product_cat","embeddable":true,"href":"https:\/\/cmykprinted.com\/fi\/wp-json\/wp\/v2\/product_cat?post=2716"},{"taxonomy":"product_tag","embeddable":true,"href":"https:\/\/cmykprinted.com\/fi\/wp-json\/wp\/v2\/product_tag?post=2716"}],"curies":[{"name":"wp","href":"https:\/\/api.w.org\/{rel}","templated":true}]}}