{"id":2723,"date":"2025-06-27T03:53:26","date_gmt":"2025-06-27T03:53:26","guid":{"rendered":"https:\/\/cmykprinted.com\/?post_type=product&#038;p=2723"},"modified":"2025-06-27T06:33:48","modified_gmt":"2025-06-27T06:33:48","slug":"custom-made-football-flags","status":"publish","type":"product","link":"https:\/\/cmykprinted.com\/fi\/tuote\/mittatilaus-jalkapallo-liput\/","title":{"rendered":"Suurikokoiset mittatilausty\u00f6n\u00e4 tehdyt jalkapalloliput ja bannerit edulliseen hintaan"},"content":{"rendered":"","protected":false},"excerpt":{"rendered":"<p>Haluatko esitell\u00e4 jalkapalloylpeytt\u00e4si n\u00e4ytt\u00e4v\u00e4sti? Suuret, mittatilausty\u00f6n\u00e4 tehdyt jalkapallolippumme ovat t\u00e4ydellinen ratkaisu intohimoisille faneille, seuroille tai tapahtumaj\u00e4rjest\u00e4jille, jotka haluavat tehd\u00e4 voimakkaan vaikutuksen. Ensiluokkaisesta ja kest\u00e4v\u00e4st\u00e4 polyesterikankaasta valmistetut bannerit kest\u00e4v\u00e4t ulkoilman olosuhteita ja pysyv\u00e4t eloisina kaudesta toiseen.<\/p>\n<p>Tarjoamme t\u00e4ydellisen r\u00e4\u00e4t\u00e4l\u00f6innin \u2013 valitse joukkueesi v\u00e4rit, logot, iskulauseet ja mink\u00e4 tahansa ainutlaatuisen designin luodaksesi lippuja, jotka todella heijastavat jalkapallohenke\u00e4si. Olitpa sitten koristelemassa stadioneja, fanialueita, urheilubaareja tai ulkoilmatapahtumia, ter\u00e4v\u00e4piirtotulostuksemme takaavat ter\u00e4v\u00e4t grafiikat ja silmiinpist\u00e4v\u00e4t v\u00e4rit, jotka erottuvat joukosta.<\/p>\n<p>Vaikuttavasta koostaan \u200b\u200bja laadustaan \u200b\u200bhuolimatta takaamme eritt\u00e4in kilpailukykyiset hinnat, jotka sopivat kaikkiin budjetteihin, joten turnauksiin, liigoihin tai mainoskampanjoihin tilaaminen irtotavarana on helpompaa kuin koskaan. Nopea toimitusaika ja maailmanlaajuinen toimitus takaavat, ett\u00e4 saat bannerisi ajoissa, miss\u00e4 ikin\u00e4 oletkin.<\/p>\n<p>\u00c4l\u00e4 tyydy tavalliseen. N\u00e4yt\u00e4 joukkueesi intohimo \u00e4\u00e4nekk\u00e4\u00e4sti ja ylpe\u00e4n\u00e4 suurikokoisilla, mittatilausty\u00f6n\u00e4 valmistetuilla jalkapallolippuillamme \u2013 ensiluokkaista laatua ilman korkeaa hintaa!<\/p>\n<div style=\"width: 854px;\" class=\"wp-video\"><!--[if lt IE 9]><script>document.createElement('video');<\/script><![endif]--><br \/>\n<video class=\"wp-video-shortcode\" id=\"video-2723-1\" width=\"854\" height=\"480\" preload=\"metadata\" controls=\"controls\"><source type=\"video\/mp4\" src=\"https:\/\/cmykprinted.com\/wp-content\/uploads\/2025\/06\/Large-Flag-Banner-for-Football-Events.mp4?_=1\" \/><a href=\"https:\/\/cmykprinted.com\/wp-content\/uploads\/2025\/06\/Large-Flag-Banner-for-Football-Events.mp4\">https:\/\/cmykprinted.com\/wp-content\/uploads\/2025\/06\/Large-Flag-Banner-for-Football-Events.mp4<\/a><\/video><\/div>","protected":false},"featured_media":2724,"template":"","meta":{"_kad_post_transparent":"default","_kad_post_title":"hide","_kad_post_layout":"fullwidth","_kad_post_sidebar_id":"","_kad_post_content_style":"unboxed","_kad_post_vertical_padding":"hide","_kad_post_feature":"hide","_kad_post_feature_position":"","_kad_post_header":false,"_kad_post_footer":false},"product_cat":[79],"product_tag":[625,622,626,624,623],"class_list":{"0":"post-2723","1":"product","2":"type-product","3":"status-publish","4":"has-post-thumbnail","6":"product_cat-custom-flags","7":"product_tag-custom-football-flags","8":"product_tag-custom-made-football-flags","9":"product_tag-custom-made-sports-flags","10":"product_tag-large-size-flags","11":"product_tag-sports-flags-banners","13":"first","14":"instock","15":"shipping-taxable","16":"product-type-simple","17":"entry","18":"content-bg","19":"loop-entry"},"_links":{"self":[{"href":"https:\/\/cmykprinted.com\/fi\/wp-json\/wp\/v2\/product\/2723","targetHints":{"allow":["GET"]}}],"collection":[{"href":"https:\/\/cmykprinted.com\/fi\/wp-json\/wp\/v2\/product"}],"about":[{"href":"https:\/\/cmykprinted.com\/fi\/wp-json\/wp\/v2\/types\/product"}],"version-history":[{"count":5,"href":"https:\/\/cmykprinted.com\/fi\/wp-json\/wp\/v2\/product\/2723\/revisions"}],"predecessor-version":[{"id":2743,"href":"https:\/\/cmykprinted.com\/fi\/wp-json\/wp\/v2\/product\/2723\/revisions\/2743"}],"wp:featuredmedia":[{"embeddable":true,"href":"https:\/\/cmykprinted.com\/fi\/wp-json\/wp\/v2\/media\/2724"}],"wp:attachment":[{"href":"https:\/\/cmykprinted.com\/fi\/wp-json\/wp\/v2\/media?parent=2723"}],"wp:term":[{"taxonomy":"product_cat","embeddable":true,"href":"https:\/\/cmykprinted.com\/fi\/wp-json\/wp\/v2\/product_cat?post=2723"},{"taxonomy":"product_tag","embeddable":true,"href":"https:\/\/cmykprinted.com\/fi\/wp-json\/wp\/v2\/product_tag?post=2723"}],"curies":[{"name":"wp","href":"https:\/\/api.w.org\/{rel}","templated":true}]}}