{"id":2738,"date":"2025-06-27T06:28:32","date_gmt":"2025-06-27T06:28:32","guid":{"rendered":"https:\/\/cmykprinted.com\/?post_type=product&#038;p=2738"},"modified":"2025-06-27T06:28:33","modified_gmt":"2025-06-27T06:28:33","slug":"business-flags","status":"publish","type":"product","link":"https:\/\/cmykprinted.com\/fi\/tuote\/yritys-liput\/","title":{"rendered":"Mukautetut pisaranmuotoiset yritysliput 24 tunnin toimitusajalla"},"content":{"rendered":"","protected":false},"excerpt":{"rendered":"<p><strong>Erotu joukosta v\u00e4litt\u00f6m\u00e4sti mittatilausty\u00f6n\u00e4 tehdyill\u00e4 pisaranmuotoisilla yrityslipuilla \u2013 Toimitus vain 24 tunnissa!<\/strong><\/p>\n<p>Haluatko yrityksesi her\u00e4tt\u00e4v\u00e4n huomiota nopeasti? R\u00e4\u00e4t\u00e4l\u00f6idyt pisaranmuotoiset yrityslippumme ovat t\u00e4ydellinen ja vaikuttava ratkaisu br\u00e4ndisi, kampanjoidesi tai tapahtumiesi esittelyyn. N\u00e4iss\u00e4 maksimaalista n\u00e4kyvyytt\u00e4 varten suunnitelluissa lipuissa on tyylik\u00e4s, moderni muoto, joka liehuu kauniisti ja her\u00e4tt\u00e4\u00e4 katseita joka suunnasta.<\/p>\n<p>Tarjoamme t\u00e4ysv\u00e4rist\u00e4, korkearesoluutioista painatusta ensiluokkaiselle polyesterikankaalle varmistaen, ett\u00e4 logosi, iskulauseesi ja grafiikkasi n\u00e4ytt\u00e4v\u00e4t eloisilta ja ammattimaisilta. Saatavilla on useita kokoja, joten voit valita t\u00e4ydellisen korkeuden ja leveyden myym\u00e4l\u00e4\u00e4si, messuosastoasi, ulkoilmatapahtumaasi tai tienvarsin\u00e4ytt\u00f6\u00e4si varten.<\/p>\n<p>Mik\u00e4 parasta, tarjoamme ly\u00f6m\u00e4tt\u00f6m\u00e4n 24 tunnin toimituspalvelun, joten voit noudattaa tiukkoja aikatauluja laadusta tinkim\u00e4tt\u00e4. Suunnittelun hyv\u00e4ksynn\u00e4st\u00e4 tuotantoon, virtaviivaistettu prosessimme varmistaa lippujesi nopean toimituksen, mik\u00e4 auttaa sinua tarttumaan tilaisuuksiin viipym\u00e4tt\u00e4.<\/p>\n<p>Edullinen hinta, kest\u00e4v\u00e4t materiaalit ja helppo kokoaminen tekev\u00e4t mittatilausty\u00f6n\u00e4 tehdyist\u00e4 pisaranmuotoisista yrityslipuistamme parhaan markkinointity\u00f6kalun kaikille yrityksille, jotka ovat valmiita tekem\u00e4\u00e4n rohkean vaikutuksen \u2013 nopeasti!<\/p>\n<div style=\"width: 1290px;\" class=\"wp-video\"><!--[if lt IE 9]><script>document.createElement('video');<\/script><![endif]--><br \/>\n<video class=\"wp-video-shortcode\" id=\"video-2738-1\" width=\"1290\" height=\"726\" poster=\"https:\/\/cmykprinted.com\/wp-content\/uploads\/2023\/10\/Wholesale-Teardrop-Flags-1026002.jpg\" preload=\"metadata\" controls=\"controls\"><source type=\"video\/mp4\" src=\"https:\/\/cmykprinted.com\/wp-content\/uploads\/2023\/10\/Wholesale-Teardrop-Flags.mp4?_=1\" \/><a href=\"https:\/\/cmykprinted.com\/wp-content\/uploads\/2023\/10\/Wholesale-Teardrop-Flags.mp4\">https:\/\/cmykprinted.com\/wp-content\/uploads\/2023\/10\/Wholesale-Teardrop-Flags.mp4<\/a><\/video><\/div>","protected":false},"featured_media":2741,"template":"","meta":{"_kad_post_transparent":"default","_kad_post_title":"hide","_kad_post_layout":"fullwidth","_kad_post_sidebar_id":"","_kad_post_content_style":"unboxed","_kad_post_vertical_padding":"hide","_kad_post_feature":"hide","_kad_post_feature_position":"","_kad_post_header":false,"_kad_post_footer":false},"product_cat":[64,67],"product_tag":[627,629,628],"class_list":{"0":"post-2738","1":"product","2":"type-product","3":"status-publish","4":"has-post-thumbnail","6":"product_cat-beach-flags","7":"product_cat-teardrop-flags-banners","8":"product_tag-business-flags","9":"product_tag-custom-business-flags","10":"product_tag-teardrop-business-flags","12":"first","13":"instock","14":"shipping-taxable","15":"product-type-simple","16":"entry","17":"content-bg","18":"loop-entry"},"_links":{"self":[{"href":"https:\/\/cmykprinted.com\/fi\/wp-json\/wp\/v2\/product\/2738","targetHints":{"allow":["GET"]}}],"collection":[{"href":"https:\/\/cmykprinted.com\/fi\/wp-json\/wp\/v2\/product"}],"about":[{"href":"https:\/\/cmykprinted.com\/fi\/wp-json\/wp\/v2\/types\/product"}],"version-history":[{"count":1,"href":"https:\/\/cmykprinted.com\/fi\/wp-json\/wp\/v2\/product\/2738\/revisions"}],"predecessor-version":[{"id":2742,"href":"https:\/\/cmykprinted.com\/fi\/wp-json\/wp\/v2\/product\/2738\/revisions\/2742"}],"wp:featuredmedia":[{"embeddable":true,"href":"https:\/\/cmykprinted.com\/fi\/wp-json\/wp\/v2\/media\/2741"}],"wp:attachment":[{"href":"https:\/\/cmykprinted.com\/fi\/wp-json\/wp\/v2\/media?parent=2738"}],"wp:term":[{"taxonomy":"product_cat","embeddable":true,"href":"https:\/\/cmykprinted.com\/fi\/wp-json\/wp\/v2\/product_cat?post=2738"},{"taxonomy":"product_tag","embeddable":true,"href":"https:\/\/cmykprinted.com\/fi\/wp-json\/wp\/v2\/product_tag?post=2738"}],"curies":[{"name":"wp","href":"https:\/\/api.w.org\/{rel}","templated":true}]}}