{"id":2745,"date":"2025-07-01T12:15:17","date_gmt":"2025-07-01T12:15:17","guid":{"rendered":"https:\/\/cmykprinted.com\/?post_type=product&#038;p=2745"},"modified":"2025-07-01T12:35:43","modified_gmt":"2025-07-01T12:35:43","slug":"display-signs-for-trade-shows","status":"publish","type":"product","link":"https:\/\/cmykprinted.com\/fi\/tuote\/naytto-kyltit-messuille\/","title":{"rendered":"Mukautetut kangasn\u00e4ytt\u00f6kyltit messuille 48 tunnin toimitusajalla"},"content":{"rendered":"","protected":false},"excerpt":{"rendered":"<p>Erotu br\u00e4ndist\u00e4si messuilla mittatilausty\u00f6n\u00e4 valmistetuilla kangasn\u00e4ytt\u00f6kylteill\u00e4mme, jotka on suunniteltu tarjoamaan eloisia visuaalisia ilmeit\u00e4 ja ammattimaista vaikutelmaa. N\u00e4m\u00e4 edistyneess\u00e4 tuotantolaitoksessamme valmistetut n\u00e4ytt\u00f6kyltit on painettu korkearesoluutioisella sublimaatiotekniikalla ensiluokkaisille kankaille, kuten 250 g\/m\u00b2 polyesterille, mik\u00e4 varmistaa kirkkaat v\u00e4rit ja rypistym\u00e4tt\u00f6m\u00e4n suorituskyvyn.<\/p>\n<p>Tarjoamme laajan valikoiman r\u00e4\u00e4t\u00e4l\u00f6it\u00e4vi\u00e4 kangaskylttej\u00e4 messuille, riippuviin banderolleihin ja p\u00f6yt\u00e4mainoksiin. Kevyet ja helposti koottavat kangaskylttimme sopivat nopeasti pystytett\u00e4v\u00e4ksi ja kuljetettavaksi, mik\u00e4 s\u00e4\u00e4st\u00e4\u00e4 aikaa ja vaivaa kiireisiss\u00e4 tapahtumissa.<\/p>\n<p>Nauti aidosta tehtaan suorasta hinnoittelusta laadusta tinkim\u00e4tt\u00e4. Tarvitsetpa sitten yksitt\u00e4isi\u00e4 esillepanoja tai irtotuotantoa, takaamme kilpailukykyiset hinnat, nopeat toimitusajat ja toimitukset maailmanlaajuisesti. Mainosta br\u00e4ndi\u00e4si r\u00e4\u00e4t\u00e4l\u00f6idyill\u00e4 kangasn\u00e4ytt\u00f6kylteill\u00e4, jotka her\u00e4tt\u00e4v\u00e4t huomiota ja j\u00e4tt\u00e4v\u00e4t pysyv\u00e4n vaikutuksen jokaisella messuilla!<\/p>\n<div style=\"width: 720px;\" class=\"wp-video\"><!--[if lt IE 9]><script>document.createElement('video');<\/script><![endif]--><br \/>\n<video class=\"wp-video-shortcode\" id=\"video-2745-1\" width=\"720\" height=\"1280\" preload=\"metadata\" controls=\"controls\"><source type=\"video\/mp4\" src=\"https:\/\/cmykprinted.com\/wp-content\/uploads\/2025\/07\/Instruction-Installation-Custom-Pillowcase-Backdrop.mp4?_=1\" \/><a href=\"https:\/\/cmykprinted.com\/wp-content\/uploads\/2025\/07\/Instruction-Installation-Custom-Pillowcase-Backdrop.mp4\">https:\/\/cmykprinted.com\/wp-content\/uploads\/2025\/07\/Instruction-Installation-Custom-Pillowcase-Backdrop.mp4<\/a><\/video><\/div>\n<p>&nbsp;<\/p>","protected":false},"featured_media":2751,"template":"","meta":{"_kad_post_transparent":"default","_kad_post_title":"hide","_kad_post_layout":"fullwidth","_kad_post_sidebar_id":"","_kad_post_content_style":"unboxed","_kad_post_vertical_padding":"hide","_kad_post_feature":"hide","_kad_post_feature_position":"","_kad_post_header":false,"_kad_post_footer":false},"product_cat":[97,99],"product_tag":[632,630,631],"class_list":{"0":"post-2745","1":"product","2":"type-product","3":"status-publish","4":"has-post-thumbnail","6":"product_cat-tension-fabric-displays","7":"product_cat-custom-fabric-displays","8":"product_tag-custom-fabric-display-signs","9":"product_tag-display-signs-for-trade-shows","10":"product_tag-fabric-display-signs","12":"first","13":"instock","14":"shipping-taxable","15":"product-type-simple","16":"entry","17":"content-bg","18":"loop-entry"},"_links":{"self":[{"href":"https:\/\/cmykprinted.com\/fi\/wp-json\/wp\/v2\/product\/2745","targetHints":{"allow":["GET"]}}],"collection":[{"href":"https:\/\/cmykprinted.com\/fi\/wp-json\/wp\/v2\/product"}],"about":[{"href":"https:\/\/cmykprinted.com\/fi\/wp-json\/wp\/v2\/types\/product"}],"version-history":[{"count":1,"href":"https:\/\/cmykprinted.com\/fi\/wp-json\/wp\/v2\/product\/2745\/revisions"}],"predecessor-version":[{"id":2756,"href":"https:\/\/cmykprinted.com\/fi\/wp-json\/wp\/v2\/product\/2745\/revisions\/2756"}],"wp:featuredmedia":[{"embeddable":true,"href":"https:\/\/cmykprinted.com\/fi\/wp-json\/wp\/v2\/media\/2751"}],"wp:attachment":[{"href":"https:\/\/cmykprinted.com\/fi\/wp-json\/wp\/v2\/media?parent=2745"}],"wp:term":[{"taxonomy":"product_cat","embeddable":true,"href":"https:\/\/cmykprinted.com\/fi\/wp-json\/wp\/v2\/product_cat?post=2745"},{"taxonomy":"product_tag","embeddable":true,"href":"https:\/\/cmykprinted.com\/fi\/wp-json\/wp\/v2\/product_tag?post=2745"}],"curies":[{"name":"wp","href":"https:\/\/api.w.org\/{rel}","templated":true}]}}