{"id":2758,"date":"2025-07-02T03:30:52","date_gmt":"2025-07-02T03:30:52","guid":{"rendered":"https:\/\/cmykprinted.com\/?post_type=product&#038;p=2758"},"modified":"2025-07-02T03:30:52","modified_gmt":"2025-07-02T03:30:52","slug":"waterproof-transfer-stickers","status":"publish","type":"product","link":"https:\/\/cmykprinted.com\/fi\/tuote\/vedenpitavat-siirtotarrat\/","title":{"rendered":"Logo-liimautuva vedenpit\u00e4v\u00e4 siirtotarra kosmetiikkaan hajuvesipulloon"},"content":{"rendered":"","protected":false},"excerpt":{"rendered":"<p>Nosta kosmetiikka- ja hajuvesipakkaustesi tasoa r\u00e4\u00e4t\u00e4l\u00f6idyill\u00e4, vedenpit\u00e4vill\u00e4 siirtotarroilla, jotka on suunniteltu tarttumaan saumattomasti lasipulloihin ja kiilt\u00e4viin pintoihin. N\u00e4m\u00e4 korkealaatuisista materiaaleista valmistetut tarrat sis\u00e4lt\u00e4v\u00e4t vahvan liimapinnan, joka varmistaa tukevan pidon my\u00f6s kosteissa tai m\u00e4riss\u00e4 olosuhteissa. Vedenpit\u00e4v\u00e4t ja \u00f6ljynkest\u00e4v\u00e4t ominaisuudet s\u00e4ilytt\u00e4v\u00e4t logosi kirkkauden hilseilem\u00e4tt\u00e4 tai haalistumatta ajan my\u00f6t\u00e4. Ne sopivat t\u00e4ydellisesti kosmetiikan, hajuvesien, eteeristen \u00f6ljyjen tai ylellisten lasis\u00e4ili\u00f6iden br\u00e4nd\u00e4ykseen ja antavat ammattimaisen ja elegantin ilmeen. Edistyksellinen painotekniikkamme takaa eloisat v\u00e4rit, ter\u00e4v\u00e4t yksityiskohdat ja sile\u00e4n pinnan, joka sulautuu saumattomasti pullon pintaan antaen etiketitt\u00f6m\u00e4n ja tyylikk\u00e4\u00e4n ulkon\u00e4\u00f6n. Helppok\u00e4ytt\u00f6iset ja eritt\u00e4in kest\u00e4v\u00e4t siirtotarrat luovat pysyv\u00e4n br\u00e4ndivaikutelman, parantavat tuotteidesi visuaalista vetovoimaa ja saavat ne erottumaan hyllyill\u00e4. Mukauta muotoja, kokoja ja viimeistelyj\u00e4 heijastamaan ainutlaatuista br\u00e4ndi-identiteetti\u00e4si.<\/p>\n<div style=\"width: 1280px;\" class=\"wp-video\"><!--[if lt IE 9]><script>document.createElement('video');<\/script><![endif]--><br \/>\n<video class=\"wp-video-shortcode\" id=\"video-2758-1\" width=\"1280\" height=\"720\" preload=\"metadata\" controls=\"controls\"><source type=\"video\/mp4\" src=\"https:\/\/cmykprinted.com\/wp-content\/uploads\/2025\/07\/Waterproof-Transfer-Stickers.mp4?_=1\" \/><a href=\"https:\/\/cmykprinted.com\/wp-content\/uploads\/2025\/07\/Waterproof-Transfer-Stickers.mp4\">https:\/\/cmykprinted.com\/wp-content\/uploads\/2025\/07\/Waterproof-Transfer-Stickers.mp4<\/a><\/video><\/div>","protected":false},"featured_media":2762,"template":"","meta":{"_kad_post_transparent":"default","_kad_post_title":"hide","_kad_post_layout":"fullwidth","_kad_post_sidebar_id":"","_kad_post_content_style":"unboxed","_kad_post_vertical_padding":"hide","_kad_post_feature":"hide","_kad_post_feature_position":"","_kad_post_header":false,"_kad_post_footer":false},"product_cat":[101,102],"product_tag":[636,635,634,633],"class_list":{"0":"post-2758","1":"product","2":"type-product","3":"status-publish","4":"has-post-thumbnail","6":"product_cat-transfer-stickers","7":"product_cat-metal-transfer-stickers","8":"product_tag-transfer-stickers-for-cosmetics-bottle","9":"product_tag-transfer-stickers-for-glass-bottle","10":"product_tag-transfer-stickers-for-perfume-bottle","11":"product_tag-waterproof-transfer-stickers","13":"first","14":"instock","15":"shipping-taxable","16":"product-type-simple","17":"entry","18":"content-bg","19":"loop-entry"},"_links":{"self":[{"href":"https:\/\/cmykprinted.com\/fi\/wp-json\/wp\/v2\/product\/2758","targetHints":{"allow":["GET"]}}],"collection":[{"href":"https:\/\/cmykprinted.com\/fi\/wp-json\/wp\/v2\/product"}],"about":[{"href":"https:\/\/cmykprinted.com\/fi\/wp-json\/wp\/v2\/types\/product"}],"version-history":[{"count":1,"href":"https:\/\/cmykprinted.com\/fi\/wp-json\/wp\/v2\/product\/2758\/revisions"}],"predecessor-version":[{"id":2766,"href":"https:\/\/cmykprinted.com\/fi\/wp-json\/wp\/v2\/product\/2758\/revisions\/2766"}],"wp:featuredmedia":[{"embeddable":true,"href":"https:\/\/cmykprinted.com\/fi\/wp-json\/wp\/v2\/media\/2762"}],"wp:attachment":[{"href":"https:\/\/cmykprinted.com\/fi\/wp-json\/wp\/v2\/media?parent=2758"}],"wp:term":[{"taxonomy":"product_cat","embeddable":true,"href":"https:\/\/cmykprinted.com\/fi\/wp-json\/wp\/v2\/product_cat?post=2758"},{"taxonomy":"product_tag","embeddable":true,"href":"https:\/\/cmykprinted.com\/fi\/wp-json\/wp\/v2\/product_tag?post=2758"}],"curies":[{"name":"wp","href":"https:\/\/api.w.org\/{rel}","templated":true}]}}