{"id":2767,"date":"2025-07-03T07:12:11","date_gmt":"2025-07-03T07:12:11","guid":{"rendered":"https:\/\/cmykprinted.com\/?post_type=product&#038;p=2767"},"modified":"2025-07-03T07:55:11","modified_gmt":"2025-07-03T07:55:11","slug":"banner-with-velcro","status":"publish","type":"product","link":"https:\/\/cmykprinted.com\/fi\/tuote\/banneri-tarranauhalla\/","title":{"rendered":"Mukautettu taustabanneri tarranauhalla - 30 % halvempi hinta"},"content":{"rendered":"","protected":false},"excerpt":{"rendered":"<p>Luo katseenvangitseva n\u00e4ytt\u00f6 r\u00e4\u00e4t\u00e4l\u00f6idyll\u00e4 taustabannerillamme, jossa on k\u00e4tev\u00e4 tarranauhakiinnitys! T\u00e4m\u00e4 helppok\u00e4ytt\u00f6iseksi ja monipuoliseksi suunniteltu taustabanneri tarranauhalla sopii t\u00e4ydellisesti messuille, valokuva-autoihin, lehdist\u00f6tilaisuuksiin, v\u00e4hitt\u00e4ismyyntitiloihin ja erikoistapahtumiin. Se on valmistettu korkealaatuisesta ja kest\u00e4v\u00e4st\u00e4 kankaasta tai vinyylist\u00e4 ja tarjoaa eloisan neliv\u00e4risen painatuksen, joka esittelee br\u00e4ndisi, viestisi tai taideteoksesi upeilla yksityiskohdilla.<\/p>\n<p>Reunojen tarranauhat takaavat nopean asennuksen ja saumattoman kohdistuksen kehyksiin tai jalustoihin, jolloin voit vaihtaa grafiikkaa vaivattomasti ilman ty\u00f6kaluja. Saatavilla useissa eri kokoisina tilaasi sopiviksi, r\u00e4\u00e4t\u00e4l\u00f6ity taustabannerimme on kevyt, kannettava ja helppo kuljettaa. K\u00e4ytettiinp\u00e4 sit\u00e4 sek\u00e4 sis\u00e4ll\u00e4 ett\u00e4 ulkona, se s\u00e4ilytt\u00e4\u00e4 eloisat v\u00e4rins\u00e4 ja ter\u00e4v\u00e4n visuaalisuutensa. Tee ammattimainen vaikutus ja nosta markkinointisi tasoa taustaratkaisulla, joka on sek\u00e4 k\u00e4yt\u00e4nn\u00f6llinen ett\u00e4 visuaalisesti vaikuttava. Tee visiostasi totta r\u00e4\u00e4t\u00e4l\u00f6idyll\u00e4 tarranauhataustabannerillamme jo t\u00e4n\u00e4\u00e4n!<\/p>\n<div style=\"width: 1290px;\" class=\"wp-video\"><!--[if lt IE 9]><script>document.createElement('video');<\/script><![endif]--><br \/>\n<video class=\"wp-video-shortcode\" id=\"video-2767-1\" width=\"1290\" height=\"726\" loop autoplay preload=\"auto\" controls=\"controls\"><source type=\"video\/mp4\" src=\"http:\/\/cmykprinted.com\/wp-content\/uploads\/2022\/12\/vinyl-PVC-banners.mp4?_=1\" \/><a href=\"http:\/\/cmykprinted.com\/wp-content\/uploads\/2022\/12\/vinyl-PVC-banners.mp4\">http:\/\/cmykprinted.com\/wp-content\/uploads\/2022\/12\/vinyl-PVC-banners.mp4<\/a><\/video><\/div>\n<p>&nbsp;<\/p>","protected":false},"featured_media":2772,"template":"","meta":{"_kad_post_transparent":"default","_kad_post_title":"hide","_kad_post_layout":"fullwidth","_kad_post_sidebar_id":"","_kad_post_content_style":"unboxed","_kad_post_vertical_padding":"hide","_kad_post_feature":"hide","_kad_post_feature_position":"","_kad_post_header":false,"_kad_post_footer":false},"product_cat":[85,90,91,89],"product_tag":[637,638],"class_list":{"0":"post-2767","1":"product","2":"type-product","3":"status-publish","4":"has-post-thumbnail","6":"product_cat-outdoor-vinyl-banners","7":"product_cat-glossy-pvc-banners","8":"product_cat-matte-vinyl-banners","9":"product_cat-pvc-banners","10":"product_tag-banner-with-velcro","11":"product_tag-custom-backdrop-banner","13":"first","14":"instock","15":"shipping-taxable","16":"product-type-simple","17":"entry","18":"content-bg","19":"loop-entry"},"_links":{"self":[{"href":"https:\/\/cmykprinted.com\/fi\/wp-json\/wp\/v2\/product\/2767","targetHints":{"allow":["GET"]}}],"collection":[{"href":"https:\/\/cmykprinted.com\/fi\/wp-json\/wp\/v2\/product"}],"about":[{"href":"https:\/\/cmykprinted.com\/fi\/wp-json\/wp\/v2\/types\/product"}],"version-history":[{"count":1,"href":"https:\/\/cmykprinted.com\/fi\/wp-json\/wp\/v2\/product\/2767\/revisions"}],"predecessor-version":[{"id":2775,"href":"https:\/\/cmykprinted.com\/fi\/wp-json\/wp\/v2\/product\/2767\/revisions\/2775"}],"wp:featuredmedia":[{"embeddable":true,"href":"https:\/\/cmykprinted.com\/fi\/wp-json\/wp\/v2\/media\/2772"}],"wp:attachment":[{"href":"https:\/\/cmykprinted.com\/fi\/wp-json\/wp\/v2\/media?parent=2767"}],"wp:term":[{"taxonomy":"product_cat","embeddable":true,"href":"https:\/\/cmykprinted.com\/fi\/wp-json\/wp\/v2\/product_cat?post=2767"},{"taxonomy":"product_tag","embeddable":true,"href":"https:\/\/cmykprinted.com\/fi\/wp-json\/wp\/v2\/product_tag?post=2767"}],"curies":[{"name":"wp","href":"https:\/\/api.w.org\/{rel}","templated":true}]}}