{"id":2784,"date":"2025-07-07T02:32:54","date_gmt":"2025-07-07T02:32:54","guid":{"rendered":"https:\/\/cmykprinted.com\/?post_type=product&#038;p=2784"},"modified":"2025-07-07T02:35:29","modified_gmt":"2025-07-07T02:35:29","slug":"street-light-pole-banner","status":"publish","type":"product","link":"https:\/\/cmykprinted.com\/fi\/tuote\/katuvalopylvas-banneri\/","title":{"rendered":"Halpa hinta katuvalopylv\u00e4\u00e4n banneri kiinnikkeill\u00e4"},"content":{"rendered":"","protected":false},"excerpt":{"rendered":"<p>Etsitk\u00f6 budjettiyst\u00e4v\u00e4llist\u00e4 mutta vaikuttavaa tapaa esitell\u00e4 br\u00e4ndi\u00e4si, mainostaa tapahtumia tai koristella kaupungin katuja? Edulliset katuvalopylv\u00e4\u00e4seen kiinnitett\u00e4v\u00e4t bannerimme kiinnikkeineen ovat t\u00e4ydellinen ratkaisu.<\/p>\n<p>Kest\u00e4vist\u00e4 ja s\u00e4\u00e4nkest\u00e4vist\u00e4 materiaaleista, kuten vahvasta vinyylist\u00e4 tai polyesterikankaasta, valmistetut bannerit takaavat eloisat ja pitk\u00e4ik\u00e4iset tulosteet, jotka kest\u00e4v\u00e4t aurinkoa, sadetta ja tuulta. Jokaisessa sarjassa on tukevat kiinnikkeet, jotka mahdollistavat turvallisen ja helpon asennuksen erikokoisiin tolppiin, joten ne sopivat ihanteellisesti kaduille, pys\u00e4k\u00f6intialueille, kampuksille, ostosalueille ja muualle.<\/p>\n<p>T\u00e4rkeimm\u00e4t ominaisuudet:<br \/>\n1. Kustannustehokas markkinointi \u2013 Hyv\u00e4 n\u00e4kyvyys edulliseen hintaan.<\/p>\n<p>2. Mukautettu painatus \u2013 T\u00e4ysv\u00e4riset grafiikat, jotka korostavat ainutlaatuista viesti\u00e4si tai br\u00e4ndi\u00e4si.<\/p>\n<p>3. Kest\u00e4v\u00e4t materiaalit \u2013 Suunniteltu kest\u00e4m\u00e4\u00e4n ulko-olosuhteita pitk\u00e4aikaisessa k\u00e4yt\u00f6ss\u00e4.<\/p>\n<p>4. Helppo asennus \u2013 Sis\u00e4lt\u00e4\u00e4 luotettavat kiinnikkeet nopeaa asennusta varten.<\/p>\n<p>5. Monipuoliset k\u00e4ytt\u00f6kohteet \u2013 T\u00e4ydellinen kausiluonteisiin promootioihin, festivaaleille, kansalaisylpeyteen ja yritysmainontaan.<\/p>\n<p>\u00c4l\u00e4 anna budjettirajoitusten rajoittaa n\u00e4kyvyytt\u00e4si. Edullisten katuvalopylv\u00e4isiin kiinnitett\u00e4vien mainosbanderolliemme avulla voit her\u00e4tt\u00e4\u00e4 huomiota ja tehostaa viesti\u00e4si kuluttamatta liikaa. Ota meihin yhteytt\u00e4 jo t\u00e4n\u00e4\u00e4n saadaksesi r\u00e4\u00e4t\u00e4l\u00f6ityj\u00e4 kokoja, malleja ja ilmaisen tarjouksen!<\/p>\n<figure id=\"attachment_2785\" aria-describedby=\"caption-attachment-2785\" style=\"width: 1000px\" class=\"wp-caption alignnone\"><img fetchpriority=\"high\" decoding=\"async\" class=\"size-full wp-image-2785\" src=\"https:\/\/cmykprinted.com\/wp-content\/uploads\/2025\/07\/Street-Light-Pole-Banner.jpg\" alt=\"Katuvalopylv\u00e4\u00e4n banneri\" width=\"1000\" height=\"560\" srcset=\"https:\/\/cmykprinted.com\/wp-content\/uploads\/2025\/07\/Street-Light-Pole-Banner.jpg 1000w, https:\/\/cmykprinted.com\/wp-content\/uploads\/2025\/07\/Street-Light-Pole-Banner-300x168.jpg 300w, https:\/\/cmykprinted.com\/wp-content\/uploads\/2025\/07\/Street-Light-Pole-Banner-768x430.jpg 768w, https:\/\/cmykprinted.com\/wp-content\/uploads\/2025\/07\/Street-Light-Pole-Banner-18x10.jpg 18w, https:\/\/cmykprinted.com\/wp-content\/uploads\/2025\/07\/Street-Light-Pole-Banner-600x336.jpg 600w\" sizes=\"(max-width: 1000px) 100vw, 1000px\" \/><figcaption id=\"caption-attachment-2785\" class=\"wp-caption-text\">Katuvalopylv\u00e4\u00e4n banneri<\/figcaption><\/figure>\n<p>&nbsp;<\/p>","protected":false},"featured_media":2786,"template":"","meta":{"_kad_post_transparent":"default","_kad_post_title":"hide","_kad_post_layout":"fullwidth","_kad_post_sidebar_id":"","_kad_post_content_style":"unboxed","_kad_post_vertical_padding":"hide","_kad_post_feature":"hide","_kad_post_feature_position":"","_kad_post_header":false,"_kad_post_footer":false},"product_cat":[85,90,91,89],"product_tag":[642,641],"class_list":{"0":"post-2784","1":"product","2":"type-product","3":"status-publish","4":"has-post-thumbnail","6":"product_cat-outdoor-vinyl-banners","7":"product_cat-glossy-pvc-banners","8":"product_cat-matte-vinyl-banners","9":"product_cat-pvc-banners","10":"product_tag-light-pole-banner-with-brackets","11":"product_tag-street-light-pole-banner","13":"first","14":"instock","15":"shipping-taxable","16":"product-type-simple","17":"entry","18":"content-bg","19":"loop-entry"},"_links":{"self":[{"href":"https:\/\/cmykprinted.com\/fi\/wp-json\/wp\/v2\/product\/2784","targetHints":{"allow":["GET"]}}],"collection":[{"href":"https:\/\/cmykprinted.com\/fi\/wp-json\/wp\/v2\/product"}],"about":[{"href":"https:\/\/cmykprinted.com\/fi\/wp-json\/wp\/v2\/types\/product"}],"version-history":[{"count":1,"href":"https:\/\/cmykprinted.com\/fi\/wp-json\/wp\/v2\/product\/2784\/revisions"}],"predecessor-version":[{"id":2789,"href":"https:\/\/cmykprinted.com\/fi\/wp-json\/wp\/v2\/product\/2784\/revisions\/2789"}],"wp:featuredmedia":[{"embeddable":true,"href":"https:\/\/cmykprinted.com\/fi\/wp-json\/wp\/v2\/media\/2786"}],"wp:attachment":[{"href":"https:\/\/cmykprinted.com\/fi\/wp-json\/wp\/v2\/media?parent=2784"}],"wp:term":[{"taxonomy":"product_cat","embeddable":true,"href":"https:\/\/cmykprinted.com\/fi\/wp-json\/wp\/v2\/product_cat?post=2784"},{"taxonomy":"product_tag","embeddable":true,"href":"https:\/\/cmykprinted.com\/fi\/wp-json\/wp\/v2\/product_tag?post=2784"}],"curies":[{"name":"wp","href":"https:\/\/api.w.org\/{rel}","templated":true}]}}