{"id":2790,"date":"2025-07-07T09:16:58","date_gmt":"2025-07-07T09:16:58","guid":{"rendered":"https:\/\/cmykprinted.com\/?post_type=product&#038;p=2790"},"modified":"2025-07-08T00:21:16","modified_gmt":"2025-07-08T00:21:16","slug":"double-sided-vinyl-banners","status":"publish","type":"product","link":"https:\/\/cmykprinted.com\/fi\/tuote\/kaksipuoliset-vinyyli-bannerit\/","title":{"rendered":"18 unssin kaksipuoliset vinyylibannerit, hinta 11 dollaria"},"content":{"rendered":"","protected":false},"excerpt":{"rendered":"<p>Markkinoinnin ja mainonnan dynaamisessa maailmassa rohkean viestinn\u00e4n ja huomion her\u00e4tt\u00e4minen on ensiarvoisen t\u00e4rke\u00e4\u00e4. Esittelemme 18 unssin kaksipuoliset vinyylibannerimme \u2013 t\u00e4ydellinen ratkaisu yrityksille, tapahtumille ja yksityishenkil\u00f6ille, jotka haluavat j\u00e4tt\u00e4\u00e4 pysyv\u00e4n j\u00e4ljen.<\/p>\n<p>Tarkasti muotoillut ja huippuosaamista silm\u00e4ll\u00e4 pit\u00e4en suunnitellut n\u00e4m\u00e4 banderollit eiv\u00e4t ole vain vinyyli\u00e4; ne ovat tehokkaita ty\u00f6kaluja, jotka on suunniteltu nostamaan viestisi uusiin korkeuksiin.<\/p>\n<p>18 unssin kaksipuolisten vinyylibanneriemme ytimess\u00e4 on poikkeuksellinen kest\u00e4vyys. Korkealaatuisesta ja kest\u00e4v\u00e4st\u00e4 vinyylimateriaalista valmistetut banderollit on rakennettu kest\u00e4m\u00e4\u00e4n ankarimpiakin s\u00e4\u00e4olosuhteita. Olipa kyseess\u00e4 paahtava aurinko, rankkasade, kova tuuli tai pakkasl\u00e4mp\u00f6tila, banderollimme pysyv\u00e4t ehjin\u00e4 ja eloisina. 18 unssin paino tarjoaa tukevan ja lujan rakenteen, joka varmistaa, ett\u00e4 banderollisi ei repeydy, rispaannu tai haalistu helposti.<\/p>\n<p>T\u00e4m\u00e4 kest\u00e4vyys tekee niist\u00e4 ihanteellisia sek\u00e4 lyhyt- ett\u00e4 pitk\u00e4aikaiseen ulkok\u00e4ytt\u00f6\u00f6n. Jos esimerkiksi mainostat kausialennusmyynti\u00e4 myym\u00e4l\u00e4si ulkopuolella, banneri s\u00e4ilytt\u00e4\u00e4 eheytens\u00e4 koko kampanjan ajan. Tai jos k\u00e4yt\u00e4t sit\u00e4 merkitsem\u00e4\u00e4n suuren tapahtuman sijaintia useiden p\u00e4ivien ajan, voit luottaa siihen, ett\u00e4 se n\u00e4ytt\u00e4\u00e4 edelleen hyv\u00e4lt\u00e4 ja v\u00e4litt\u00e4\u00e4 viestisi selke\u00e4sti.<\/p>\n<p>N\u00e4iden banderollien kaksipuolisuus kaksinkertaistaa niiden vaikutuksen. L\u00e4hestyip\u00e4 yleis\u00f6si mist\u00e4 suunnasta tahansa, heit\u00e4 tervehdit\u00e4\u00e4n selke\u00e4ll\u00e4 ja vakuuttavalla viestill\u00e4. T\u00e4m\u00e4 on erityisen hy\u00f6dyllist\u00e4 vilkkaasti liikenn\u00f6idyill\u00e4 alueilla, kuten vilkkailla kaduilla, risteyksiss\u00e4 tai festivaaleilla ja messuilla olevilla suurilla avoimilla alueilla.<\/p>\n<p>Se maksimoi br\u00e4ndisi, tuotteesi tai tapahtumasi n\u00e4kyvyyden varmistaen, ett\u00e4 markkinointiinvestointisi kantaa pidemp\u00e4\u00e4n.<\/p>\n<figure id=\"attachment_2785\" aria-describedby=\"caption-attachment-2785\" style=\"width: 1000px\" class=\"wp-caption alignnone\"><img fetchpriority=\"high\" decoding=\"async\" class=\"size-full wp-image-2785\" src=\"https:\/\/cmykprinted.com\/wp-content\/uploads\/2025\/07\/Street-Light-Pole-Banner.jpg\" alt=\" Kaksipuoliset vinyylibannerit\" width=\"1000\" height=\"560\" srcset=\"https:\/\/cmykprinted.com\/wp-content\/uploads\/2025\/07\/Street-Light-Pole-Banner.jpg 1000w, https:\/\/cmykprinted.com\/wp-content\/uploads\/2025\/07\/Street-Light-Pole-Banner-300x168.jpg 300w, https:\/\/cmykprinted.com\/wp-content\/uploads\/2025\/07\/Street-Light-Pole-Banner-768x430.jpg 768w, https:\/\/cmykprinted.com\/wp-content\/uploads\/2025\/07\/Street-Light-Pole-Banner-18x10.jpg 18w, https:\/\/cmykprinted.com\/wp-content\/uploads\/2025\/07\/Street-Light-Pole-Banner-600x336.jpg 600w\" sizes=\"(max-width: 1000px) 100vw, 1000px\" \/><figcaption id=\"caption-attachment-2785\" class=\"wp-caption-text\">Kaksipuoliset vinyylibannerit<\/figcaption><\/figure>","protected":false},"featured_media":2792,"template":"","meta":{"_kad_post_transparent":"default","_kad_post_title":"hide","_kad_post_layout":"fullwidth","_kad_post_sidebar_id":"","_kad_post_content_style":"unboxed","_kad_post_vertical_padding":"hide","_kad_post_feature":"hide","_kad_post_feature_position":"","_kad_post_header":false,"_kad_post_footer":false},"product_cat":[85,90,91,89],"product_tag":[644,645,643],"class_list":{"0":"post-2790","1":"product","2":"type-product","3":"status-publish","4":"has-post-thumbnail","6":"product_cat-outdoor-vinyl-banners","7":"product_cat-glossy-pvc-banners","8":"product_cat-matte-vinyl-banners","9":"product_cat-pvc-banners","10":"product_tag-18-oz-vinyl-banners","11":"product_tag-double-sided-banners","12":"product_tag-double-sided-vinyl-banners","14":"first","15":"instock","16":"shipping-taxable","17":"product-type-simple","18":"entry","19":"content-bg","20":"loop-entry"},"_links":{"self":[{"href":"https:\/\/cmykprinted.com\/fi\/wp-json\/wp\/v2\/product\/2790","targetHints":{"allow":["GET"]}}],"collection":[{"href":"https:\/\/cmykprinted.com\/fi\/wp-json\/wp\/v2\/product"}],"about":[{"href":"https:\/\/cmykprinted.com\/fi\/wp-json\/wp\/v2\/types\/product"}],"version-history":[{"count":1,"href":"https:\/\/cmykprinted.com\/fi\/wp-json\/wp\/v2\/product\/2790\/revisions"}],"predecessor-version":[{"id":2796,"href":"https:\/\/cmykprinted.com\/fi\/wp-json\/wp\/v2\/product\/2790\/revisions\/2796"}],"wp:featuredmedia":[{"embeddable":true,"href":"https:\/\/cmykprinted.com\/fi\/wp-json\/wp\/v2\/media\/2792"}],"wp:attachment":[{"href":"https:\/\/cmykprinted.com\/fi\/wp-json\/wp\/v2\/media?parent=2790"}],"wp:term":[{"taxonomy":"product_cat","embeddable":true,"href":"https:\/\/cmykprinted.com\/fi\/wp-json\/wp\/v2\/product_cat?post=2790"},{"taxonomy":"product_tag","embeddable":true,"href":"https:\/\/cmykprinted.com\/fi\/wp-json\/wp\/v2\/product_tag?post=2790"}],"curies":[{"name":"wp","href":"https:\/\/api.w.org\/{rel}","templated":true}]}}