{"id":2799,"date":"2025-07-08T08:16:30","date_gmt":"2025-07-08T08:16:30","guid":{"rendered":"https:\/\/cmykprinted.com\/?post_type=product&#038;p=2799"},"modified":"2025-07-08T08:16:30","modified_gmt":"2025-07-08T08:16:30","slug":"custom-fabric-banners","status":"publish","type":"product","link":"https:\/\/cmykprinted.com\/fi\/tuote\/raataloidyt-kangas-bannerit\/","title":{"rendered":"Kangasbannerit messuille\/urheiluun\/tapahtumiin 20 % alennuksella"},"content":{"rendered":"","protected":false},"excerpt":{"rendered":"<p>Tee vaikutus messuilla, urheilutapahtumissa tai miss\u00e4 tahansa erityistilaisuudessa ensiluokkaisilla, mittatilausty\u00f6n\u00e4 tehdyill\u00e4 kangasbannereillamme. N\u00e4m\u00e4 bannerit on valmistettu korkealaatuisista ja kest\u00e4vist\u00e4 materiaaleista, ja niiss\u00e4 on eloisa ja ter\u00e4v\u00e4 grafiikka, joka kiinnitt\u00e4\u00e4 jokaisen katseen ja korostaa br\u00e4ndisi l\u00e4sn\u00e4oloa. Kevyet mutta tukevat bannerit on helppo kuljettaa, asentaa ja k\u00e4ytt\u00e4\u00e4 uudelleen, mik\u00e4 s\u00e4\u00e4st\u00e4\u00e4 aikaa ja rahaa.<\/p>\n<p>Esitteletp\u00e4 yrityst\u00e4si n\u00e4yttelyss\u00e4, kannustat tiimi\u00e4si tai luot upean taustan tapahtumalle, kangasbannerimme tarjoavat monipuolisia ratkaisuja, jotka on r\u00e4\u00e4t\u00e4l\u00f6ity ainutlaatuisiin tarpeisiisi. Nauti kirkkaista v\u00e4reist\u00e4 edistyneen sublimaatiopainatuksen ansiosta, joka varmistaa, ett\u00e4 viestisi pysyy rohkeana ja ammattimaisena.<\/p>\n<p>\u00c4l\u00e4 missaa rajoitetun ajan voimassa olevaa tarjoustamme: Saat 20 % alennusta mittatilausty\u00f6n\u00e4 tehdyist\u00e4 kangasbannereistasi jo t\u00e4n\u00e4\u00e4n ja anna br\u00e4ndisi loistaa kirkkaammin kuin koskaan. Ota meihin yhteytt\u00e4 nyt ja nosta esillepanosi tasoa uudelle tasolle ja erottua kilpailijoista!<\/p>\n<div style=\"width: 854px;\" class=\"wp-video\"><!--[if lt IE 9]><script>document.createElement('video');<\/script><![endif]--><br \/>\n<video class=\"wp-video-shortcode\" id=\"video-2799-1\" width=\"854\" height=\"480\" preload=\"metadata\" controls=\"controls\"><source type=\"video\/mp4\" src=\"https:\/\/cmykprinted.com\/wp-content\/uploads\/2025\/06\/Large-Flag-Banner-for-Football-Events.mp4?_=1\" \/><a href=\"https:\/\/cmykprinted.com\/wp-content\/uploads\/2025\/06\/Large-Flag-Banner-for-Football-Events.mp4\">https:\/\/cmykprinted.com\/wp-content\/uploads\/2025\/06\/Large-Flag-Banner-for-Football-Events.mp4<\/a><\/video><\/div>","protected":false},"featured_media":2807,"template":"","meta":{"_kad_post_transparent":"default","_kad_post_title":"hide","_kad_post_layout":"fullwidth","_kad_post_sidebar_id":"","_kad_post_content_style":"unboxed","_kad_post_vertical_padding":"hide","_kad_post_feature":"hide","_kad_post_feature_position":"","_kad_post_header":false,"_kad_post_footer":false},"product_cat":[79],"product_tag":[646,408,648,647],"class_list":{"0":"post-2799","1":"product","2":"type-product","3":"status-publish","4":"has-post-thumbnail","6":"product_cat-custom-flags","7":"product_tag-custom-fabric-banners","8":"product_tag-fabric-banners","9":"product_tag-fabric-banners-for-events","10":"product_tag-fabric-banners-for-trade-show","12":"first","13":"instock","14":"shipping-taxable","15":"product-type-simple","16":"entry","17":"content-bg","18":"loop-entry"},"_links":{"self":[{"href":"https:\/\/cmykprinted.com\/fi\/wp-json\/wp\/v2\/product\/2799","targetHints":{"allow":["GET"]}}],"collection":[{"href":"https:\/\/cmykprinted.com\/fi\/wp-json\/wp\/v2\/product"}],"about":[{"href":"https:\/\/cmykprinted.com\/fi\/wp-json\/wp\/v2\/types\/product"}],"version-history":[{"count":1,"href":"https:\/\/cmykprinted.com\/fi\/wp-json\/wp\/v2\/product\/2799\/revisions"}],"predecessor-version":[{"id":2808,"href":"https:\/\/cmykprinted.com\/fi\/wp-json\/wp\/v2\/product\/2799\/revisions\/2808"}],"wp:featuredmedia":[{"embeddable":true,"href":"https:\/\/cmykprinted.com\/fi\/wp-json\/wp\/v2\/media\/2807"}],"wp:attachment":[{"href":"https:\/\/cmykprinted.com\/fi\/wp-json\/wp\/v2\/media?parent=2799"}],"wp:term":[{"taxonomy":"product_cat","embeddable":true,"href":"https:\/\/cmykprinted.com\/fi\/wp-json\/wp\/v2\/product_cat?post=2799"},{"taxonomy":"product_tag","embeddable":true,"href":"https:\/\/cmykprinted.com\/fi\/wp-json\/wp\/v2\/product_tag?post=2799"}],"curies":[{"name":"wp","href":"https:\/\/api.w.org\/{rel}","templated":true}]}}