{"id":2810,"date":"2025-07-10T09:30:52","date_gmt":"2025-07-10T09:30:52","guid":{"rendered":"https:\/\/cmykprinted.com\/?post_type=product&#038;p=2810"},"modified":"2025-07-10T09:30:52","modified_gmt":"2025-07-10T09:30:52","slug":"breakaway-banner-for-football","status":"publish","type":"product","link":"https:\/\/cmykprinted.com\/fi\/tuote\/lapimurto-banneri-jalkapalloon-2\/","title":{"rendered":"Irrotettava jalkapallobanneri kilpailukykyiseen hintaan"},"content":{"rendered":"","protected":false},"excerpt":{"rendered":"<p>Haluatko tuoda vertaansa vailla olevaa j\u00e4nnityst\u00e4 ja joukkuehenke\u00e4 jalkapallo-otteluihisi venytt\u00e4m\u00e4tt\u00e4 budjettiasi? Irrotettavat jalkapallobanderollimme tarjoavat t\u00e4ydellisen ratkaisun kilpailukykyiseen hintaan. N\u00e4m\u00e4 dramaattisiin pelaajien sis\u00e4\u00e4ntuloihin suunnitellut banderollit luovat j\u00e4nnitt\u00e4v\u00e4n spektaakkelin, joka energisoi sek\u00e4 urheilijoita ett\u00e4 faneja.<\/p>\n<p>Luo upeita pelip\u00e4iv\u00e4n hetki\u00e4<\/p>\n<p>Jalkapallobanderollimme on valmistettu korkealaatuisesta ja kest\u00e4v\u00e4st\u00e4 kankaasta, joka kest\u00e4\u00e4 toistuvaa k\u00e4ytt\u00f6\u00e4 ottelusta toiseen. Banderolli koostuu kahdesta paneelista, jotka kiinnitet\u00e4\u00e4n tarranauhalla, jolloin pelaajat voivat sy\u00f6ksy\u00e4 keskelt\u00e4 kent\u00e4lle r\u00e4j\u00e4ht\u00e4v\u00e4sti. Se on unohtumaton tapa osoittaa joukkueylpeytt\u00e4 ja innostaa yleis\u00f6\u00e4.<\/p>\n<p>Helppo asentaa ja k\u00e4ytt\u00e4\u00e4 uudelleen<\/p>\n<p>Jokaisessa irrotettavassa jalkapallobanderollissa on molemmilla puolilla taskut tukitolppien kiinnitt\u00e4mist\u00e4 varten. Tangot voidaan ankkuroida maahan vakauden takaamiseksi, ja cheerleaderien tai henkil\u00f6kunnan pit\u00e4m\u00e4t k\u00f6ydet pit\u00e4v\u00e4t bannerin tukevasti paikallaan. Kokoaminen on nopeaa ja helppoa, joten olet valmis aloituspotkuun muutamassa minuutissa. Pelin j\u00e4lkeen kiinnit\u00e4 paneelit takaisin ja rullaa banderolli kokoon kompaktia s\u00e4ilytyst\u00e4 varten.<\/p>\n<p>El\u00e4v\u00e4inen r\u00e4\u00e4t\u00e4l\u00f6ity painatus<\/p>\n<p>Tarjoamme t\u00e4ysv\u00e4rist\u00e4, korkearesoluutioista painatusta, jotta voit personoida bannerisi joukkueiden logoilla, koulujen nimill\u00e4, maskoteilla, iskulauseilla tai sponsorigrafiikoilla. Eloisat painatukset pysyv\u00e4t kirkkaina ja silmiinpist\u00e4vin\u00e4 my\u00f6s useiden k\u00e4ytt\u00f6kertojen j\u00e4lkeen, auttaen joukkuettasi erottumaan kent\u00e4ll\u00e4.<\/p>\n<div style=\"width: 960px;\" class=\"wp-video\"><!--[if lt IE 9]><script>document.createElement('video');<\/script><![endif]--><br \/>\n<video class=\"wp-video-shortcode\" id=\"video-2810-1\" width=\"960\" height=\"540\" preload=\"metadata\" controls=\"controls\"><source type=\"video\/mp4\" src=\"https:\/\/cmykprinted.com\/wp-content\/uploads\/2025\/07\/Breakaway-Banners.mp4?_=1\" \/><a href=\"https:\/\/cmykprinted.com\/wp-content\/uploads\/2025\/07\/Breakaway-Banners.mp4\">https:\/\/cmykprinted.com\/wp-content\/uploads\/2025\/07\/Breakaway-Banners.mp4<\/a><\/video><\/div>","protected":false},"featured_media":2816,"template":"","meta":{"_kad_post_transparent":"default","_kad_post_title":"hide","_kad_post_layout":"fullwidth","_kad_post_sidebar_id":"","_kad_post_content_style":"unboxed","_kad_post_vertical_padding":"hide","_kad_post_feature":"hide","_kad_post_feature_position":"","_kad_post_header":false,"_kad_post_footer":false},"product_cat":[79],"product_tag":[650,649],"class_list":{"0":"post-2810","1":"product","2":"type-product","3":"status-publish","4":"has-post-thumbnail","6":"product_cat-custom-flags","7":"product_tag-breakaway-banner","8":"product_tag-breakaway-banner-for-football","10":"first","11":"instock","12":"shipping-taxable","13":"product-type-simple","14":"entry","15":"content-bg","16":"loop-entry"},"_links":{"self":[{"href":"https:\/\/cmykprinted.com\/fi\/wp-json\/wp\/v2\/product\/2810","targetHints":{"allow":["GET"]}}],"collection":[{"href":"https:\/\/cmykprinted.com\/fi\/wp-json\/wp\/v2\/product"}],"about":[{"href":"https:\/\/cmykprinted.com\/fi\/wp-json\/wp\/v2\/types\/product"}],"version-history":[{"count":1,"href":"https:\/\/cmykprinted.com\/fi\/wp-json\/wp\/v2\/product\/2810\/revisions"}],"predecessor-version":[{"id":2820,"href":"https:\/\/cmykprinted.com\/fi\/wp-json\/wp\/v2\/product\/2810\/revisions\/2820"}],"wp:featuredmedia":[{"embeddable":true,"href":"https:\/\/cmykprinted.com\/fi\/wp-json\/wp\/v2\/media\/2816"}],"wp:attachment":[{"href":"https:\/\/cmykprinted.com\/fi\/wp-json\/wp\/v2\/media?parent=2810"}],"wp:term":[{"taxonomy":"product_cat","embeddable":true,"href":"https:\/\/cmykprinted.com\/fi\/wp-json\/wp\/v2\/product_cat?post=2810"},{"taxonomy":"product_tag","embeddable":true,"href":"https:\/\/cmykprinted.com\/fi\/wp-json\/wp\/v2\/product_tag?post=2810"}],"curies":[{"name":"wp","href":"https:\/\/api.w.org\/{rel}","templated":true}]}}