{"id":2837,"date":"2025-07-19T09:37:38","date_gmt":"2025-07-19T09:37:38","guid":{"rendered":"https:\/\/cmykprinted.com\/?post_type=product&#038;p=2837"},"modified":"2025-07-19T09:37:39","modified_gmt":"2025-07-19T09:37:39","slug":"transfer-stickers-for-metal","status":"publish","type":"product","link":"https:\/\/cmykprinted.com\/fi\/tuote\/siirtotarrat-metallille\/","title":{"rendered":"Kiinalaisen valmistajan metallille r\u00e4\u00e4t\u00e4l\u00f6idyt siirtotarrat"},"content":{"rendered":"","protected":false},"excerpt":{"rendered":"<p>Tutustu luotettavan kiinalaisen valmistajan korkealaatuisiin metallisiirtotarroihin, jotka on suunniteltu tarjoamaan siistin ja ammattimaisen lopputuloksen br\u00e4nd\u00e4ys- ja koristeellisiin tarpeisiisi. N\u00e4m\u00e4 tarrat on erityisesti suunniteltu tarttumaan tukevasti metallipintoihin, kuten ruostumattomaan ter\u00e4kseen, alumiiniin ja pinnoitettuihin metalleihin, joten ne sopivat ihanteellisesti k\u00e4ytett\u00e4v\u00e4ksi kodinkoneissa, koneissa, ty\u00f6kaluissa, nimikylteiss\u00e4, elektroniikassa ja muissa laitteissa.<\/p>\n<p>Tarrat on valmistettu tarkasti, eik\u00e4 niiss\u00e4 ole taustaa, vaan pintaan j\u00e4\u00e4 vain logo, kuvio tai teksti. T\u00e4m\u00e4 takaa tyylikk\u00e4\u00e4n ja saumattoman ulkon\u00e4\u00f6n, joka j\u00e4ljittelee mittatilausty\u00f6n\u00e4 tehty\u00e4 painatusta tai kaiverrusta huomattavasti edullisemmin. Ne on valmistettu kest\u00e4vist\u00e4 materiaaleista, jotka kest\u00e4v\u00e4t haalistumista, naarmuuntumista ja s\u00e4\u00e4n vaikutusta, tarjoten pitk\u00e4kestoisia tuloksia sek\u00e4 sis\u00e4ll\u00e4 ett\u00e4 ulkona.<\/p>\n<p>Kiinan johtavana toimittajana tarjoamme kilpailukykyiset hinnat, nopean tuotannon ja joustavia r\u00e4\u00e4t\u00e4l\u00f6intivaihtoehtoja, kuten metallinhohtoisia, mattapintaisia, kiilt\u00e4vi\u00e4 ja l\u00e4pin\u00e4kyvi\u00e4 viimeistelyj\u00e4. Tarvitsetpa sitten pieni\u00e4 eri\u00e4 putiikkibr\u00e4nd\u00e4ykseen tai irtotilauksia teollisuusk\u00e4ytt\u00f6\u00f6n, tehtaamme pystyy t\u00e4ytt\u00e4m\u00e4\u00e4n tarkat vaatimukset luotettavilla DDP-toimitusvaihtoehdoilla maailmanlaajuisesti.<\/p>\n<p>Ihanteellinen tuotemerkint\u00f6ihin, yrityslahjoihin, mainosbr\u00e4nd\u00e4ykseen ja muuhun \u2013 metallille tarkoitetut siirtotarramme tarjoavat \u00e4lykk\u00e4\u00e4n ja tyylikk\u00e4\u00e4n ratkaisun edulliseen hintaan.<\/p>\n<figure id=\"attachment_2838\" aria-describedby=\"caption-attachment-2838\" style=\"width: 500px\" class=\"wp-caption alignnone\"><img fetchpriority=\"high\" decoding=\"async\" class=\"size-full wp-image-2838\" src=\"https:\/\/cmykprinted.com\/wp-content\/uploads\/2025\/07\/Transfer-Stickers-for-Metal.jpg\" alt=\"Siirtotarrat metallille\" width=\"500\" height=\"500\" srcset=\"https:\/\/cmykprinted.com\/wp-content\/uploads\/2025\/07\/Transfer-Stickers-for-Metal.jpg 500w, https:\/\/cmykprinted.com\/wp-content\/uploads\/2025\/07\/Transfer-Stickers-for-Metal-300x300.jpg 300w, https:\/\/cmykprinted.com\/wp-content\/uploads\/2025\/07\/Transfer-Stickers-for-Metal-150x150.jpg 150w, https:\/\/cmykprinted.com\/wp-content\/uploads\/2025\/07\/Transfer-Stickers-for-Metal-12x12.jpg 12w, https:\/\/cmykprinted.com\/wp-content\/uploads\/2025\/07\/Transfer-Stickers-for-Metal-100x100.jpg 100w\" sizes=\"(max-width: 500px) 100vw, 500px\" \/><figcaption id=\"caption-attachment-2838\" class=\"wp-caption-text\">Siirtotarrat metallille<\/figcaption><\/figure>","protected":false},"featured_media":2839,"template":"","meta":{"_kad_post_transparent":"default","_kad_post_title":"hide","_kad_post_layout":"fullwidth","_kad_post_sidebar_id":"","_kad_post_content_style":"unboxed","_kad_post_vertical_padding":"hide","_kad_post_feature":"hide","_kad_post_feature_position":"","_kad_post_header":false,"_kad_post_footer":false},"product_cat":[101,102],"product_tag":[454,657,658],"class_list":{"0":"post-2837","1":"product","2":"type-product","3":"status-publish","4":"has-post-thumbnail","6":"product_cat-transfer-stickers","7":"product_cat-metal-transfer-stickers","8":"product_tag-custom-transfer-stickers","9":"product_tag-transfer-stickers","10":"product_tag-transfer-stickers-for-metal","12":"first","13":"instock","14":"shipping-taxable","15":"product-type-simple","16":"entry","17":"content-bg","18":"loop-entry"},"_links":{"self":[{"href":"https:\/\/cmykprinted.com\/fi\/wp-json\/wp\/v2\/product\/2837","targetHints":{"allow":["GET"]}}],"collection":[{"href":"https:\/\/cmykprinted.com\/fi\/wp-json\/wp\/v2\/product"}],"about":[{"href":"https:\/\/cmykprinted.com\/fi\/wp-json\/wp\/v2\/types\/product"}],"version-history":[{"count":1,"href":"https:\/\/cmykprinted.com\/fi\/wp-json\/wp\/v2\/product\/2837\/revisions"}],"predecessor-version":[{"id":2844,"href":"https:\/\/cmykprinted.com\/fi\/wp-json\/wp\/v2\/product\/2837\/revisions\/2844"}],"wp:featuredmedia":[{"embeddable":true,"href":"https:\/\/cmykprinted.com\/fi\/wp-json\/wp\/v2\/media\/2839"}],"wp:attachment":[{"href":"https:\/\/cmykprinted.com\/fi\/wp-json\/wp\/v2\/media?parent=2837"}],"wp:term":[{"taxonomy":"product_cat","embeddable":true,"href":"https:\/\/cmykprinted.com\/fi\/wp-json\/wp\/v2\/product_cat?post=2837"},{"taxonomy":"product_tag","embeddable":true,"href":"https:\/\/cmykprinted.com\/fi\/wp-json\/wp\/v2\/product_tag?post=2837"}],"curies":[{"name":"wp","href":"https:\/\/api.w.org\/{rel}","templated":true}]}}