{"id":2856,"date":"2025-10-17T08:07:33","date_gmt":"2025-10-17T08:07:33","guid":{"rendered":"https:\/\/cmykprinted.com\/?post_type=product&#038;p=2856"},"modified":"2025-10-17T08:07:33","modified_gmt":"2025-10-17T08:07:33","slug":"ez-tube-display","status":"publish","type":"product","link":"https:\/\/cmykprinted.com\/fi\/tuote\/ez-putki-naytto\/","title":{"rendered":"Halpa r\u00e4\u00e4t\u00e4l\u00f6ity EZ Tube -n\u00e4ytt\u00f6banneri, suora j\u00e4nnityskangastausta"},"content":{"rendered":"","protected":false},"excerpt":{"rendered":"<p>Kun haluat esitell\u00e4 br\u00e4ndisi ammattimaisella, huomiota her\u00e4tt\u00e4v\u00e4ll\u00e4 ja tehokkaalla tavalla, mik\u00e4\u00e4n ei ved\u00e4 vertoja EZ Tube Displaylle. Tyylikk\u00e4\u00e4sti suunniteltu ja vaivattomasti koottava t\u00e4m\u00e4 kannettava n\u00e4ytt\u00f6j\u00e4rjestelm\u00e4 on suosikki n\u00e4ytteilleasettajien, tapahtumasuunnittelijoiden ja markkinoinnin ammattilaisten keskuudessa, jotka arvostavat sek\u00e4 k\u00e4tevyytt\u00e4 ett\u00e4 vaikuttavuutta. Olipa kyseess\u00e4 sitten messut, tuotelanseeraukset, n\u00e4yttelyt tai yritystapahtumat, EZ Tube Display antaa br\u00e4ndillesi tyylikk\u00e4\u00e4n ja korkealuokkaisen ilmeen, joka her\u00e4tt\u00e4\u00e4 v\u00e4litt\u00f6m\u00e4sti huomiota.<\/p>\n<p>Nykyp\u00e4iv\u00e4n kilpaillussa markkinointiymp\u00e4rist\u00f6ss\u00e4 EZ Tube Display erottuu monipuolisena, kest\u00e4v\u00e4n\u00e4 ja visuaalisesti upeana ratkaisuna yrityksille, jotka haluavat tehd\u00e4 pysyv\u00e4n vaikutuksen. Ty\u00f6kaluttoman asennuksen, eloisan tulostuslaadun ja uudelleenk\u00e4ytett\u00e4v\u00e4n rakenteen ansiosta se tarjoaa vertaansa vailla olevaa vastinetta rahalle ja k\u00e4tevyytt\u00e4 ammattimaiseen tapahtumamarkkinointiin. Nosta seuraava messutapahtumasi tai myynninedist\u00e4mistapahtumasi taso uudelle tasolle EZ Tube Displayn avulla \u2013 jossa yksinkertaisuus kohtaa hienostuneisuuden ja br\u00e4ndisi on keskipisteess\u00e4.<\/p>\n<div style=\"width: 720px;\" class=\"wp-video\"><!--[if lt IE 9]><script>document.createElement('video');<\/script><![endif]--><br \/>\n<video class=\"wp-video-shortcode\" id=\"video-2856-1\" width=\"720\" height=\"1280\" preload=\"metadata\" controls=\"controls\"><source type=\"video\/mp4\" src=\"https:\/\/cmykprinted.com\/wp-content\/uploads\/2025\/07\/Branded-Backdrops.mp4?_=1\" \/><a href=\"https:\/\/cmykprinted.com\/wp-content\/uploads\/2025\/07\/Branded-Backdrops.mp4\">https:\/\/cmykprinted.com\/wp-content\/uploads\/2025\/07\/Branded-Backdrops.mp4<\/a><\/video><\/div>","protected":false},"featured_media":2857,"template":"","meta":{"_kad_post_transparent":"default","_kad_post_title":"hide","_kad_post_layout":"fullwidth","_kad_post_sidebar_id":"","_kad_post_content_style":"unboxed","_kad_post_vertical_padding":"hide","_kad_post_feature":"hide","_kad_post_feature_position":"","_kad_post_header":false,"_kad_post_footer":false},"product_cat":[97,100],"product_tag":[664,662,663,197],"class_list":{"0":"post-2856","1":"product","2":"type-product","3":"status-publish","4":"has-post-thumbnail","6":"product_cat-tension-fabric-displays","7":"product_cat-straight-tension-fabric-backdrop","8":"product_tag-custom-straight-tension-fabric-backdrop","9":"product_tag-ez-tube-display","10":"product_tag-ez-tube-display-banner","11":"product_tag-tension-fabric-backdrop","13":"first","14":"instock","15":"shipping-taxable","16":"product-type-simple","17":"entry","18":"content-bg","19":"loop-entry"},"_links":{"self":[{"href":"https:\/\/cmykprinted.com\/fi\/wp-json\/wp\/v2\/product\/2856","targetHints":{"allow":["GET"]}}],"collection":[{"href":"https:\/\/cmykprinted.com\/fi\/wp-json\/wp\/v2\/product"}],"about":[{"href":"https:\/\/cmykprinted.com\/fi\/wp-json\/wp\/v2\/types\/product"}],"version-history":[{"count":1,"href":"https:\/\/cmykprinted.com\/fi\/wp-json\/wp\/v2\/product\/2856\/revisions"}],"predecessor-version":[{"id":2863,"href":"https:\/\/cmykprinted.com\/fi\/wp-json\/wp\/v2\/product\/2856\/revisions\/2863"}],"wp:featuredmedia":[{"embeddable":true,"href":"https:\/\/cmykprinted.com\/fi\/wp-json\/wp\/v2\/media\/2857"}],"wp:attachment":[{"href":"https:\/\/cmykprinted.com\/fi\/wp-json\/wp\/v2\/media?parent=2856"}],"wp:term":[{"taxonomy":"product_cat","embeddable":true,"href":"https:\/\/cmykprinted.com\/fi\/wp-json\/wp\/v2\/product_cat?post=2856"},{"taxonomy":"product_tag","embeddable":true,"href":"https:\/\/cmykprinted.com\/fi\/wp-json\/wp\/v2\/product_tag?post=2856"}],"curies":[{"name":"wp","href":"https:\/\/api.w.org\/{rel}","templated":true}]}}