{"id":2866,"date":"2025-10-30T09:12:11","date_gmt":"2025-10-30T09:12:11","guid":{"rendered":"https:\/\/cmykprinted.com\/?post_type=product&#038;p=2866"},"modified":"2025-10-30T09:12:11","modified_gmt":"2025-10-30T09:12:11","slug":"collapsible-trade-show-displays","status":"publish","type":"product","link":"https:\/\/cmykprinted.com\/fi\/tuote\/kokoontaitettavat-messunaytot\/","title":{"rendered":"Huippulaatuiset kokoontaitettavat messutelineet LED-valolla"},"content":{"rendered":"","protected":false},"excerpt":{"rendered":"<p>Saa br\u00e4ndisi loistamaan jokaisessa messutapahtumassa huippulaatuisilla kokoontaittuvilla LED-valoilla varustetuilla messun\u00e4yt\u00f6ill\u00e4mme \u2013 t\u00e4ydellinen yhdistelm\u00e4 kannettavuutta, ammattimaisuutta ja visuaalista vaikuttavuutta. N\u00e4m\u00e4 n\u00e4yt\u00f6t on suunniteltu nykyaikaisille markkinoijille, joiden on pystytett\u00e4v\u00e4 ne nopeasti ja erotettava ne joukosta v\u00e4litt\u00f6m\u00e4sti. Niiss\u00e4 on kevyet alumiinirungot ja ensiluokkaiset kangasgrafiikat, jotka tarjoavat upean ja rypistym\u00e4tt\u00f6m\u00e4n visuaalisen ilmeen.<\/p>\n<p>Innovatiivisen kokoontaittuvan rakenteen ansiosta pystytys ja purku vie vain muutaman minuutin \u2013 ty\u00f6kaluja ei tarvita. Kokoonpanon j\u00e4lkeen kest\u00e4v\u00e4 runko tarjoaa tukevan perustan, ja integroitu LED-valaistusj\u00e4rjestelm\u00e4 varmistaa, ett\u00e4 br\u00e4ndigrafiikkasi valaistuu loistavasti ja her\u00e4tt\u00e4\u00e4 huomiota jopa ruuhkaisimmissa messuymp\u00e4rist\u00f6iss\u00e4.<\/p>\n<p>N\u00e4m\u00e4 n\u00e4yt\u00f6t sopivat erinomaisesti messuille, n\u00e4yttelyihin, kongresseihin ja v\u00e4hitt\u00e4iskaupan promootioihin. Ne on helppo pakata, kuljettaa ja k\u00e4ytt\u00e4\u00e4 uudelleen, mik\u00e4 tekee niist\u00e4 kustannustehokkaan pitk\u00e4n aikav\u00e4lin investoinnin. Mukautetut painatusvaihtoehdot mahdollistavat yrityksesi v\u00e4rien, logojen ja markkinointiviestien esittelyn eloisina ja ter\u00e4v\u00e4piirtoisina.<\/p>\n<p>Olitpa sitten lanseeraamassa uutta tuotetta, rakentamassa br\u00e4nditietoisuutta tai vuorovaikuttamaan asiakkaiden kanssa kasvotusten, kokoontaittuvat LED-messun\u00e4yt\u00f6mme tarjoavat maksimaalisen vaikutuksen minimaalisella vaivalla. Tee vaikutus yleis\u00f6\u00f6si, lis\u00e4\u00e4 br\u00e4ndisi n\u00e4kyvyytt\u00e4 ja luo ammattimainen esitys, joka todella erottuu joukosta \u2013 milloin ja miss\u00e4 tahansa.<\/p>\n<div style=\"width: 720px;\" class=\"wp-video\"><!--[if lt IE 9]><script>document.createElement('video');<\/script><![endif]--><br \/>\n<video class=\"wp-video-shortcode\" id=\"video-2866-1\" width=\"720\" height=\"1280\" preload=\"metadata\" controls=\"controls\"><source type=\"video\/mp4\" src=\"https:\/\/cmykprinted.com\/wp-content\/uploads\/2025\/10\/Collapsible-Trade-Show-Displays.mp4?_=1\" \/><a href=\"https:\/\/cmykprinted.com\/wp-content\/uploads\/2025\/10\/Collapsible-Trade-Show-Displays.mp4\">https:\/\/cmykprinted.com\/wp-content\/uploads\/2025\/10\/Collapsible-Trade-Show-Displays.mp4<\/a><\/video><\/div>","protected":false},"featured_media":2868,"template":"","meta":{"_kad_post_transparent":"default","_kad_post_title":"hide","_kad_post_layout":"fullwidth","_kad_post_sidebar_id":"","_kad_post_content_style":"unboxed","_kad_post_vertical_padding":"hide","_kad_post_feature":"hide","_kad_post_feature_position":"","_kad_post_header":false,"_kad_post_footer":false},"product_cat":[97,99],"product_tag":[665,667,668,666],"class_list":{"0":"post-2866","1":"product","2":"type-product","3":"status-publish","4":"has-post-thumbnail","6":"product_cat-tension-fabric-displays","7":"product_cat-custom-fabric-displays","8":"product_tag-collapsible-trade-show-displays","9":"product_tag-top-quality-collapsible-trade-show-displays","10":"product_tag-trade-show-displays","11":"product_tag-trade-show-displays-with-led-light","13":"first","14":"instock","15":"shipping-taxable","16":"product-type-simple","17":"entry","18":"content-bg","19":"loop-entry"},"_links":{"self":[{"href":"https:\/\/cmykprinted.com\/fi\/wp-json\/wp\/v2\/product\/2866","targetHints":{"allow":["GET"]}}],"collection":[{"href":"https:\/\/cmykprinted.com\/fi\/wp-json\/wp\/v2\/product"}],"about":[{"href":"https:\/\/cmykprinted.com\/fi\/wp-json\/wp\/v2\/types\/product"}],"version-history":[{"count":1,"href":"https:\/\/cmykprinted.com\/fi\/wp-json\/wp\/v2\/product\/2866\/revisions"}],"predecessor-version":[{"id":2875,"href":"https:\/\/cmykprinted.com\/fi\/wp-json\/wp\/v2\/product\/2866\/revisions\/2875"}],"wp:featuredmedia":[{"embeddable":true,"href":"https:\/\/cmykprinted.com\/fi\/wp-json\/wp\/v2\/media\/2868"}],"wp:attachment":[{"href":"https:\/\/cmykprinted.com\/fi\/wp-json\/wp\/v2\/media?parent=2866"}],"wp:term":[{"taxonomy":"product_cat","embeddable":true,"href":"https:\/\/cmykprinted.com\/fi\/wp-json\/wp\/v2\/product_cat?post=2866"},{"taxonomy":"product_tag","embeddable":true,"href":"https:\/\/cmykprinted.com\/fi\/wp-json\/wp\/v2\/product_tag?post=2866"}],"curies":[{"name":"wp","href":"https:\/\/api.w.org\/{rel}","templated":true}]}}