{"id":2883,"date":"2025-11-03T04:08:00","date_gmt":"2025-11-03T04:08:00","guid":{"rendered":"https:\/\/cmykprinted.com\/?post_type=product&#038;p=2883"},"modified":"2025-11-03T04:08:00","modified_gmt":"2025-11-03T04:08:00","slug":"custom-trade-show-table-runner","status":"publish","type":"product","link":"https:\/\/cmykprinted.com\/fi\/tuote\/raataloity-messupoydan-juoksija\/","title":{"rendered":"Halpa tukkumyynti r\u00e4\u00e4t\u00e4l\u00f6ity messup\u00f6yt\u00e4liina 48 tunnin toimitusajalla"},"content":{"rendered":"","protected":false},"excerpt":{"rendered":"<p data-start=\"1431\" data-end=\"1712\">Erotu joukosta jokaisessa tapahtumassa edullisten, tukkumyynnist\u00e4 ostettavien, mittatilausty\u00f6n\u00e4 tehtyjen messup\u00f6yt\u00e4liinojemme avulla \u2014 fiksu ja edullinen tapa esitell\u00e4 br\u00e4ndi\u00e4si. Messup\u00f6yt\u00e4liinamme on valmistettu kest\u00e4v\u00e4st\u00e4, rypistym\u00e4tt\u00f6m\u00e4st\u00e4 kankaasta ja painettu eloisilla, neliv\u00e4risill\u00e4 v\u00e4reill\u00e4, jotta logosi loistaa.<\/p>\n<p data-start=\"1431\" data-end=\"1712\">N\u00e4m\u00e4 messup\u00f6yt\u00e4liinat sopivat t\u00e4ydellisesti messuille, kongresseihin ja promootiotilaisuuksiin, ja ne lis\u00e4\u00e4v\u00e4t v\u00e4litt\u00f6m\u00e4sti ammattimaisuutta mihin tahansa esillepanoon. Mukauta kokoasi, designiasi ja logoasi br\u00e4ndisi mukaan.<\/p>\n<p data-start=\"1431\" data-end=\"1712\">48 tunnin toimitusajallamme saat laadukkaat messup\u00f6yt\u00e4liinat nopeasti toimitettuna \u2013 ihanteellinen ratkaisu tiukkoihin aikatauluihin ja viime hetken tapahtumiin. Tilaatpa sitten yhden tai satoja, tarjoamme ly\u00f6m\u00e4tt\u00f6m\u00e4t tukkuhinnat ja luotettavaa palvelua. Tee osastostasi unohtumaton mittatilausty\u00f6n\u00e4 tehdyill\u00e4 messup\u00f6yt\u00e4liinoilla, jotka yhdist\u00e4v\u00e4t laadun, nopeuden ja vastineen rahalle.<\/p>\n<div style=\"width: 1280px;\" class=\"wp-video\"><!--[if lt IE 9]><script>document.createElement('video');<\/script><![endif]--><br \/>\n<video class=\"wp-video-shortcode\" id=\"video-2883-1\" width=\"1280\" height=\"720\" preload=\"metadata\" controls=\"controls\"><source type=\"video\/mp4\" src=\"https:\/\/cmykprinted.com\/wp-content\/uploads\/2025\/11\/Custom-Trade-Show-Table-Runner.mp4?_=1\" \/><a href=\"https:\/\/cmykprinted.com\/wp-content\/uploads\/2025\/11\/Custom-Trade-Show-Table-Runner.mp4\">https:\/\/cmykprinted.com\/wp-content\/uploads\/2025\/11\/Custom-Trade-Show-Table-Runner.mp4<\/a><\/video><\/div>","protected":false},"featured_media":2884,"template":"","meta":{"_kad_post_transparent":"default","_kad_post_title":"hide","_kad_post_layout":"fullwidth","_kad_post_sidebar_id":"","_kad_post_content_style":"unboxed","_kad_post_vertical_padding":"hide","_kad_post_feature":"hide","_kad_post_feature_position":"","_kad_post_header":false,"_kad_post_footer":false},"product_cat":[80,81],"product_tag":[244,672,671],"class_list":{"0":"post-2883","1":"product","2":"type-product","3":"status-publish","4":"has-post-thumbnail","6":"product_cat-custom-tablecloth","7":"product_cat-custom-stretch-tablecloth","8":"product_tag-custom-table-runner","9":"product_tag-custom-trade-show-table-runner","10":"product_tag-trade-show-table-runner","12":"first","13":"instock","14":"shipping-taxable","15":"product-type-simple","16":"entry","17":"content-bg","18":"loop-entry"},"_links":{"self":[{"href":"https:\/\/cmykprinted.com\/fi\/wp-json\/wp\/v2\/product\/2883","targetHints":{"allow":["GET"]}}],"collection":[{"href":"https:\/\/cmykprinted.com\/fi\/wp-json\/wp\/v2\/product"}],"about":[{"href":"https:\/\/cmykprinted.com\/fi\/wp-json\/wp\/v2\/types\/product"}],"version-history":[{"count":1,"href":"https:\/\/cmykprinted.com\/fi\/wp-json\/wp\/v2\/product\/2883\/revisions"}],"predecessor-version":[{"id":2890,"href":"https:\/\/cmykprinted.com\/fi\/wp-json\/wp\/v2\/product\/2883\/revisions\/2890"}],"wp:featuredmedia":[{"embeddable":true,"href":"https:\/\/cmykprinted.com\/fi\/wp-json\/wp\/v2\/media\/2884"}],"wp:attachment":[{"href":"https:\/\/cmykprinted.com\/fi\/wp-json\/wp\/v2\/media?parent=2883"}],"wp:term":[{"taxonomy":"product_cat","embeddable":true,"href":"https:\/\/cmykprinted.com\/fi\/wp-json\/wp\/v2\/product_cat?post=2883"},{"taxonomy":"product_tag","embeddable":true,"href":"https:\/\/cmykprinted.com\/fi\/wp-json\/wp\/v2\/product_tag?post=2883"}],"curies":[{"name":"wp","href":"https:\/\/api.w.org\/{rel}","templated":true}]}}