{"id":2891,"date":"2025-11-03T07:59:54","date_gmt":"2025-11-03T07:59:54","guid":{"rendered":"https:\/\/cmykprinted.com\/?post_type=product&#038;p=2891"},"modified":"2025-11-03T07:59:54","modified_gmt":"2025-11-03T07:59:54","slug":"printed-table-runners-trade-show","status":"publish","type":"product","link":"https:\/\/cmykprinted.com\/fi\/tuote\/painetut-poytaliinat-messut\/","title":{"rendered":"Alhaisen MOQ:n t\u00e4ysv\u00e4riset graafiset painetut p\u00f6yt\u00e4juoksijat messuilla parhaaseen hintaan"},"content":{"rendered":"<p>Tee osastostasi unohtumaton edullisella ja t\u00e4ysv\u00e4risell\u00e4 graafisella p\u00f6yt\u00e4liinamallistollamme messuille. Painetut p\u00f6yt\u00e4liinamme on suunniteltu yrityksille, jotka arvostavat laatua ja vastinetta rahalle. Messutuotteemme tarjoavat eloisia ja ter\u00e4v\u00e4piirtoisia grafiikoita, jotka her\u00e4tt\u00e4v\u00e4t br\u00e4ndisi eloon. Osallistuitpa sitten messuille, konferensseihin tai yritystapahtumiin, painetut p\u00f6yt\u00e4liinamme messuosastollamme varmistavat, ett\u00e4 p\u00f6yt\u00e4si n\u00e4ytt\u00e4\u00e4 ammattimaiselta ja silmiinpist\u00e4v\u00e4lt\u00e4 joka kulmasta.<\/p>\n<p>K\u00e4yt\u00e4mme ensiluokkaista, rypistym\u00e4t\u00f6nt\u00e4 polyesteri\u00e4 ja edistynytt\u00e4 sublimaatiopainatusta luodaksemme painettuja p\u00f6yt\u00e4liinoja messuille, jotka esittelev\u00e4t logosi, iskulauseesi ja taideteoksesi upeissa t\u00e4ysv\u00e4reiss\u00e4. Alhaisten v\u00e4himm\u00e4istilausm\u00e4\u00e4rien (MOQ) ja ly\u00f6m\u00e4tt\u00f6mien suoraan tehtaalta saatavien hintojen ansiosta jopa pienyritykset voivat nauttia r\u00e4\u00e4t\u00e4l\u00f6idyst\u00e4 br\u00e4nd\u00e4yksest\u00e4 ilman ylikulutusta. Valitse useista eri kokoisista ja tyyleist\u00e4, jotka sopivat t\u00e4ydellisesti mihin tahansa esittelyp\u00f6yt\u00e4\u00e4n.<\/p>\n<p>Nopea tuotanto, luotettava laatu ja kilpailukykyiset hinnat tekev\u00e4t painetuista p\u00f6yt\u00e4liinoistamme parhaan valinnan br\u00e4ndisi n\u00e4ytt\u00e4v\u00e4\u00e4n ja tyylikk\u00e4\u00e4seen mainostamiseen.<\/p>\n<div style=\"width: 1280px;\" class=\"wp-video\"><!--[if lt IE 9]><script>document.createElement('video');<\/script><![endif]-->\n<video class=\"wp-video-shortcode\" id=\"video-2891-1\" width=\"1280\" height=\"720\" preload=\"metadata\" controls=\"controls\"><source type=\"video\/mp4\" src=\"https:\/\/cmykprinted.com\/wp-content\/uploads\/2025\/11\/Printed-Table-Runners-Trade-Show.mp4?_=1\" \/><a href=\"https:\/\/cmykprinted.com\/wp-content\/uploads\/2025\/11\/Printed-Table-Runners-Trade-Show.mp4\">https:\/\/cmykprinted.com\/wp-content\/uploads\/2025\/11\/Printed-Table-Runners-Trade-Show.mp4<\/a><\/video><\/div>","protected":false},"excerpt":{"rendered":"<p>Make your booth unforgettable with our Low MOQ Best Price Full Color Graphic Printed Table Runners Trade Show collection. Designed for businesses that want quality and value, our printed table covers trade show products deliver vibrant, high-definition graphics that bring your brand to life. Whether you\u2019re attending exhibitions, conferences, or corporate events, our printed table&#8230;<\/p>","protected":false},"featured_media":2895,"template":"","meta":{"_kad_post_transparent":"default","_kad_post_title":"hide","_kad_post_layout":"fullwidth","_kad_post_sidebar_id":"","_kad_post_content_style":"unboxed","_kad_post_vertical_padding":"hide","_kad_post_feature":"hide","_kad_post_feature_position":"","_kad_post_header":false,"_kad_post_footer":false},"product_cat":[80,81],"product_tag":[674,673],"class_list":{"0":"post-2891","1":"product","2":"type-product","3":"status-publish","4":"has-post-thumbnail","6":"product_cat-custom-tablecloth","7":"product_cat-custom-stretch-tablecloth","8":"product_tag-full-color-graphic-printed-table-runners","9":"product_tag-printed-table-runners-trade-show","11":"first","12":"instock","13":"shipping-taxable","14":"product-type-simple","15":"entry","16":"content-bg","17":"loop-entry"},"_links":{"self":[{"href":"https:\/\/cmykprinted.com\/fi\/wp-json\/wp\/v2\/product\/2891","targetHints":{"allow":["GET"]}}],"collection":[{"href":"https:\/\/cmykprinted.com\/fi\/wp-json\/wp\/v2\/product"}],"about":[{"href":"https:\/\/cmykprinted.com\/fi\/wp-json\/wp\/v2\/types\/product"}],"version-history":[{"count":1,"href":"https:\/\/cmykprinted.com\/fi\/wp-json\/wp\/v2\/product\/2891\/revisions"}],"predecessor-version":[{"id":2900,"href":"https:\/\/cmykprinted.com\/fi\/wp-json\/wp\/v2\/product\/2891\/revisions\/2900"}],"wp:featuredmedia":[{"embeddable":true,"href":"https:\/\/cmykprinted.com\/fi\/wp-json\/wp\/v2\/media\/2895"}],"wp:attachment":[{"href":"https:\/\/cmykprinted.com\/fi\/wp-json\/wp\/v2\/media?parent=2891"}],"wp:term":[{"taxonomy":"product_cat","embeddable":true,"href":"https:\/\/cmykprinted.com\/fi\/wp-json\/wp\/v2\/product_cat?post=2891"},{"taxonomy":"product_tag","embeddable":true,"href":"https:\/\/cmykprinted.com\/fi\/wp-json\/wp\/v2\/product_tag?post=2891"}],"curies":[{"name":"wp","href":"https:\/\/api.w.org\/{rel}","templated":true}]}}