{"id":393,"date":"2022-12-03T03:54:51","date_gmt":"2022-12-03T03:54:51","guid":{"rendered":"https:\/\/cmykprinted.com\/?post_type=product&#038;p=393"},"modified":"2022-12-09T09:14:36","modified_gmt":"2022-12-09T09:14:36","slug":"custom-printed-advertising-promotional-beach-feather-flag","status":"publish","type":"product","link":"https:\/\/cmykprinted.com\/fi\/tuote\/custom-printed-advertising-promotional-beach-feather-flag\/","title":{"rendered":"R\u00e4\u00e4t\u00e4l\u00f6ity painettu mainonta, rantah\u00f6yhenlippu"},"content":{"rendered":"","protected":false},"excerpt":{"rendered":"<p>Yrit\u00e4tk\u00f6 erottua joukosta vilkkaalla kadulla tai ruuhkaisissa messutapahtumissa? Lihavoidut mukautetut liput ovat todistettu tapa kiinnitt\u00e4\u00e4 huomiota liiketoimintaamme viljelij\u00e4markkinoilla, messuilla tai ruoka-autoilla. Ne ovat my\u00f6s tehokasta, n\u00e4kyv\u00e4\u00e4 markkinointia \u2013 mahdollisuus saada yrityksesi nimi, logo ja v\u00e4rit huomaamaan niin jalankulkijoiden kuin tieliikenteenkin keskuudessa. Mainoslipuissamme on kaikki mit\u00e4 tarvitset asettamiseen tasaiselle alustalle. Paketti sis\u00e4lt\u00e4\u00e4 s\u00e4\u00e4nkest\u00e4v\u00e4n polyesterilipun, lasikuitu- ja alumiinitangon, maaper\u00e4n ja jopa pehme\u00e4n kotelon kuljetusta varten. Tutustu galleriaamme mukautetuista lippumalleista, mukaan lukien toimiala- ja tapahtumakohtaiset vaihtoehdot. Kun olet l\u00f6yt\u00e4nyt suosikkivaihtoehdon, lis\u00e4\u00e4 mukautetut tietosi online-suunnittelustudiossamme. Me hoidamme loput, painamme ja toimitamme tilauksesi ammattitaidolla. Mainoslippusi saapuu n\u00e4ytt\u00e4m\u00e4\u00e4n upealta ja valmiina k\u00e4\u00e4ntym\u00e4\u00e4n.<\/p>\n<div style=\"width: 1280px;\" class=\"wp-video\"><!--[if lt IE 9]><script>document.createElement('video');<\/script><![endif]--><br \/>\n<video class=\"wp-video-shortcode\" id=\"video-393-1\" width=\"1280\" height=\"720\" loop autoplay preload=\"auto\" controls=\"controls\"><source type=\"video\/mp4\" src=\"http:\/\/cmykprinted.com\/wp-content\/uploads\/2022\/12\/Custom-Printed-Advertising-Promotional-Beach-Feather-Flag.mp4?_=1\" \/><a href=\"http:\/\/cmykprinted.com\/wp-content\/uploads\/2022\/12\/Custom-Printed-Advertising-Promotional-Beach-Feather-Flag.mp4\">http:\/\/cmykprinted.com\/wp-content\/uploads\/2022\/12\/Custom-Printed-Advertising-Promotional-Beach-Feather-Flag.mp4<\/a><\/video><\/div>","protected":false},"featured_media":394,"template":"","meta":{"_kad_post_transparent":"default","_kad_post_title":"hide","_kad_post_layout":"fullwidth","_kad_post_sidebar_id":"","_kad_post_content_style":"unboxed","_kad_post_vertical_padding":"hide","_kad_post_feature":"hide","_kad_post_feature_position":"","_kad_post_header":false,"_kad_post_footer":false},"product_cat":[64,65,66,67],"product_tag":[107,104,105,106,108],"class_list":{"0":"post-393","1":"product","2":"type-product","3":"status-publish","4":"has-post-thumbnail","6":"product_cat-beach-flags","7":"product_cat-feather-flags-banners","8":"product_cat-rectangular-flags-banners","9":"product_cat-teardrop-flags-banners","10":"product_tag-advertising-beach-flag","11":"product_tag-beach-feather-flag","12":"product_tag-custom-beach-flag","13":"product_tag-custom-beach-flag-feather-flag","14":"product_tag-promotional-beach-flag","16":"first","17":"instock","18":"shipping-taxable","19":"product-type-simple","20":"entry","21":"content-bg","22":"loop-entry"},"_links":{"self":[{"href":"https:\/\/cmykprinted.com\/fi\/wp-json\/wp\/v2\/product\/393","targetHints":{"allow":["GET"]}}],"collection":[{"href":"https:\/\/cmykprinted.com\/fi\/wp-json\/wp\/v2\/product"}],"about":[{"href":"https:\/\/cmykprinted.com\/fi\/wp-json\/wp\/v2\/types\/product"}],"version-history":[{"count":3,"href":"https:\/\/cmykprinted.com\/fi\/wp-json\/wp\/v2\/product\/393\/revisions"}],"predecessor-version":[{"id":433,"href":"https:\/\/cmykprinted.com\/fi\/wp-json\/wp\/v2\/product\/393\/revisions\/433"}],"wp:featuredmedia":[{"embeddable":true,"href":"https:\/\/cmykprinted.com\/fi\/wp-json\/wp\/v2\/media\/394"}],"wp:attachment":[{"href":"https:\/\/cmykprinted.com\/fi\/wp-json\/wp\/v2\/media?parent=393"}],"wp:term":[{"taxonomy":"product_cat","embeddable":true,"href":"https:\/\/cmykprinted.com\/fi\/wp-json\/wp\/v2\/product_cat?post=393"},{"taxonomy":"product_tag","embeddable":true,"href":"https:\/\/cmykprinted.com\/fi\/wp-json\/wp\/v2\/product_tag?post=393"}],"curies":[{"name":"wp","href":"https:\/\/api.w.org\/{rel}","templated":true}]}}