{"id":450,"date":"2022-12-15T14:11:51","date_gmt":"2022-12-15T14:11:51","guid":{"rendered":"https:\/\/cmykprinted.com\/?post_type=product&#038;p=450"},"modified":"2022-12-16T15:45:11","modified_gmt":"2022-12-16T15:45:11","slug":"10x10-waterproof-40mm-hexagon-frame-outdoor-trade-canopy-tent","status":"publish","type":"product","link":"https:\/\/cmykprinted.com\/fi\/tuote\/10x10-waterproof-40mm-hexagon-frame-outdoor-trade-canopy-tent\/","title":{"rendered":"10\u00d710 vedenpit\u00e4v\u00e4 40 mm:n kuusikulmainen runko ulkok\u00e4ytt\u00f6\u00f6n tarkoitettu katosteltta"},"content":{"rendered":"","protected":false},"excerpt":{"rendered":"<p>T\u00e4m\u00e4 laadukas ulkoilukatosteltta sopii moneen k\u00e4ytt\u00f6\u00f6n. Vedenpit\u00e4v\u00e4, kuusikulmion muotoinen runko ja s\u00e4\u00e4dett\u00e4v\u00e4 korkeus tekev\u00e4t siit\u00e4 monipuolisen, kun taas t\u00e4ysv\u00e4riset, kauttaaltaan kattavat tulostusvaihtoehdot mahdollistavat teltan ulkoasun muokkaamisen. Py\u00f6rill\u00e4 varustetun kotelon, maapiippujen ja k\u00f6yden ansiosta teltta on helppo pystytt\u00e4\u00e4 ja kiinnitt\u00e4\u00e4 useisiin paikkoihin. T\u00e4m\u00e4 teltta sopisi k\u00e4ytett\u00e4v\u00e4ksi messuilla, ulkotapahtumissa sek\u00e4 tilap\u00e4issuojaksi ulkoiluun, kuten retkeilyyn tai piknikille.<\/p>\n<div style=\"width: 1290px;\" class=\"wp-video\"><!--[if lt IE 9]><script>document.createElement('video');<\/script><![endif]--><br \/>\n<video class=\"wp-video-shortcode\" id=\"video-450-1\" width=\"1290\" height=\"726\" loop autoplay preload=\"auto\" controls=\"controls\"><source type=\"video\/mp4\" src=\"http:\/\/cmykprinted.com\/wp-content\/uploads\/2022\/12\/Custom-Canopy-Tents.mp4?_=1\" \/><a href=\"http:\/\/cmykprinted.com\/wp-content\/uploads\/2022\/12\/Custom-Canopy-Tents.mp4\">http:\/\/cmykprinted.com\/wp-content\/uploads\/2022\/12\/Custom-Canopy-Tents.mp4<\/a><\/video><\/div>","protected":false},"featured_media":457,"template":"","meta":{"_kad_post_transparent":"default","_kad_post_title":"hide","_kad_post_layout":"fullwidth","_kad_post_sidebar_id":"","_kad_post_content_style":"unboxed","_kad_post_vertical_padding":"hide","_kad_post_feature":"hide","_kad_post_feature_position":"","_kad_post_header":false,"_kad_post_footer":false},"product_cat":[68,70,69],"product_tag":[112,113,114],"class_list":{"0":"post-450","1":"product","2":"type-product","3":"status-publish","4":"has-post-thumbnail","6":"product_cat-custom-canopy-tents","7":"product_cat-10x10ft-custom-branded-canopy-tents","8":"product_cat-40mm-hexagon-aluminum-tents","9":"product_tag-40mm-hexagon-canopy-tent","10":"product_tag-outdoor-trade-canopy","11":"product_tag-outdoor-trade-tent","13":"first","14":"instock","15":"shipping-taxable","16":"product-type-simple","17":"entry","18":"content-bg","19":"loop-entry"},"_links":{"self":[{"href":"https:\/\/cmykprinted.com\/fi\/wp-json\/wp\/v2\/product\/450","targetHints":{"allow":["GET"]}}],"collection":[{"href":"https:\/\/cmykprinted.com\/fi\/wp-json\/wp\/v2\/product"}],"about":[{"href":"https:\/\/cmykprinted.com\/fi\/wp-json\/wp\/v2\/types\/product"}],"version-history":[{"count":3,"href":"https:\/\/cmykprinted.com\/fi\/wp-json\/wp\/v2\/product\/450\/revisions"}],"predecessor-version":[{"id":475,"href":"https:\/\/cmykprinted.com\/fi\/wp-json\/wp\/v2\/product\/450\/revisions\/475"}],"wp:featuredmedia":[{"embeddable":true,"href":"https:\/\/cmykprinted.com\/fi\/wp-json\/wp\/v2\/media\/457"}],"wp:attachment":[{"href":"https:\/\/cmykprinted.com\/fi\/wp-json\/wp\/v2\/media?parent=450"}],"wp:term":[{"taxonomy":"product_cat","embeddable":true,"href":"https:\/\/cmykprinted.com\/fi\/wp-json\/wp\/v2\/product_cat?post=450"},{"taxonomy":"product_tag","embeddable":true,"href":"https:\/\/cmykprinted.com\/fi\/wp-json\/wp\/v2\/product_tag?post=450"}],"curies":[{"name":"wp","href":"https:\/\/api.w.org\/{rel}","templated":true}]}}