{"id":510,"date":"2022-12-17T13:15:19","date_gmt":"2022-12-17T13:15:19","guid":{"rendered":"https:\/\/cmykprinted.com\/?post_type=product&#038;p=510"},"modified":"2022-12-17T14:48:04","modified_gmt":"2022-12-17T14:48:04","slug":"outdoor-flexible-custom-printed-fence-mesh-banners-signs","status":"publish","type":"product","link":"https:\/\/cmykprinted.com\/fi\/tuote\/outdoor-flexible-custom-printed-fence-mesh-banners-signs\/","title":{"rendered":"Joustavat ulkok\u00e4ytt\u00f6\u00f6n mukautetut painetut aidan mesh-bannerit"},"content":{"rendered":"","protected":false},"excerpt":{"rendered":"<p>Aitaverkkobannerit ovat er\u00e4\u00e4nlainen ulkomainosmateriaali, joka on suunniteltu kest\u00e4m\u00e4\u00e4n tuulta ja muita ep\u00e4suotuisia s\u00e4\u00e4olosuhteita. Ne on valmistettu verkkomaisesta materiaalista, joka p\u00e4\u00e4st\u00e4\u00e4 tuulen l\u00e4pi, mik\u00e4 tekee niist\u00e4 v\u00e4hemm\u00e4n todenn\u00e4k\u00f6ist\u00e4, ett\u00e4 ne l\u00e4p\u00e4isev\u00e4t tai aaltoilevat tuulessa. T\u00e4m\u00e4 tekee niist\u00e4 erityisen sopivia k\u00e4ytett\u00e4viksi pylv\u00e4iden v\u00e4lisiss\u00e4 n\u00e4yt\u00f6iss\u00e4, rakennusk\u00e4\u00e4reiss\u00e4 ja telinekylteiss\u00e4. Verkkobannerit painetaan tyypillisesti premium-luokan 440 GSM mesh -vinyylille, ja ne toimitetaan p\u00e4\u00e4rrettyin\u00e4 ja silmukoineen, jotta ne voidaan helposti ripustaa tai kiinnitt\u00e4\u00e4 rakenteeseen. Ne voivat olla kustannustehokas tapa mainostaa ja mainostaa yrityst\u00e4si tai tapahtumaasi, ja tehtaamme voi tarjota joukkoalennuksia suurista tilauksista.<\/p>\n<div style=\"width: 1290px;\" class=\"wp-video\"><!--[if lt IE 9]><script>document.createElement('video');<\/script><![endif]--><br \/>\n<video class=\"wp-video-shortcode\" id=\"video-510-1\" width=\"1290\" height=\"726\" loop autoplay preload=\"auto\" controls=\"controls\"><source type=\"video\/mp4\" src=\"http:\/\/cmykprinted.com\/wp-content\/uploads\/2022\/12\/Fence-Mesh-Banners.mp4?_=1\" \/><a href=\"http:\/\/cmykprinted.com\/wp-content\/uploads\/2022\/12\/Fence-Mesh-Banners.mp4\">http:\/\/cmykprinted.com\/wp-content\/uploads\/2022\/12\/Fence-Mesh-Banners.mp4<\/a><\/video><\/div>\n<p>&nbsp;<\/p>","protected":false},"featured_media":512,"template":"","meta":{"_kad_post_transparent":"default","_kad_post_title":"hide","_kad_post_layout":"fullwidth","_kad_post_sidebar_id":"","_kad_post_content_style":"unboxed","_kad_post_vertical_padding":"hide","_kad_post_feature":"hide","_kad_post_feature_position":"","_kad_post_header":false,"_kad_post_footer":false},"product_cat":[85,87,86],"product_tag":[123,121,124,122],"class_list":{"0":"post-510","1":"product","2":"type-product","3":"status-publish","4":"has-post-thumbnail","6":"product_cat-outdoor-vinyl-banners","7":"product_cat-fabric-mesh-banners","8":"product_cat-fence-mesh-banners","9":"product_tag-custom-mesh-banners","10":"product_tag-fence-mesh-banners","11":"product_tag-flexible-mesh-banners","12":"product_tag-outdoor-mesh-banners","14":"first","15":"instock","16":"shipping-taxable","17":"product-type-simple","18":"entry","19":"content-bg","20":"loop-entry"},"_links":{"self":[{"href":"https:\/\/cmykprinted.com\/fi\/wp-json\/wp\/v2\/product\/510","targetHints":{"allow":["GET"]}}],"collection":[{"href":"https:\/\/cmykprinted.com\/fi\/wp-json\/wp\/v2\/product"}],"about":[{"href":"https:\/\/cmykprinted.com\/fi\/wp-json\/wp\/v2\/types\/product"}],"version-history":[{"count":4,"href":"https:\/\/cmykprinted.com\/fi\/wp-json\/wp\/v2\/product\/510\/revisions"}],"predecessor-version":[{"id":522,"href":"https:\/\/cmykprinted.com\/fi\/wp-json\/wp\/v2\/product\/510\/revisions\/522"}],"wp:featuredmedia":[{"embeddable":true,"href":"https:\/\/cmykprinted.com\/fi\/wp-json\/wp\/v2\/media\/512"}],"wp:attachment":[{"href":"https:\/\/cmykprinted.com\/fi\/wp-json\/wp\/v2\/media?parent=510"}],"wp:term":[{"taxonomy":"product_cat","embeddable":true,"href":"https:\/\/cmykprinted.com\/fi\/wp-json\/wp\/v2\/product_cat?post=510"},{"taxonomy":"product_tag","embeddable":true,"href":"https:\/\/cmykprinted.com\/fi\/wp-json\/wp\/v2\/product_tag?post=510"}],"curies":[{"name":"wp","href":"https:\/\/api.w.org\/{rel}","templated":true}]}}