{"id":549,"date":"2022-12-18T09:53:56","date_gmt":"2022-12-18T09:53:56","guid":{"rendered":"https:\/\/cmykprinted.com\/?post_type=product&#038;p=549"},"modified":"2022-12-18T10:09:57","modified_gmt":"2022-12-18T10:09:57","slug":"custom-shop-front-flag-double-sided-wall-flag-banner-sign","status":"publish","type":"product","link":"https:\/\/cmykprinted.com\/fi\/tuote\/custom-shop-front-flag-double-sided-wall-flag-banner-sign\/","title":{"rendered":"Mukautettu myym\u00e4l\u00e4n etulippu kaksipuolinen sein\u00e4lippubannerikyltti"},"content":{"rendered":"","protected":false},"excerpt":{"rendered":"<p>Liikkeiden liput ovat suosittu tapa yrityksille mainostaa tuotteitaan tai palveluitaan ohikulkijoille. Ne asennetaan tyypillisesti myym\u00e4l\u00e4n tai liikkeen ulkopuolelle, ja ne on suunniteltu katseenvangitseviksi ja her\u00e4tt\u00e4m\u00e4\u00e4n huomiota. Myym\u00e4l\u00e4n etulipun kaksi p\u00e4\u00e4tyyppi\u00e4 ovat ter\u00e4v\u00e4k\u00e4rkiset ja suorareunaiset tyylit. Ter\u00e4v\u00e4reunaiset liput ovat muodoltaan kolmion muotoisia ja ne kiinnitet\u00e4\u00e4n tyypillisesti pylv\u00e4\u00e4seen, kun taas suorareunaiset liput ovat suorakaiteen muotoisia ja ne voidaan kiinnitt\u00e4\u00e4 sein\u00e4lle tai ripustaa kattoon. Molempiin lipputyyppeihin voidaan tulostaa yksi- tai kaksipuolinen taideteos yrityksen tarpeiden mukaan.<br \/>\nLiput on yleens\u00e4 valmistettu alumiinista tai kankaasta, ja ne voidaan tulostaa useilla eri menetelmill\u00e4, mukaan lukien UV-digitaalipainatus tai v\u00e4risublimaatio. UV-digitaalitulostus on prosessi, joka kovettaa musteen UV-valolla, mik\u00e4 johtaa pidemp\u00e4\u00e4n kest\u00e4v\u00e4\u00e4n v\u00e4riin ja parempaan haalistumisen ja vesivaurioiden kest\u00e4vyyteen. V\u00e4risublimaatio on prosessi, joka k\u00e4ytt\u00e4\u00e4 l\u00e4mp\u00f6\u00e4 musteen siirt\u00e4miseen erikoispaperista kankaaseen, jolloin lopputulos on eloisa ja ter\u00e4v\u00e4.<\/p>\n<p>&nbsp;<\/p>","protected":false},"featured_media":550,"template":"","meta":{"_kad_post_transparent":"default","_kad_post_title":"hide","_kad_post_layout":"fullwidth","_kad_post_sidebar_id":"","_kad_post_content_style":"unboxed","_kad_post_vertical_padding":"hide","_kad_post_feature":"hide","_kad_post_feature_position":"","_kad_post_header":false,"_kad_post_footer":false},"product_cat":[79],"product_tag":[131,133,132,129,130],"class_list":{"0":"post-549","1":"product","2":"type-product","3":"status-publish","4":"has-post-thumbnail","6":"product_cat-custom-flags","7":"product_tag-custom-flag","8":"product_tag-custom-wall-sign","9":"product_tag-double-sided-wall-flag","10":"product_tag-shop-front-flag","11":"product_tag-wall-flag","13":"first","14":"instock","15":"shipping-taxable","16":"product-type-simple","17":"entry","18":"content-bg","19":"loop-entry"},"_links":{"self":[{"href":"https:\/\/cmykprinted.com\/fi\/wp-json\/wp\/v2\/product\/549","targetHints":{"allow":["GET"]}}],"collection":[{"href":"https:\/\/cmykprinted.com\/fi\/wp-json\/wp\/v2\/product"}],"about":[{"href":"https:\/\/cmykprinted.com\/fi\/wp-json\/wp\/v2\/types\/product"}],"version-history":[{"count":2,"href":"https:\/\/cmykprinted.com\/fi\/wp-json\/wp\/v2\/product\/549\/revisions"}],"predecessor-version":[{"id":556,"href":"https:\/\/cmykprinted.com\/fi\/wp-json\/wp\/v2\/product\/549\/revisions\/556"}],"wp:featuredmedia":[{"embeddable":true,"href":"https:\/\/cmykprinted.com\/fi\/wp-json\/wp\/v2\/media\/550"}],"wp:attachment":[{"href":"https:\/\/cmykprinted.com\/fi\/wp-json\/wp\/v2\/media?parent=549"}],"wp:term":[{"taxonomy":"product_cat","embeddable":true,"href":"https:\/\/cmykprinted.com\/fi\/wp-json\/wp\/v2\/product_cat?post=549"},{"taxonomy":"product_tag","embeddable":true,"href":"https:\/\/cmykprinted.com\/fi\/wp-json\/wp\/v2\/product_tag?post=549"}],"curies":[{"name":"wp","href":"https:\/\/api.w.org\/{rel}","templated":true}]}}