{"id":590,"date":"2022-12-19T03:28:56","date_gmt":"2022-12-19T03:28:56","guid":{"rendered":"https:\/\/cmykprinted.com\/?post_type=product&#038;p=590"},"modified":"2022-12-19T05:12:32","modified_gmt":"2022-12-19T05:12:32","slug":"high-quality-custom-uv-transfer-stickers-in-various-colors","status":"publish","type":"product","link":"https:\/\/cmykprinted.com\/fi\/tuote\/high-quality-custom-uv-transfer-stickers-in-various-colors\/","title":{"rendered":"Laadukkaat mukautetut UV-siirtotarrat eri v\u00e4reiss\u00e4"},"content":{"rendered":"","protected":false},"excerpt":{"rendered":"<p>R\u00e4\u00e4t\u00e4l\u00f6idyt UV-siirtotarramme ovat erinomainen ja kustannustehokas tapa mainostaa yrityst\u00e4si tai lis\u00e4t\u00e4 persoonallisuutta ajoneuvoosi. Valittavana on yli 50 erikoismateriaalia ja v\u00e4ri\u00e4, mukaan lukien heijastavat, glitterit ja holografiset vaihtoehdot, joten voit luoda t\u00e4ydellisen siirtotarran tarpeisiisi. Halusitpa k\u00e4ytt\u00e4\u00e4 yrityksesi ajoneuvoja yrityksesi, br\u00e4ndisi tai ryhm\u00e4si mainostamiseen tai haluat vain lis\u00e4t\u00e4 autoosi persoonallisuutta, mukautetut tarramme ovat erinomainen valinta. Lis\u00e4ksi helppok\u00e4ytt\u00f6isen suunnitteluty\u00f6kalumme avulla on helppo luoda eeppisi\u00e4, liikkeell\u00e4 ollessasi mukautettuja tarroja, jotka huomaavat sinut miss\u00e4 tahansa. Joten miksi odottaa? Aloita r\u00e4\u00e4t\u00e4l\u00f6ityjen UV-siirtotarrojen suunnittelu jo t\u00e4n\u00e4\u00e4n ja vie markkinointitoimesi uudelle tasolle!<\/p>\n<div style=\"width: 1290px;\" class=\"wp-video\"><!--[if lt IE 9]><script>document.createElement('video');<\/script><![endif]--><br \/>\n<video class=\"wp-video-shortcode\" id=\"video-590-1\" width=\"1290\" height=\"726\" loop autoplay preload=\"auto\" controls=\"controls\"><source type=\"video\/mp4\" src=\"http:\/\/cmykprinted.com\/wp-content\/uploads\/2022\/12\/UV-Transfer-Stickers.mp4?_=1\" \/><a href=\"http:\/\/cmykprinted.com\/wp-content\/uploads\/2022\/12\/UV-Transfer-Stickers.mp4\">http:\/\/cmykprinted.com\/wp-content\/uploads\/2022\/12\/UV-Transfer-Stickers.mp4<\/a><\/video><\/div>\n<p>&nbsp;<\/p>","protected":false},"featured_media":591,"template":"","meta":{"_kad_post_transparent":"default","_kad_post_title":"hide","_kad_post_layout":"fullwidth","_kad_post_sidebar_id":"","_kad_post_content_style":"unboxed","_kad_post_vertical_padding":"hide","_kad_post_feature":"hide","_kad_post_feature_position":"","_kad_post_header":false,"_kad_post_footer":false},"product_cat":[101,103],"product_tag":[139,141,140,138],"class_list":{"0":"post-590","1":"product","2":"type-product","3":"status-publish","4":"has-post-thumbnail","6":"product_cat-transfer-stickers","7":"product_cat-uv-transfer-stickers","8":"product_tag-custom-uv-sticker","9":"product_tag-custom-uv-transfer-stickers","10":"product_tag-high-quality-transfer-stickers","11":"product_tag-uv-transfer-stickers","13":"first","14":"instock","15":"shipping-taxable","16":"product-type-simple","17":"entry","18":"content-bg","19":"loop-entry"},"_links":{"self":[{"href":"https:\/\/cmykprinted.com\/fi\/wp-json\/wp\/v2\/product\/590","targetHints":{"allow":["GET"]}}],"collection":[{"href":"https:\/\/cmykprinted.com\/fi\/wp-json\/wp\/v2\/product"}],"about":[{"href":"https:\/\/cmykprinted.com\/fi\/wp-json\/wp\/v2\/types\/product"}],"version-history":[{"count":3,"href":"https:\/\/cmykprinted.com\/fi\/wp-json\/wp\/v2\/product\/590\/revisions"}],"predecessor-version":[{"id":598,"href":"https:\/\/cmykprinted.com\/fi\/wp-json\/wp\/v2\/product\/590\/revisions\/598"}],"wp:featuredmedia":[{"embeddable":true,"href":"https:\/\/cmykprinted.com\/fi\/wp-json\/wp\/v2\/media\/591"}],"wp:attachment":[{"href":"https:\/\/cmykprinted.com\/fi\/wp-json\/wp\/v2\/media?parent=590"}],"wp:term":[{"taxonomy":"product_cat","embeddable":true,"href":"https:\/\/cmykprinted.com\/fi\/wp-json\/wp\/v2\/product_cat?post=590"},{"taxonomy":"product_tag","embeddable":true,"href":"https:\/\/cmykprinted.com\/fi\/wp-json\/wp\/v2\/product_tag?post=590"}],"curies":[{"name":"wp","href":"https:\/\/api.w.org\/{rel}","templated":true}]}}