{"id":599,"date":"2022-12-21T12:16:59","date_gmt":"2022-12-21T12:16:59","guid":{"rendered":"https:\/\/cmykprinted.com\/?post_type=product&#038;p=599"},"modified":"2022-12-21T13:11:04","modified_gmt":"2022-12-21T13:11:04","slug":"outdoor-promotional-custom-rectangular-beach-flags-banners","status":"publish","type":"product","link":"https:\/\/cmykprinted.com\/fi\/tuote\/outdoor-promotional-custom-rectangular-beach-flags-banners\/","title":{"rendered":"Outdoor myynninedist\u00e4mistarkoituksessa mukautettuja suorakaiteen muotoisia rantalippuja"},"content":{"rendered":"","protected":false},"excerpt":{"rendered":"<p>Toisin kuin muut lipputulostustuotteet, suorakulmainen rantalippu pysyy suorana ja j\u00e4nnittyneen\u00e4 eik\u00e4 py\u00f6ri tuulen mukana, edes puuskissa. T\u00e4m\u00e4 johtuu sen ainutlaatuisesta suunnittelusta ja rakenteesta, jossa k\u00e4ytet\u00e4\u00e4n kevyit\u00e4, kest\u00e4vi\u00e4 materiaaleja ja tukevaa alustaa, jotta lippu pysyy pystyss\u00e4 ja vakaana. T\u00e4m\u00e4 rantalippu, joka tunnetaan my\u00f6s lent\u00e4v\u00e4n\u00e4 bannerina, on ihanteellinen k\u00e4ytett\u00e4v\u00e4ksi tilanteissa, joissa on t\u00e4rke\u00e4\u00e4, ett\u00e4 mainosmateriaalissa on selke\u00e4sti luettavaa teksti\u00e4. N\u00e4m\u00e4 painetut liput ovat suosittu mainosmuoto messuilla, tapahtumissa ja muissa ulkoilmatapaamisissa, ja ne soveltuvat k\u00e4ytett\u00e4v\u00e4ksi sek\u00e4 sis\u00e4ll\u00e4 ett\u00e4 ulkona. Kaksipuolinen vaihtoehto, jossa lippu on painettu molemmille puolille, on k\u00e4ytett\u00e4viss\u00e4 maksimaalisen vaikutuksen ja n\u00e4kyvyyden saavuttamiseksi, ja se on erityisen hy\u00f6dyllinen tilanteissa, joissa lippua tarkastellaan useista kulmista. Lis\u00e4tietoja n\u00e4iden lippujen eri koosta ja pohjasta on Tekniset tiedot -v\u00e4lilehdell\u00e4.<\/p>\n<div style=\"width: 1290px;\" class=\"wp-video\"><!--[if lt IE 9]><script>document.createElement('video');<\/script><![endif]--><br \/>\n<video class=\"wp-video-shortcode\" id=\"video-599-1\" width=\"1290\" height=\"726\" loop autoplay preload=\"auto\" controls=\"controls\"><source type=\"video\/mp4\" src=\"http:\/\/cmykprinted.com\/wp-content\/uploads\/2022\/12\/Rectangular-Beach-Flags.mp4?_=1\" \/><a href=\"http:\/\/cmykprinted.com\/wp-content\/uploads\/2022\/12\/Rectangular-Beach-Flags.mp4\">http:\/\/cmykprinted.com\/wp-content\/uploads\/2022\/12\/Rectangular-Beach-Flags.mp4<\/a><\/video><\/div>","protected":false},"featured_media":600,"template":"","meta":{"_kad_post_transparent":"default","_kad_post_title":"hide","_kad_post_layout":"fullwidth","_kad_post_sidebar_id":"","_kad_post_content_style":"unboxed","_kad_post_vertical_padding":"hide","_kad_post_feature":"hide","_kad_post_feature_position":"","_kad_post_header":false,"_kad_post_footer":false},"product_cat":[64,66],"product_tag":[144,142,146,143,145],"class_list":{"0":"post-599","1":"product","2":"type-product","3":"status-publish","4":"has-post-thumbnail","6":"product_cat-beach-flags","7":"product_cat-rectangular-flags-banners","8":"product_tag-custom-beach-flags","9":"product_tag-outdoor-beach-flags","10":"product_tag-outdoor-promotional-beach-banners","11":"product_tag-promotional-beach-flags","12":"product_tag-rectangular-beach-flags","14":"first","15":"instock","16":"shipping-taxable","17":"product-type-simple","18":"entry","19":"content-bg","20":"loop-entry"},"_links":{"self":[{"href":"https:\/\/cmykprinted.com\/fi\/wp-json\/wp\/v2\/product\/599","targetHints":{"allow":["GET"]}}],"collection":[{"href":"https:\/\/cmykprinted.com\/fi\/wp-json\/wp\/v2\/product"}],"about":[{"href":"https:\/\/cmykprinted.com\/fi\/wp-json\/wp\/v2\/types\/product"}],"version-history":[{"count":5,"href":"https:\/\/cmykprinted.com\/fi\/wp-json\/wp\/v2\/product\/599\/revisions"}],"predecessor-version":[{"id":611,"href":"https:\/\/cmykprinted.com\/fi\/wp-json\/wp\/v2\/product\/599\/revisions\/611"}],"wp:featuredmedia":[{"embeddable":true,"href":"https:\/\/cmykprinted.com\/fi\/wp-json\/wp\/v2\/media\/600"}],"wp:attachment":[{"href":"https:\/\/cmykprinted.com\/fi\/wp-json\/wp\/v2\/media?parent=599"}],"wp:term":[{"taxonomy":"product_cat","embeddable":true,"href":"https:\/\/cmykprinted.com\/fi\/wp-json\/wp\/v2\/product_cat?post=599"},{"taxonomy":"product_tag","embeddable":true,"href":"https:\/\/cmykprinted.com\/fi\/wp-json\/wp\/v2\/product_tag?post=599"}],"curies":[{"name":"wp","href":"https:\/\/api.w.org\/{rel}","templated":true}]}}