{"id":612,"date":"2022-12-21T13:15:52","date_gmt":"2022-12-21T13:15:52","guid":{"rendered":"https:\/\/cmykprinted.com\/?post_type=product&#038;p=612"},"modified":"2022-12-21T14:08:22","modified_gmt":"2022-12-21T14:08:22","slug":"outdoor-folding-50mm-heavy-duty-hexagonal-aluminum-tents","status":"publish","type":"product","link":"https:\/\/cmykprinted.com\/fi\/tuote\/outdoor-folding-50mm-heavy-duty-hexagonal-aluminum-tents\/","title":{"rendered":"Ulkok\u00e4ytt\u00f6\u00f6n tarkoitetut taittuvat 50 mm:n raskaaseen k\u00e4ytt\u00f6\u00f6n tarkoitetut kuusikulmaiset alumiiniteltat"},"content":{"rendered":"","protected":false},"excerpt":{"rendered":"<p>50 mm:n j\u00e4re\u00e4t kuusikulmainen alumiiniteltamme ovat t\u00e4ydellinen ratkaisu kaikentyyppisiin ulkotapahtumiin, mukaan lukien kirpputorit, askartelun\u00e4yt\u00f6kset, urheilutapahtumat ja taidefestivaalit. Ne soveltuvat my\u00f6s sis\u00e4k\u00e4ytt\u00f6\u00f6n, mik\u00e4 tekee niist\u00e4 uskomattoman monipuolisia ja k\u00e4tevi\u00e4. Katoksen yl\u00e4osat on valmistettu kest\u00e4v\u00e4st\u00e4 polyesterist\u00e4, joka on sek\u00e4 vedenkest\u00e4v\u00e4 ett\u00e4 painettu UV-suojatuilla musteilla, mik\u00e4 varmistaa, ett\u00e4 ne on rakennettu kest\u00e4m\u00e4\u00e4n ja kest\u00e4m\u00e4\u00e4n s\u00e4\u00e4olosuhteita. Kest\u00e4vyyden ja toimivuuden lis\u00e4ksi r\u00e4\u00e4t\u00e4l\u00f6idyt telttamme ovat my\u00f6s eritt\u00e4in kannettavia, joten ne ovat t\u00e4ydellinen valinta yksil\u00f6ille ja organisaatioille, jotka tarvitsevat luotettavan ja helppok\u00e4ytt\u00f6isen suojaratkaisun, joka voi matkustaa melkein minne tahansa. Tarvitsetpa tilap\u00e4isen katoksen kertaluonteiseen tapahtumaan tai pitk\u00e4aikaisen suojaratkaisun yrityksellesi tai organisaatiollesi, 50 mm:n raskaat kuusikulmaiset alumiiniteltamme tarjoavat t\u00e4ydellisen yhdistelm\u00e4n voimaa, kest\u00e4vyytt\u00e4 ja k\u00e4ytt\u00f6mukavuutta.<\/p>\n<div style=\"width: 1290px;\" class=\"wp-video\"><!--[if lt IE 9]><script>document.createElement('video');<\/script><![endif]--><br \/>\n<video class=\"wp-video-shortcode\" id=\"video-612-1\" width=\"1290\" height=\"726\" loop autoplay preload=\"auto\" controls=\"controls\"><source type=\"video\/mp4\" src=\"http:\/\/cmykprinted.com\/wp-content\/uploads\/2022\/12\/50mm-Heavy-Duty-Hexagon-Aluminum-Tents.mp4?_=1\" \/><a href=\"http:\/\/cmykprinted.com\/wp-content\/uploads\/2022\/12\/50mm-Heavy-Duty-Hexagon-Aluminum-Tents.mp4\">http:\/\/cmykprinted.com\/wp-content\/uploads\/2022\/12\/50mm-Heavy-Duty-Hexagon-Aluminum-Tents.mp4<\/a><\/video><\/div>","protected":false},"featured_media":613,"template":"","meta":{"_kad_post_transparent":"default","_kad_post_title":"hide","_kad_post_layout":"fullwidth","_kad_post_sidebar_id":"","_kad_post_content_style":"unboxed","_kad_post_vertical_padding":"hide","_kad_post_feature":"hide","_kad_post_feature_position":"","_kad_post_header":false,"_kad_post_footer":false},"product_cat":[68,75,74],"product_tag":[147,151,149,148,150],"class_list":{"0":"post-612","1":"product","2":"type-product","3":"status-publish","4":"has-post-thumbnail","6":"product_cat-custom-canopy-tents","7":"product_cat-10x10-custom-branded-canopy-tents","8":"product_cat-50mm-heavy-duty-hexagon-aluminum-tents","9":"product_tag-50mm-heavy-duty-hexagonal-aluminum-tents","10":"product_tag-folding-aluminum-tents","11":"product_tag-heavy-duty-aluminum-tents","12":"product_tag-hexagonal-aluminum-tents","13":"product_tag-outdoor-aluminum-tents","15":"first","16":"instock","17":"shipping-taxable","18":"product-type-simple","19":"entry","20":"content-bg","21":"loop-entry"},"_links":{"self":[{"href":"https:\/\/cmykprinted.com\/fi\/wp-json\/wp\/v2\/product\/612","targetHints":{"allow":["GET"]}}],"collection":[{"href":"https:\/\/cmykprinted.com\/fi\/wp-json\/wp\/v2\/product"}],"about":[{"href":"https:\/\/cmykprinted.com\/fi\/wp-json\/wp\/v2\/types\/product"}],"version-history":[{"count":3,"href":"https:\/\/cmykprinted.com\/fi\/wp-json\/wp\/v2\/product\/612\/revisions"}],"predecessor-version":[{"id":623,"href":"https:\/\/cmykprinted.com\/fi\/wp-json\/wp\/v2\/product\/612\/revisions\/623"}],"wp:featuredmedia":[{"embeddable":true,"href":"https:\/\/cmykprinted.com\/fi\/wp-json\/wp\/v2\/media\/613"}],"wp:attachment":[{"href":"https:\/\/cmykprinted.com\/fi\/wp-json\/wp\/v2\/media?parent=612"}],"wp:term":[{"taxonomy":"product_cat","embeddable":true,"href":"https:\/\/cmykprinted.com\/fi\/wp-json\/wp\/v2\/product_cat?post=612"},{"taxonomy":"product_tag","embeddable":true,"href":"https:\/\/cmykprinted.com\/fi\/wp-json\/wp\/v2\/product_tag?post=612"}],"curies":[{"name":"wp","href":"https:\/\/api.w.org\/{rel}","templated":true}]}}