{"id":624,"date":"2022-12-22T03:01:03","date_gmt":"2022-12-22T03:01:03","guid":{"rendered":"https:\/\/cmykprinted.com\/?post_type=product&#038;p=624"},"modified":"2022-12-22T03:51:54","modified_gmt":"2022-12-22T03:51:54","slug":"custom-printed-hand-flags-handheld-stick-flag-at-cheap-price","status":"publish","type":"product","link":"https:\/\/cmykprinted.com\/fi\/tuote\/custom-printed-hand-flags-handheld-stick-flag-at-cheap-price\/","title":{"rendered":"R\u00e4\u00e4t\u00e4l\u00f6idyt painetut k\u00e4siliput K\u00e4dess\u00e4 pidett\u00e4v\u00e4 lippulippu edulliseen hintaan"},"content":{"rendered":"","protected":false},"excerpt":{"rendered":"<p>R\u00e4\u00e4t\u00e4l\u00f6idyt painetut k\u00e4siliput ovat erinomainen tapa saada viestisi perille miss\u00e4 tahansa tapahtumassa tai promootiossa. Ne ovat kohtuuhintaisia, mutta ne antavat panoksensa huomion her\u00e4tt\u00e4miseen. Olitpa messuilla, urheiluottelussa, paraatissa, konferenssissa tai miss\u00e4 tahansa muussa tapahtumassa, r\u00e4\u00e4t\u00e4l\u00f6idyt painetut k\u00e4siliput ovat loistava tapa esitell\u00e4 br\u00e4ndi\u00e4si tai viesti\u00e4si. Ne on valmistettu kest\u00e4v\u00e4st\u00e4 polyesterikankaasta ja painettu v\u00e4risublimaatiopainatuksella, mik\u00e4 varmistaa, ett\u00e4 v\u00e4rit ovat vahvoja ja eloisia. Liput on painettu yksipuolisesti, mik\u00e4 tarkoittaa, ett\u00e4 kuva n\u00e4kyy toisella puolella ja k\u00e4\u00e4nt\u00f6puoli on peilikuva. Ne on viimeistelty joko muovi- tai puisella tapilla ja kiinnitet\u00e4\u00e4n tikkuun lippuholkilla. Mukautetut painetut k\u00e4siliput eiv\u00e4t ole vain loistava tapa mainostaa br\u00e4ndi\u00e4si tai viesti\u00e4si, vaan ne ovat my\u00f6s hauska ja interaktiivinen tapa olla yhteydess\u00e4 yleis\u00f6\u00f6si. Joten miksi odottaa? Hanki mukautetut painetut k\u00e4siliput jo t\u00e4n\u00e4\u00e4n ja katso, ett\u00e4 viestisi lenn\u00e4tt\u00e4\u00e4!<\/p>\n<div style=\"width: 1290px;\" class=\"wp-video\"><!--[if lt IE 9]><script>document.createElement('video');<\/script><![endif]--><br \/>\n<video class=\"wp-video-shortcode\" id=\"video-624-1\" width=\"1290\" height=\"726\" loop autoplay preload=\"auto\" controls=\"controls\"><source type=\"video\/mp4\" src=\"http:\/\/cmykprinted.com\/wp-content\/uploads\/2022\/12\/Custom-Printed-Hand-Flags.mp4?_=1\" \/><a href=\"http:\/\/cmykprinted.com\/wp-content\/uploads\/2022\/12\/Custom-Printed-Hand-Flags.mp4\">http:\/\/cmykprinted.com\/wp-content\/uploads\/2022\/12\/Custom-Printed-Hand-Flags.mp4<\/a><\/video><\/div>\n<p>&nbsp;<\/p>","protected":false},"featured_media":625,"template":"","meta":{"_kad_post_transparent":"default","_kad_post_title":"hide","_kad_post_layout":"fullwidth","_kad_post_sidebar_id":"","_kad_post_content_style":"unboxed","_kad_post_vertical_padding":"hide","_kad_post_feature":"hide","_kad_post_feature_position":"","_kad_post_header":false,"_kad_post_footer":false},"product_cat":[79],"product_tag":[153,155,152,154],"class_list":{"0":"post-624","1":"product","2":"type-product","3":"status-publish","4":"has-post-thumbnail","6":"product_cat-custom-flags","7":"product_tag-custom-hand-flags","8":"product_tag-custom-handheld-flag","9":"product_tag-custom-printed-hand-flags","10":"product_tag-handheld-stick-flag","12":"first","13":"instock","14":"shipping-taxable","15":"product-type-simple","16":"entry","17":"content-bg","18":"loop-entry"},"_links":{"self":[{"href":"https:\/\/cmykprinted.com\/fi\/wp-json\/wp\/v2\/product\/624","targetHints":{"allow":["GET"]}}],"collection":[{"href":"https:\/\/cmykprinted.com\/fi\/wp-json\/wp\/v2\/product"}],"about":[{"href":"https:\/\/cmykprinted.com\/fi\/wp-json\/wp\/v2\/types\/product"}],"version-history":[{"count":4,"href":"https:\/\/cmykprinted.com\/fi\/wp-json\/wp\/v2\/product\/624\/revisions"}],"predecessor-version":[{"id":635,"href":"https:\/\/cmykprinted.com\/fi\/wp-json\/wp\/v2\/product\/624\/revisions\/635"}],"wp:featuredmedia":[{"embeddable":true,"href":"https:\/\/cmykprinted.com\/fi\/wp-json\/wp\/v2\/media\/625"}],"wp:attachment":[{"href":"https:\/\/cmykprinted.com\/fi\/wp-json\/wp\/v2\/media?parent=624"}],"wp:term":[{"taxonomy":"product_cat","embeddable":true,"href":"https:\/\/cmykprinted.com\/fi\/wp-json\/wp\/v2\/product_cat?post=624"},{"taxonomy":"product_tag","embeddable":true,"href":"https:\/\/cmykprinted.com\/fi\/wp-json\/wp\/v2\/product_tag?post=624"}],"curies":[{"name":"wp","href":"https:\/\/api.w.org\/{rel}","templated":true}]}}