{"id":644,"date":"2022-12-22T07:18:12","date_gmt":"2022-12-22T07:18:12","guid":{"rendered":"https:\/\/cmykprinted.com\/?post_type=product&#038;p=644"},"modified":"2022-12-22T07:55:34","modified_gmt":"2022-12-22T07:55:34","slug":"custom-table-runners-table-cover-trade-show-tablecloth","status":"publish","type":"product","link":"https:\/\/cmykprinted.com\/fi\/tuote\/custom-table-runners-table-cover-trade-show-tablecloth\/","title":{"rendered":"Mukautetut p\u00f6yt\u00e4liinat p\u00f6yt\u00e4liinojen p\u00f6yt\u00e4liinojen messuille"},"content":{"rendered":"","protected":false},"excerpt":{"rendered":"<p>Jos tarvitset mukautettuja p\u00f6yt\u00e4liinoja yritykseesi tai henkil\u00f6kohtaisiin tapahtumiisi, me autamme sinua. Laadukkaat p\u00f6yt\u00e4liinamme sopivat kaikkeen messuista varainkeruutilaisuuksiin, ja ne on suunniteltu kest\u00e4m\u00e4\u00e4n. Valmistettu ensiluokkaisesta polyesterikankaasta ja niiss\u00e4 on t\u00e4ysv\u00e4rinen 1440 DPI:n v\u00e4risublimaatiotulostus, joten n\u00e4m\u00e4 r\u00e4\u00e4t\u00e4l\u00f6idyt painetut p\u00f6yt\u00e4telineet tekev\u00e4t varmasti pysyv\u00e4n vaikutuksen. K\u00e4yt\u00e4 niit\u00e4 mainostamaan br\u00e4ndi\u00e4si tai logoasi konferensseissa, tapahtumissa tai messuilla tai lis\u00e4\u00e4 ne yksinkertaisesti kiinte\u00e4\u00e4n p\u00f6yt\u00e4katteeseen saadaksesi ripauksen eleganssia ja sisustusta. Saatavana ennalta m\u00e4\u00e4ritetyiss\u00e4 mitoissa 2&#039;x7,5&#039;, voit jopa valita mukautettuja kokoja, jotka sopivat t\u00e4ydellisesti tarpeisiisi. Luota meihin luotettavana toimittajana mukautetuille p\u00f6yt\u00e4liinoille, jotka mainostavat yrityst\u00e4si tehokkaasti ja kest\u00e4v\u00e4t ajan testin.<\/p>","protected":false},"featured_media":647,"template":"","meta":{"_kad_post_transparent":"default","_kad_post_title":"hide","_kad_post_layout":"fullwidth","_kad_post_sidebar_id":"","_kad_post_content_style":"unboxed","_kad_post_vertical_padding":"hide","_kad_post_feature":"hide","_kad_post_feature_position":"","_kad_post_header":false,"_kad_post_footer":false},"product_cat":[80,82],"product_tag":[157,156,158,159],"class_list":{"0":"post-644","1":"product","2":"type-product","3":"status-publish","4":"has-post-thumbnail","6":"product_cat-custom-tablecloth","7":"product_cat-custom-table-runner","8":"product_tag-custom-table-cover","9":"product_tag-custom-table-runners","10":"product_tag-custom-tablecloth","11":"product_tag-trade-show-tablecloth","13":"first","14":"instock","15":"shipping-taxable","16":"product-type-simple","17":"entry","18":"content-bg","19":"loop-entry"},"_links":{"self":[{"href":"https:\/\/cmykprinted.com\/fi\/wp-json\/wp\/v2\/product\/644","targetHints":{"allow":["GET"]}}],"collection":[{"href":"https:\/\/cmykprinted.com\/fi\/wp-json\/wp\/v2\/product"}],"about":[{"href":"https:\/\/cmykprinted.com\/fi\/wp-json\/wp\/v2\/types\/product"}],"version-history":[{"count":2,"href":"https:\/\/cmykprinted.com\/fi\/wp-json\/wp\/v2\/product\/644\/revisions"}],"predecessor-version":[{"id":646,"href":"https:\/\/cmykprinted.com\/fi\/wp-json\/wp\/v2\/product\/644\/revisions\/646"}],"wp:featuredmedia":[{"embeddable":true,"href":"https:\/\/cmykprinted.com\/fi\/wp-json\/wp\/v2\/media\/647"}],"wp:attachment":[{"href":"https:\/\/cmykprinted.com\/fi\/wp-json\/wp\/v2\/media?parent=644"}],"wp:term":[{"taxonomy":"product_cat","embeddable":true,"href":"https:\/\/cmykprinted.com\/fi\/wp-json\/wp\/v2\/product_cat?post=644"},{"taxonomy":"product_tag","embeddable":true,"href":"https:\/\/cmykprinted.com\/fi\/wp-json\/wp\/v2\/product_tag?post=644"}],"curies":[{"name":"wp","href":"https:\/\/api.w.org\/{rel}","templated":true}]}}