{"id":673,"date":"2022-12-22T14:59:51","date_gmt":"2022-12-22T14:59:51","guid":{"rendered":"https:\/\/cmykprinted.com\/?post_type=product&#038;p=673"},"modified":"2022-12-22T15:10:44","modified_gmt":"2022-12-22T15:10:44","slug":"free-custom-curved-tension-fabric-pop-up-displays-backwall","status":"publish","type":"product","link":"https:\/\/cmykprinted.com\/fi\/tuote\/free-custom-curved-tension-fabric-pop-up-displays-backwall\/","title":{"rendered":"Ilmaiset r\u00e4\u00e4t\u00e4l\u00f6idyt kaarevat kangasn\u00e4yt\u00f6t takasein\u00e4\u00e4n"},"content":{"rendered":"","protected":false},"excerpt":{"rendered":"<p>Kaarevat kiristyskankaasta valmistetut ponnahdusn\u00e4yt\u00f6t tarjoavat mukaansatempaavan ja kiehtovan yleis\u00f6kokemuksen, joka sopii t\u00e4ydellisesti messuille, hyv\u00e4ntekev\u00e4isyystapahtumiin, alan kongresseihin ja muihin toimintoihin. N\u00e4iss\u00e4 n\u00e4yt\u00f6iss\u00e4 on realistisia, v\u00e4risublimoituja kuvia, jotka luovat 3D-vaikutelman ja varmistavat, ett\u00e4 ne erottuvat ja kiinnitt\u00e4v\u00e4t huomion viestiisi. K\u00e4yt\u00e4mme eloisaa, uudelleenk\u00e4ytett\u00e4v\u00e4\u00e4 kangasmateriaalia, joka minimoi valon heijastuksen, jotta tulosteet pysyv\u00e4t n\u00e4kyviss\u00e4 ja varmistavat, ett\u00e4 yleis\u00f6si n\u00e4kee viestisi selv\u00e4sti. Vaikuttavan visuaalisen vaikutuksensa lis\u00e4ksi n\u00e4m\u00e4 n\u00e4yt\u00f6t tarjoavat samat edut kuin sis\u00e4\u00e4nvedett\u00e4v\u00e4t bannerit, joten ne sopivat t\u00e4ydellisesti messuosastojen ja pop-up-kauppojen taustaksi. Suuresta koostaan huolimatta n\u00e4m\u00e4 n\u00e4yt\u00f6t ovat kevyit\u00e4 ja helppoja asentaa, ja ne vaativat vain alumiinirungon kokoamisen ja kankaan ty\u00f6nt\u00e4mist\u00e4 ja vet\u00e4mist\u00e4 sen p\u00e4\u00e4lle. Tulostamalla omia kaarevia kiristyskangasponnahdusn\u00e4yt\u00f6ksi\u00e4 voit vied\u00e4 tapahtumamarkkinoinnin uudelle tasolle ja mainostaa br\u00e4ndi\u00e4si tai viesti\u00e4si tehokkaasti laajalle yleis\u00f6lle.<\/p>","protected":false},"featured_media":674,"template":"","meta":{"_kad_post_transparent":"default","_kad_post_title":"hide","_kad_post_layout":"fullwidth","_kad_post_sidebar_id":"","_kad_post_content_style":"unboxed","_kad_post_vertical_padding":"hide","_kad_post_feature":"hide","_kad_post_feature_position":"","_kad_post_header":false,"_kad_post_footer":false},"product_cat":[97,98],"product_tag":[168,170,134,169],"class_list":{"0":"post-673","1":"product","2":"type-product","3":"status-publish","4":"has-post-thumbnail","6":"product_cat-tension-fabric-displays","7":"product_cat-curved-tension-fabric-pop-up-displays","8":"product_tag-curved-tension-fabric-pop-up-displays","9":"product_tag-pop-up-tension-fabric-displays","10":"product_tag-tension-fabric-displays","11":"product_tag-tension-fabric-pop-up-display","13":"first","14":"instock","15":"shipping-taxable","16":"product-type-simple","17":"entry","18":"content-bg","19":"loop-entry"},"_links":{"self":[{"href":"https:\/\/cmykprinted.com\/fi\/wp-json\/wp\/v2\/product\/673","targetHints":{"allow":["GET"]}}],"collection":[{"href":"https:\/\/cmykprinted.com\/fi\/wp-json\/wp\/v2\/product"}],"about":[{"href":"https:\/\/cmykprinted.com\/fi\/wp-json\/wp\/v2\/types\/product"}],"version-history":[{"count":1,"href":"https:\/\/cmykprinted.com\/fi\/wp-json\/wp\/v2\/product\/673\/revisions"}],"predecessor-version":[{"id":680,"href":"https:\/\/cmykprinted.com\/fi\/wp-json\/wp\/v2\/product\/673\/revisions\/680"}],"wp:featuredmedia":[{"embeddable":true,"href":"https:\/\/cmykprinted.com\/fi\/wp-json\/wp\/v2\/media\/674"}],"wp:attachment":[{"href":"https:\/\/cmykprinted.com\/fi\/wp-json\/wp\/v2\/media?parent=673"}],"wp:term":[{"taxonomy":"product_cat","embeddable":true,"href":"https:\/\/cmykprinted.com\/fi\/wp-json\/wp\/v2\/product_cat?post=673"},{"taxonomy":"product_tag","embeddable":true,"href":"https:\/\/cmykprinted.com\/fi\/wp-json\/wp\/v2\/product_tag?post=673"}],"curies":[{"name":"wp","href":"https:\/\/api.w.org\/{rel}","templated":true}]}}