{"id":692,"date":"2022-12-29T10:09:13","date_gmt":"2022-12-29T10:09:13","guid":{"rendered":"https:\/\/cmykprinted.com\/?post_type=product&#038;p=692"},"modified":"2022-12-29T10:44:20","modified_gmt":"2022-12-29T10:44:20","slug":"double-sided-printed-advertising-beach-teardrop-flags-banner","status":"publish","type":"product","link":"https:\/\/cmykprinted.com\/fi\/tuote\/double-sided-printed-advertising-beach-teardrop-flags-banner\/","title":{"rendered":"Kaksipuolinen painettu mainonta Beach Teardrop Flags Banner"},"content":{"rendered":"","protected":false},"excerpt":{"rendered":"<p>Kyynellipun liput, jotka tunnetaan my\u00f6s nimell\u00e4 teardrop-lippubannerit tai kyynelpisaran liput, ovat er\u00e4\u00e4nlainen suuri, pisaran muotoinen lippu, jota k\u00e4ytet\u00e4\u00e4n mainontaan ja markkinointiin. Ne valmistetaan tulostamalla lippuun mukautettu kuvio v\u00e4risublimaatioprosessilla, mik\u00e4 mahdollistaa eloisan, korkealaatuisen grafiikan. Liput on kiinnitetty kevyeen alumiinista ja lasikuidusta valmistettuun lipputankoon, joka on taivutettava ja auttaa pit\u00e4m\u00e4\u00e4n lipun kire\u00e4ll\u00e4 my\u00f6s tuulisissa olosuhteissa. Lipputanko voidaan joko kiinnitt\u00e4\u00e4 maahan tai asettaa lipputelineeseen k\u00e4ytt\u00e4j\u00e4n erityistarpeiden ja mieltymysten mukaan.<br \/>\nKyynellippubannerin k\u00e4ytt\u00e4minen myym\u00e4l\u00e4si tai yrityksesi edess\u00e4 voi olla tehokas tapa kiinnitt\u00e4\u00e4 potentiaalisten asiakkaiden ja muiden ohikulkijoiden huomio. N\u00e4m\u00e4 liput ovat silmiinpist\u00e4vi\u00e4 ja voivat auttaa tehokkaasti mainostamaan yrityst\u00e4si ja sen tuotteita tai palveluita. Teardrop-lippubannerit ovat my\u00f6s monipuolisia, ja niit\u00e4 voidaan k\u00e4ytt\u00e4\u00e4 erilaisissa ymp\u00e4rist\u00f6iss\u00e4, kuten messuilla, ulkotapahtumissa ja julkisivuissa. Valitsemalla mukautetun suunnittelun, joka heijastaa tarkasti yrityksesi br\u00e4nd\u00e4yst\u00e4 ja viestej\u00e4, voit viesti\u00e4 viestisi tehokkaasti ja tehd\u00e4 vahvan vaikutuksen kohdeyleis\u00f6si.<\/p>\n<div style=\"width: 1280px;\" class=\"wp-video\"><!--[if lt IE 9]><script>document.createElement('video');<\/script><![endif]--><br \/>\n<video class=\"wp-video-shortcode\" id=\"video-692-1\" width=\"1280\" height=\"720\" loop autoplay preload=\"metadata\" controls=\"controls\"><source type=\"video\/mp4\" src=\"http:\/\/cmykprinted.com\/wp-content\/uploads\/2022\/12\/Beach-Teardrop-Flags-Banner.mp4?_=1\" \/><a href=\"http:\/\/cmykprinted.com\/wp-content\/uploads\/2022\/12\/Beach-Teardrop-Flags-Banner.mp4\">http:\/\/cmykprinted.com\/wp-content\/uploads\/2022\/12\/Beach-Teardrop-Flags-Banner.mp4<\/a><\/video><\/div>","protected":false},"featured_media":693,"template":"","meta":{"_kad_post_transparent":"default","_kad_post_title":"hide","_kad_post_layout":"fullwidth","_kad_post_sidebar_id":"","_kad_post_content_style":"unboxed","_kad_post_vertical_padding":"hide","_kad_post_feature":"hide","_kad_post_feature_position":"","_kad_post_header":false,"_kad_post_footer":false},"product_cat":[64,67],"product_tag":[177,176,175,178],"class_list":{"0":"post-692","1":"product","2":"type-product","3":"status-publish","4":"has-post-thumbnail","6":"product_cat-beach-flags","7":"product_cat-teardrop-flags-banners","8":"product_tag-advertising-beach-flags","9":"product_tag-beach-teardrop-banner","10":"product_tag-beach-teardrop-flags","11":"product_tag-teardrop-flags","13":"first","14":"instock","15":"shipping-taxable","16":"product-type-simple","17":"entry","18":"content-bg","19":"loop-entry"},"_links":{"self":[{"href":"https:\/\/cmykprinted.com\/fi\/wp-json\/wp\/v2\/product\/692","targetHints":{"allow":["GET"]}}],"collection":[{"href":"https:\/\/cmykprinted.com\/fi\/wp-json\/wp\/v2\/product"}],"about":[{"href":"https:\/\/cmykprinted.com\/fi\/wp-json\/wp\/v2\/types\/product"}],"version-history":[{"count":4,"href":"https:\/\/cmykprinted.com\/fi\/wp-json\/wp\/v2\/product\/692\/revisions"}],"predecessor-version":[{"id":703,"href":"https:\/\/cmykprinted.com\/fi\/wp-json\/wp\/v2\/product\/692\/revisions\/703"}],"wp:featuredmedia":[{"embeddable":true,"href":"https:\/\/cmykprinted.com\/fi\/wp-json\/wp\/v2\/media\/693"}],"wp:attachment":[{"href":"https:\/\/cmykprinted.com\/fi\/wp-json\/wp\/v2\/media?parent=692"}],"wp:term":[{"taxonomy":"product_cat","embeddable":true,"href":"https:\/\/cmykprinted.com\/fi\/wp-json\/wp\/v2\/product_cat?post=692"},{"taxonomy":"product_tag","embeddable":true,"href":"https:\/\/cmykprinted.com\/fi\/wp-json\/wp\/v2\/product_tag?post=692"}],"curies":[{"name":"wp","href":"https:\/\/api.w.org\/{rel}","templated":true}]}}