{"id":704,"date":"2022-12-29T12:00:11","date_gmt":"2022-12-29T12:00:11","guid":{"rendered":"https:\/\/cmykprinted.com\/?post_type=product&#038;p=704"},"modified":"2022-12-29T15:39:11","modified_gmt":"2022-12-29T15:39:11","slug":"40mm-hexagonal-folding-aluminum-frame-10x15ft-pop-up-tent","status":"publish","type":"product","link":"https:\/\/cmykprinted.com\/fi\/tuote\/40mm-hexagonal-folding-aluminum-frame-10x15ft-pop-up-tent\/","title":{"rendered":"40 mm:n kuusikulmainen taittuva alumiinirunkoinen 10x15 jalan pop-up-teltta"},"content":{"rendered":"","protected":false},"excerpt":{"rendered":"<p>T\u00e4ss\u00e4 pop up katoksessa on vahvempi runko, joka on valmistettu parannetusta ter\u00e4srakenteesta, jossa on suuremmat ristikot ja vahvistettu poikkipalkki, jonka mitat ovat 26 x 13, mik\u00e4 lis\u00e4\u00e4 lujuutta ja parempaa tuulenvastusta. Ter\u00e4sjaloissa on kaksi porattua reik\u00e4\u00e4 lis\u00e4\u00e4m\u00e4\u00e4n vakautta. Itse katos on kooltaan 10 \u00d7 15 jalkaa ja tarjoaa runsaan 150 neli\u00f6jalkaa varjoa, joka sopii 8-13 hengen kokoontumisiin. Sit\u00e4 voidaan k\u00e4ytt\u00e4\u00e4 sek\u00e4 aurinkoisissa ett\u00e4 sateisissa olosuhteissa. Katoksen pystytt\u00e4minen on helppoa, ty\u00f6kaluja ei tarvita ja yhden henkil\u00f6n tekemiseen menee vain muutama minuutti. Tukiputket voidaan s\u00e4\u00e4t\u00e4\u00e4 kolmelle eri tasolle monipuolisuuden lis\u00e4\u00e4miseksi. Katos on valmistettu 300D-polyesterist\u00e4, jossa on PU-pinnoite, joka est\u00e4\u00e4 noin 99% UV-s\u00e4teit\u00e4, ja siin\u00e4 on vedenpit\u00e4v\u00e4t nauhat. Katoksen mukana tulee t\u00e4ydellinen lis\u00e4varustesarja, mukaan lukien rullalaukku, hiekkas\u00e4kit, maadoitustulpat, nylonk\u00f6ydet ja vanteet. N\u00e4m\u00e4 lis\u00e4varusteet sek\u00e4 varaosat ovat saatavilla koko elini\u00e4n ajan.<\/p>\n<div style=\"width: 1280px;\" class=\"wp-video\"><!--[if lt IE 9]><script>document.createElement('video');<\/script><![endif]--><br \/>\n<video class=\"wp-video-shortcode\" id=\"video-704-1\" width=\"1280\" height=\"720\" loop autoplay preload=\"auto\" controls=\"controls\"><source type=\"video\/mp4\" src=\"http:\/\/cmykprinted.com\/wp-content\/uploads\/2022\/12\/10x15ft-Pop-up-Tent.mp4?_=1\" \/><a href=\"http:\/\/cmykprinted.com\/wp-content\/uploads\/2022\/12\/10x15ft-Pop-up-Tent.mp4\">http:\/\/cmykprinted.com\/wp-content\/uploads\/2022\/12\/10x15ft-Pop-up-Tent.mp4<\/a><\/video><\/div>","protected":false},"featured_media":705,"template":"","meta":{"_kad_post_transparent":"default","_kad_post_title":"hide","_kad_post_layout":"fullwidth","_kad_post_sidebar_id":"","_kad_post_content_style":"unboxed","_kad_post_vertical_padding":"hide","_kad_post_feature":"hide","_kad_post_feature_position":"","_kad_post_header":false,"_kad_post_footer":false},"product_cat":[68,71,69],"product_tag":[179,180,182,181],"class_list":{"0":"post-704","1":"product","2":"type-product","3":"status-publish","4":"has-post-thumbnail","6":"product_cat-custom-canopy-tents","7":"product_cat-10x15ft-pop-up-tents","8":"product_cat-40mm-hexagon-aluminum-tents","9":"product_tag-10x15ft-pop-up-tent","10":"product_tag-40mm-hexagonal-pop-up-tent","11":"product_tag-aluminum-frame-pop-up-tent","12":"product_tag-folding-pop-up-tent","14":"first","15":"instock","16":"shipping-taxable","17":"product-type-simple","18":"entry","19":"content-bg","20":"loop-entry"},"_links":{"self":[{"href":"https:\/\/cmykprinted.com\/fi\/wp-json\/wp\/v2\/product\/704","targetHints":{"allow":["GET"]}}],"collection":[{"href":"https:\/\/cmykprinted.com\/fi\/wp-json\/wp\/v2\/product"}],"about":[{"href":"https:\/\/cmykprinted.com\/fi\/wp-json\/wp\/v2\/types\/product"}],"version-history":[{"count":3,"href":"https:\/\/cmykprinted.com\/fi\/wp-json\/wp\/v2\/product\/704\/revisions"}],"predecessor-version":[{"id":714,"href":"https:\/\/cmykprinted.com\/fi\/wp-json\/wp\/v2\/product\/704\/revisions\/714"}],"wp:featuredmedia":[{"embeddable":true,"href":"https:\/\/cmykprinted.com\/fi\/wp-json\/wp\/v2\/media\/705"}],"wp:attachment":[{"href":"https:\/\/cmykprinted.com\/fi\/wp-json\/wp\/v2\/media?parent=704"}],"wp:term":[{"taxonomy":"product_cat","embeddable":true,"href":"https:\/\/cmykprinted.com\/fi\/wp-json\/wp\/v2\/product_cat?post=704"},{"taxonomy":"product_tag","embeddable":true,"href":"https:\/\/cmykprinted.com\/fi\/wp-json\/wp\/v2\/product_tag?post=704"}],"curies":[{"name":"wp","href":"https:\/\/api.w.org\/{rel}","templated":true}]}}