{"id":715,"date":"2022-12-29T22:23:16","date_gmt":"2022-12-29T22:23:16","guid":{"rendered":"https:\/\/cmykprinted.com\/?post_type=product&#038;p=715"},"modified":"2022-12-29T22:34:28","modified_gmt":"2022-12-29T22:34:28","slug":"personalized-stretch-fitted-table-cover-tablecloth-with-logo","status":"publish","type":"product","link":"https:\/\/cmykprinted.com\/fi\/tuote\/personalized-stretch-fitted-table-cover-tablecloth-with-logo\/","title":{"rendered":"Personoitu joustava p\u00f6yt\u00e4liina logolla"},"content":{"rendered":"","protected":false},"excerpt":{"rendered":"<p>Meid\u00e4n spandexilla varustettu p\u00f6yt\u00e4p\u00e4\u00e4llinen on suunniteltu erityisesti istumaan tiukasti kokoontaitettavan p\u00f6yd\u00e4n tai juhlap\u00f6yd\u00e4n p\u00e4\u00e4lle, jonka mitat ovat 72 tuumaa pitk\u00e4, 30 tuumaa leve\u00e4 ja 30 tuumaa korkea. T\u00e4m\u00e4 suorakaiteen muotoinen p\u00f6yt\u00e4liina on erinomainen valinta erilaisiin tapahtumiin, kuten h\u00e4ihin, syntym\u00e4p\u00e4iviin, suihkuihin, p\u00e4iv\u00e4llisharjoituksiin ja jopa yksinkertaisiin perhejuhliin. Korkealaatuisesta joustavasta polyesterist\u00e4 valmistetut 6\u2032 jalan spandexilla varustetut p\u00f6yt\u00e4liinamme on valmistettu kest\u00e4m\u00e4\u00e4n, ja niiden kest\u00e4v\u00e4 rakenne kest\u00e4\u00e4 rypistymist\u00e4 ja tahroja. Lis\u00e4ksi n\u00e4m\u00e4 p\u00f6yt\u00e4liinat voidaan pest\u00e4 lukemattomia kertoja, joten ne ovat taloudellinen valinta tapahtumasuunnittelijalle tai kodin omistajalle. Is\u00e4nn\u00f6ittep\u00e4 sitten muodollista tapahtumaa tai rentoa tapaamista, spandexilla varustettu p\u00f6yt\u00e4liinamme on houkutteleva ja k\u00e4yt\u00e4nn\u00f6llinen lis\u00e4 kattaukseen.<\/p>\n<div style=\"width: 1290px;\" class=\"wp-video\"><!--[if lt IE 9]><script>document.createElement('video');<\/script><![endif]--><br \/>\n<video class=\"wp-video-shortcode\" id=\"video-715-1\" width=\"1290\" height=\"726\" loop autoplay preload=\"auto\" controls=\"controls\"><source type=\"video\/mp4\" src=\"http:\/\/cmykprinted.com\/wp-content\/uploads\/2022\/12\/Custom-Stretch-Tablecloth.mp4?_=1\" \/><a href=\"http:\/\/cmykprinted.com\/wp-content\/uploads\/2022\/12\/Custom-Stretch-Tablecloth.mp4\">http:\/\/cmykprinted.com\/wp-content\/uploads\/2022\/12\/Custom-Stretch-Tablecloth.mp4<\/a><\/video><\/div>","protected":false},"featured_media":716,"template":"","meta":{"_kad_post_transparent":"default","_kad_post_title":"hide","_kad_post_layout":"fullwidth","_kad_post_sidebar_id":"","_kad_post_content_style":"unboxed","_kad_post_vertical_padding":"hide","_kad_post_feature":"hide","_kad_post_feature_position":"","_kad_post_header":false,"_kad_post_footer":false},"product_cat":[80,81,83],"product_tag":[185,183,186,184],"class_list":{"0":"post-715","1":"product","2":"type-product","3":"status-publish","4":"has-post-thumbnail","6":"product_cat-custom-tablecloth","7":"product_cat-custom-stretch-tablecloth","8":"product_cat-fitted-table-cover","9":"product_tag-fitted-table-cover","10":"product_tag-personalized-fitted-table-cover","11":"product_tag-personalized-stretch-tablecloth","12":"product_tag-stretch-fitted-table-cover","14":"first","15":"instock","16":"shipping-taxable","17":"product-type-simple","18":"entry","19":"content-bg","20":"loop-entry"},"_links":{"self":[{"href":"https:\/\/cmykprinted.com\/fi\/wp-json\/wp\/v2\/product\/715","targetHints":{"allow":["GET"]}}],"collection":[{"href":"https:\/\/cmykprinted.com\/fi\/wp-json\/wp\/v2\/product"}],"about":[{"href":"https:\/\/cmykprinted.com\/fi\/wp-json\/wp\/v2\/types\/product"}],"version-history":[{"count":1,"href":"https:\/\/cmykprinted.com\/fi\/wp-json\/wp\/v2\/product\/715\/revisions"}],"predecessor-version":[{"id":722,"href":"https:\/\/cmykprinted.com\/fi\/wp-json\/wp\/v2\/product\/715\/revisions\/722"}],"wp:featuredmedia":[{"embeddable":true,"href":"https:\/\/cmykprinted.com\/fi\/wp-json\/wp\/v2\/media\/716"}],"wp:attachment":[{"href":"https:\/\/cmykprinted.com\/fi\/wp-json\/wp\/v2\/media?parent=715"}],"wp:term":[{"taxonomy":"product_cat","embeddable":true,"href":"https:\/\/cmykprinted.com\/fi\/wp-json\/wp\/v2\/product_cat?post=715"},{"taxonomy":"product_tag","embeddable":true,"href":"https:\/\/cmykprinted.com\/fi\/wp-json\/wp\/v2\/product_tag?post=715"}],"curies":[{"name":"wp","href":"https:\/\/api.w.org\/{rel}","templated":true}]}}