{"id":723,"date":"2022-12-30T02:47:50","date_gmt":"2022-12-30T02:47:50","guid":{"rendered":"https:\/\/cmykprinted.com\/?post_type=product&#038;p=723"},"modified":"2022-12-30T03:52:19","modified_gmt":"2022-12-30T03:52:19","slug":"all-weather-outdoor-advertising-pvc-mesh-banner-printing","status":"publish","type":"product","link":"https:\/\/cmykprinted.com\/fi\/tuote\/all-weather-outdoor-advertising-pvc-mesh-banner-printing\/","title":{"rendered":"Joka s\u00e4\u00e4n ulkomainonta PVC-verkkobanneritulostus"},"content":{"rendered":"","protected":false},"excerpt":{"rendered":"<p>PVC-verkkobannerimme on pitk\u00e4lle erikoistunut materiaali, joka on suunniteltu erityisesti kest\u00e4m\u00e4\u00e4n kovaa tuulta ja muita ankaria ulko-olosuhteita. Materiaalin rei&#039;itykset p\u00e4\u00e4st\u00e4v\u00e4t tuulen l\u00e4pi, mik\u00e4 v\u00e4hent\u00e4\u00e4 bannerin vaurioitumisriski\u00e4 ja minimoi sen repeytymisen tai lenn\u00e4tyksen.<br \/>\nTuulenpit\u00e4vien ominaisuuksiensa lis\u00e4ksi PVC-verkkobanneri on my\u00f6s eritt\u00e4in kevyt, joten se on helppo asentaa ja k\u00e4sitell\u00e4. T\u00e4m\u00e4 tekee siit\u00e4 ihanteellisen valinnan monenlaisiin erikoissovelluksiin, joissa tarvitaan osittain l\u00e4pin\u00e4kyv\u00e4\u00e4 materiaalia, joka mahdollistaa valon, \u00e4\u00e4nen ja ilman kulkemisen.<br \/>\nSek\u00e4 verkkobannerimme ett\u00e4 lavabannerimme on painettu joko mesh PVC:lle tai kankaiselle AIRTEC-materiaalille, jotka molemmat on rei&#039;itetty koko bannerin l\u00e4pi eritt\u00e4in intensiivisell\u00e4 pienten reikien kuviolla. T\u00e4m\u00e4 varmistaa, ett\u00e4 Stage-bannerit s\u00e4ilytt\u00e4v\u00e4t rakenteellisen eheytens\u00e4 ja visuaalisuutensa vaativimmissakin ymp\u00e4rist\u00f6iss\u00e4. Tarvitsetpa bannerin ulkoilmatapahtumaan, messuille tai muuhun erityiseen tilaisuuteen, PVC-verkko- ja lavabannerimme ovat erinomainen valinta kaikkiin banneritarpeisiisi.<\/p>\n<div style=\"width: 1280px;\" class=\"wp-video\"><!--[if lt IE 9]><script>document.createElement('video');<\/script><![endif]--><br \/>\n<video class=\"wp-video-shortcode\" id=\"video-723-1\" width=\"1280\" height=\"720\" loop autoplay preload=\"metadata\" controls=\"controls\"><source type=\"video\/mp4\" src=\"http:\/\/cmykprinted.com\/wp-content\/uploads\/2022\/12\/PVC-Mesh-Banner.mp4?_=1\" \/><a href=\"http:\/\/cmykprinted.com\/wp-content\/uploads\/2022\/12\/PVC-Mesh-Banner.mp4\">http:\/\/cmykprinted.com\/wp-content\/uploads\/2022\/12\/PVC-Mesh-Banner.mp4<\/a><\/video><\/div>","protected":false},"featured_media":724,"template":"","meta":{"_kad_post_transparent":"default","_kad_post_title":"hide","_kad_post_layout":"fullwidth","_kad_post_sidebar_id":"","_kad_post_content_style":"unboxed","_kad_post_vertical_padding":"hide","_kad_post_feature":"hide","_kad_post_feature_position":"","_kad_post_header":false,"_kad_post_footer":false},"product_cat":[85,90,91,89,88],"product_tag":[189,191,188,190,187],"class_list":{"0":"post-723","1":"product","2":"type-product","3":"status-publish","4":"has-post-thumbnail","6":"product_cat-outdoor-vinyl-banners","7":"product_cat-glossy-pvc-banners","8":"product_cat-matte-vinyl-banners","9":"product_cat-pvc-banners","10":"product_cat-pvc-mesh-banners","11":"product_tag-advertising-mesh-banner","12":"product_tag-all-weather-mesh-banner","13":"product_tag-mesh-banner-printing","14":"product_tag-outdoor-mesh-banner","15":"product_tag-pvc-mesh-banner","17":"first","18":"instock","19":"shipping-taxable","20":"product-type-simple","21":"entry","22":"content-bg","23":"loop-entry"},"_links":{"self":[{"href":"https:\/\/cmykprinted.com\/fi\/wp-json\/wp\/v2\/product\/723","targetHints":{"allow":["GET"]}}],"collection":[{"href":"https:\/\/cmykprinted.com\/fi\/wp-json\/wp\/v2\/product"}],"about":[{"href":"https:\/\/cmykprinted.com\/fi\/wp-json\/wp\/v2\/types\/product"}],"version-history":[{"count":2,"href":"https:\/\/cmykprinted.com\/fi\/wp-json\/wp\/v2\/product\/723\/revisions"}],"predecessor-version":[{"id":732,"href":"https:\/\/cmykprinted.com\/fi\/wp-json\/wp\/v2\/product\/723\/revisions\/732"}],"wp:featuredmedia":[{"embeddable":true,"href":"https:\/\/cmykprinted.com\/fi\/wp-json\/wp\/v2\/media\/724"}],"wp:attachment":[{"href":"https:\/\/cmykprinted.com\/fi\/wp-json\/wp\/v2\/media?parent=723"}],"wp:term":[{"taxonomy":"product_cat","embeddable":true,"href":"https:\/\/cmykprinted.com\/fi\/wp-json\/wp\/v2\/product_cat?post=723"},{"taxonomy":"product_tag","embeddable":true,"href":"https:\/\/cmykprinted.com\/fi\/wp-json\/wp\/v2\/product_tag?post=723"}],"curies":[{"name":"wp","href":"https:\/\/api.w.org\/{rel}","templated":true}]}}