{"id":733,"date":"2022-12-30T03:56:29","date_gmt":"2022-12-30T03:56:29","guid":{"rendered":"https:\/\/cmykprinted.com\/?post_type=product&#038;p=733"},"modified":"2022-12-30T04:21:48","modified_gmt":"2022-12-30T04:21:48","slug":"promotional-triangle-pop-up-banners-a-frame-pop-out-banners","status":"publish","type":"product","link":"https:\/\/cmykprinted.com\/fi\/tuote\/promotional-triangle-pop-up-banners-a-frame-pop-out-banners\/","title":{"rendered":"Kolmion ponnahdusbannerit A-Frame pop-out-bannerit"},"content":{"rendered":"","protected":false},"excerpt":{"rendered":"<p>Triangle pop-up -bannerit ovat monipuolinen ja huomiota her\u00e4tt\u00e4v\u00e4 tapa mainostaa yrityst\u00e4si tai br\u00e4ndi\u00e4si. Ne on suunniteltu helposti asennettaviksi ja irrotettaviksi, mik\u00e4 tekee niist\u00e4 t\u00e4ydelliset k\u00e4ytett\u00e4v\u00e4ksi messuilla, konferensseissa ja muissa tapahtumissa. N\u00e4m\u00e4 bannerit on valmistettu kest\u00e4v\u00e4st\u00e4 persikkanahkakankaasta, ja ne ovat kevyit\u00e4 ja helppoja kuljettaa, ja niiden mukana tulee k\u00e4tev\u00e4 kantolaukku s\u00e4ilytyst\u00e4 varten.<br \/>\nHelppok\u00e4ytt\u00f6isyyden lis\u00e4ksi kolmion muotoiset ponnahdusbannerit ovat my\u00f6s eritt\u00e4in tehokkaita kiinnitt\u00e4m\u00e4\u00e4n huomiota. Halusitpa sitten mainostaa uuden tuotteen lanseerausta, myynti\u00e4 tai tulevaa tapahtumaa, n\u00e4m\u00e4 bannerit ovat loistava tapa saada ihmiset kiinnostumaan yrityksest\u00e4si. Niit\u00e4 voidaan k\u00e4ytt\u00e4\u00e4 sek\u00e4 sis\u00e4ll\u00e4 ett\u00e4 ulkona, ja niiden jousimetalliter\u00e4s ja tapit tekev\u00e4t niist\u00e4 helpon koota ja purkaa.<br \/>\nJos etsit tapaa vied\u00e4 yrityksesi mainonta uudelle tasolle, harkitse kolmion ponnahdusbanneriin sijoittamista. Ne ovat loistava tapa kiinnitt\u00e4\u00e4 huomiota yritykseesi ja tehd\u00e4 pysyv\u00e4 vaikutus potentiaalisiin asiakkaisiin. Kattavan asennusoppaamme avulla sinulla on kaikki mit\u00e4 tarvitset bannerin asentamiseen ja poistamiseen helposti. N\u00e4m\u00e4 bannerit ovat siis t\u00e4ydellinen valinta mille tahansa yritykselle, joka haluaa nousta esiin seuraavassa tapahtumassaan tai konferenssissaan.<\/p>\n<div style=\"width: 1280px;\" class=\"wp-video\"><!--[if lt IE 9]><script>document.createElement('video');<\/script><![endif]--><br \/>\n<video class=\"wp-video-shortcode\" id=\"video-733-1\" width=\"1280\" height=\"720\" loop autoplay preload=\"metadata\" controls=\"controls\"><source type=\"video\/mp4\" src=\"http:\/\/cmykprinted.com\/wp-content\/uploads\/2022\/12\/Triangle-Pop-Up-Banners.mp4?_=1\" \/><a href=\"http:\/\/cmykprinted.com\/wp-content\/uploads\/2022\/12\/Triangle-Pop-Up-Banners.mp4\">http:\/\/cmykprinted.com\/wp-content\/uploads\/2022\/12\/Triangle-Pop-Up-Banners.mp4<\/a><\/video><\/div>","protected":false},"featured_media":734,"template":"","meta":{"_kad_post_transparent":"default","_kad_post_title":"hide","_kad_post_layout":"fullwidth","_kad_post_sidebar_id":"","_kad_post_content_style":"unboxed","_kad_post_vertical_padding":"hide","_kad_post_feature":"hide","_kad_post_feature_position":"","_kad_post_header":false,"_kad_post_footer":false},"product_cat":[92,95],"product_tag":[193,194,128,195,192],"class_list":{"0":"post-733","1":"product","2":"type-product","3":"status-publish","4":"has-post-thumbnail","6":"product_cat-pop-up-banners","7":"product_cat-triangle-pop-up-banners","8":"product_tag-a-frame-pop-out-banners","9":"product_tag-pop-out-banners","10":"product_tag-pop-up-banner","11":"product_tag-promotional-pop-up-banners","12":"product_tag-triangle-pop-up-banner","14":"first","15":"instock","16":"shipping-taxable","17":"product-type-simple","18":"entry","19":"content-bg","20":"loop-entry"},"_links":{"self":[{"href":"https:\/\/cmykprinted.com\/fi\/wp-json\/wp\/v2\/product\/733","targetHints":{"allow":["GET"]}}],"collection":[{"href":"https:\/\/cmykprinted.com\/fi\/wp-json\/wp\/v2\/product"}],"about":[{"href":"https:\/\/cmykprinted.com\/fi\/wp-json\/wp\/v2\/types\/product"}],"version-history":[{"count":3,"href":"https:\/\/cmykprinted.com\/fi\/wp-json\/wp\/v2\/product\/733\/revisions"}],"predecessor-version":[{"id":743,"href":"https:\/\/cmykprinted.com\/fi\/wp-json\/wp\/v2\/product\/733\/revisions\/743"}],"wp:featuredmedia":[{"embeddable":true,"href":"https:\/\/cmykprinted.com\/fi\/wp-json\/wp\/v2\/media\/734"}],"wp:attachment":[{"href":"https:\/\/cmykprinted.com\/fi\/wp-json\/wp\/v2\/media?parent=733"}],"wp:term":[{"taxonomy":"product_cat","embeddable":true,"href":"https:\/\/cmykprinted.com\/fi\/wp-json\/wp\/v2\/product_cat?post=733"},{"taxonomy":"product_tag","embeddable":true,"href":"https:\/\/cmykprinted.com\/fi\/wp-json\/wp\/v2\/product_tag?post=733"}],"curies":[{"name":"wp","href":"https:\/\/api.w.org\/{rel}","templated":true}]}}