{"id":744,"date":"2022-12-30T08:55:17","date_gmt":"2022-12-30T08:55:17","guid":{"rendered":"https:\/\/cmykprinted.com\/?post_type=product&#038;p=744"},"modified":"2022-12-30T12:44:27","modified_gmt":"2022-12-30T12:44:27","slug":"straight-tension-fabric-backdrop-media-wall-wholesale-price","status":"publish","type":"product","link":"https:\/\/cmykprinted.com\/fi\/tuote\/straight-tension-fabric-backdrop-media-wall-wholesale-price\/","title":{"rendered":"Suora j\u00e4nnityskankaan taustamediasein\u00e4n tukkuhinta"},"content":{"rendered":"","protected":false},"excerpt":{"rendered":"<p>Suosituin suorakiristyskangas-taustamme on monipuolinen ja sopii moneen tarkoitukseen, mukaan lukien k\u00e4ytett\u00e4v\u00e4ksi studion taustana, n\u00e4ytt\u00e4m\u00f6n tai tapahtuman taustana, valokuvakopin taustana, lehdist\u00f6tilaisuuden taustana, palkintoseremonian taustana ja punaisen maton taustana. Kun voit sis\u00e4llytt\u00e4\u00e4 samaan banneriin kaksi erilaista mallia, voit maksimoida arvon ja kuljetuksen mukavuuden. Joustava kangastausta on valmistettu tukevasta ja joustavasta 100% konepest\u00e4v\u00e4st\u00e4 polyesterist\u00e4, joka on painettu mukautetun kangaspainatusprosessin avulla, mik\u00e4 varmistaa, ett\u00e4 mallisi pysyy el\u00e4v\u00e4n\u00e4 ja selke\u00e4n\u00e4 jopa useiden pesujen j\u00e4lkeen ja kaikissa s\u00e4\u00e4olosuhteissa. Painoprosessimme on my\u00f6s ekologinen liuotin, jossa k\u00e4ytet\u00e4\u00e4n t\u00e4ysin luonnollisia, biohajoavia liuottimia, jotka ovat v\u00e4hemm\u00e4n karkeita ja keholle turvallisempia. Kevyt ja vahva alumiinirunko on suunniteltu tukemaan kankaan joustavuutta pitk\u00e4n ajan, ja sen mukana tulee napsautusletkut helpottamaan ja nopeaa asennusta ilman lis\u00e4ty\u00f6kaluja. Jalusta on s\u00e4\u00e4dett\u00e4viss\u00e4 haluamaasi kokoon, ja sen mukana tulee rullaava kova kotelo, joka helpottaa kannettavuutta. Suora kiristyskangas-tausta toimitetaan 4\u20135 arkip\u00e4iv\u00e4n kuluessa veloituksetta.<\/p>\n<div style=\"width: 1280px;\" class=\"wp-video\"><!--[if lt IE 9]><script>document.createElement('video');<\/script><![endif]--><br \/>\n<video class=\"wp-video-shortcode\" id=\"video-744-1\" width=\"1280\" height=\"720\" loop autoplay preload=\"auto\" controls=\"controls\"><source type=\"video\/mp4\" src=\"http:\/\/cmykprinted.com\/wp-content\/uploads\/2022\/12\/Straight-Tension-Fabric-Backdrop.mp4?_=1\" \/><a href=\"http:\/\/cmykprinted.com\/wp-content\/uploads\/2022\/12\/Straight-Tension-Fabric-Backdrop.mp4\">http:\/\/cmykprinted.com\/wp-content\/uploads\/2022\/12\/Straight-Tension-Fabric-Backdrop.mp4<\/a><\/video><\/div>","protected":false},"featured_media":745,"template":"","meta":{"_kad_post_transparent":"default","_kad_post_title":"hide","_kad_post_layout":"fullwidth","_kad_post_sidebar_id":"","_kad_post_content_style":"unboxed","_kad_post_vertical_padding":"hide","_kad_post_feature":"hide","_kad_post_feature_position":"","_kad_post_header":false,"_kad_post_footer":false},"product_cat":[97,100],"product_tag":[196,197,198],"class_list":{"0":"post-744","1":"product","2":"type-product","3":"status-publish","4":"has-post-thumbnail","6":"product_cat-tension-fabric-displays","7":"product_cat-straight-tension-fabric-backdrop","8":"product_tag-straight-tension-fabric-backdrop","9":"product_tag-tension-fabric-backdrop","10":"product_tag-tension-fabric-media-wall","12":"first","13":"instock","14":"shipping-taxable","15":"product-type-simple","16":"entry","17":"content-bg","18":"loop-entry"},"_links":{"self":[{"href":"https:\/\/cmykprinted.com\/fi\/wp-json\/wp\/v2\/product\/744","targetHints":{"allow":["GET"]}}],"collection":[{"href":"https:\/\/cmykprinted.com\/fi\/wp-json\/wp\/v2\/product"}],"about":[{"href":"https:\/\/cmykprinted.com\/fi\/wp-json\/wp\/v2\/types\/product"}],"version-history":[{"count":4,"href":"https:\/\/cmykprinted.com\/fi\/wp-json\/wp\/v2\/product\/744\/revisions"}],"predecessor-version":[{"id":750,"href":"https:\/\/cmykprinted.com\/fi\/wp-json\/wp\/v2\/product\/744\/revisions\/750"}],"wp:featuredmedia":[{"embeddable":true,"href":"https:\/\/cmykprinted.com\/fi\/wp-json\/wp\/v2\/media\/745"}],"wp:attachment":[{"href":"https:\/\/cmykprinted.com\/fi\/wp-json\/wp\/v2\/media?parent=744"}],"wp:term":[{"taxonomy":"product_cat","embeddable":true,"href":"https:\/\/cmykprinted.com\/fi\/wp-json\/wp\/v2\/product_cat?post=744"},{"taxonomy":"product_tag","embeddable":true,"href":"https:\/\/cmykprinted.com\/fi\/wp-json\/wp\/v2\/product_tag?post=744"}],"curies":[{"name":"wp","href":"https:\/\/api.w.org\/{rel}","templated":true}]}}