{"id":751,"date":"2022-12-30T12:03:52","date_gmt":"2022-12-30T12:03:52","guid":{"rendered":"https:\/\/cmykprinted.com\/?post_type=product&#038;p=751"},"modified":"2022-12-30T12:39:33","modified_gmt":"2022-12-30T12:39:33","slug":"multipurpose-wholesale-adhesive-uv-transfer-stickers-labels","status":"publish","type":"product","link":"https:\/\/cmykprinted.com\/fi\/tuote\/multipurpose-wholesale-adhesive-uv-transfer-stickers-labels\/","title":{"rendered":"Monik\u00e4ytt\u00f6iset tukkumyyntitarrat UV-siirtotarroille"},"content":{"rendered":"","protected":false},"excerpt":{"rendered":"<p>3D-stereotehosteilla varustettujen UV-siirtotarrojen avulla voit luoda mukautettuja malleja omilla kuvioillasi, logoillasi ja tekstill\u00e4si. N\u00e4m\u00e4 tarrat on valmistettu UV-siirtopastasta, joka tunnetaan vahvoista kiinnittymisominaisuuksistaan ja vedenpit\u00e4vyydest\u00e4\u00e4n. Se kest\u00e4\u00e4 my\u00f6s naarmuja, joten se on kest\u00e4v\u00e4 ja pitk\u00e4ik\u00e4inen valinta erilaisille pinnoille. On kuitenkin t\u00e4rke\u00e4\u00e4 huomata, ett\u00e4 n\u00e4it\u00e4 tarroja ei saa altistaa kuumalle vedelle tai l\u00e4mmitykselle, koska se voi vaikuttaa niiden tarttumiseen.<br \/>\nN\u00e4it\u00e4 tarroja voidaan k\u00e4ytt\u00e4\u00e4 monenlaisilla pinnoilla, mukaan lukien metalli, muovi, lasi, maalatut pinnat, kirjat, pahvi, puu, laatikot, hartsimateriaalit, keraamiset materiaalit, kovakantiset materiaalit, kyn\u00e4t, pokaalit, pullot, termossit, muistilehti\u00f6t, pendrives ja mik\u00e4 tahansa muu sile\u00e4 materiaali. Niit\u00e4 voidaan levitt\u00e4\u00e4 jopa autoosi, kunhan pinta on puhdas ennen k\u00e4ytt\u00f6\u00e4.<br \/>\nLis\u00e4ksi n\u00e4m\u00e4 tarrat voidaan r\u00e4\u00e4t\u00e4l\u00f6id\u00e4 haluamaasi muotoon k\u00e4ytt\u00e4m\u00e4ll\u00e4 prosessia, jota kutsutaan stanssaukseksi tai kissleikkaukseksi. T\u00e4m\u00e4n avulla voit luoda ainutlaatuisia ja henkil\u00f6kohtaisia tarroja, joita voidaan k\u00e4ytt\u00e4\u00e4 moniin eri tarkoituksiin, kuten br\u00e4nd\u00e4ykseen, markkinointiin tai henkil\u00f6kohtaiseen ilmaisuun. N\u00e4m\u00e4 tarrat ovat siis eritt\u00e4in monipuolisia ja niit\u00e4 voidaan k\u00e4ytt\u00e4\u00e4 monenlaisissa sovelluksissa.<\/p>\n<div style=\"width: 1280px;\" class=\"wp-video\"><!--[if lt IE 9]><script>document.createElement('video');<\/script><![endif]--><br \/>\n<video class=\"wp-video-shortcode\" id=\"video-751-1\" width=\"1280\" height=\"720\" loop autoplay preload=\"auto\" controls=\"controls\"><source type=\"video\/mp4\" src=\"http:\/\/cmykprinted.com\/wp-content\/uploads\/2022\/12\/UV-transfer-stickers.mp4?_=1\" \/><a href=\"http:\/\/cmykprinted.com\/wp-content\/uploads\/2022\/12\/UV-transfer-stickers.mp4\">http:\/\/cmykprinted.com\/wp-content\/uploads\/2022\/12\/UV-transfer-stickers.mp4<\/a><\/video><\/div>","protected":false},"featured_media":752,"template":"","meta":{"_kad_post_transparent":"default","_kad_post_title":"hide","_kad_post_layout":"fullwidth","_kad_post_sidebar_id":"","_kad_post_content_style":"unboxed","_kad_post_vertical_padding":"hide","_kad_post_feature":"hide","_kad_post_feature_position":"","_kad_post_header":false,"_kad_post_footer":false},"product_cat":[101,103],"product_tag":[202,200,199,138,201],"class_list":{"0":"post-751","1":"product","2":"type-product","3":"status-publish","4":"has-post-thumbnail","6":"product_cat-transfer-stickers","7":"product_cat-uv-transfer-stickers","8":"product_tag-adhesive-transfer-stickers","9":"product_tag-multipurpose-transfer-stickers","10":"product_tag-uv-transfer-labels","11":"product_tag-uv-transfer-stickers","12":"product_tag-wholesale-transfer-stickers","14":"first","15":"instock","16":"shipping-taxable","17":"product-type-simple","18":"entry","19":"content-bg","20":"loop-entry"},"_links":{"self":[{"href":"https:\/\/cmykprinted.com\/fi\/wp-json\/wp\/v2\/product\/751","targetHints":{"allow":["GET"]}}],"collection":[{"href":"https:\/\/cmykprinted.com\/fi\/wp-json\/wp\/v2\/product"}],"about":[{"href":"https:\/\/cmykprinted.com\/fi\/wp-json\/wp\/v2\/types\/product"}],"version-history":[{"count":3,"href":"https:\/\/cmykprinted.com\/fi\/wp-json\/wp\/v2\/product\/751\/revisions"}],"predecessor-version":[{"id":761,"href":"https:\/\/cmykprinted.com\/fi\/wp-json\/wp\/v2\/product\/751\/revisions\/761"}],"wp:featuredmedia":[{"embeddable":true,"href":"https:\/\/cmykprinted.com\/fi\/wp-json\/wp\/v2\/media\/752"}],"wp:attachment":[{"href":"https:\/\/cmykprinted.com\/fi\/wp-json\/wp\/v2\/media?parent=751"}],"wp:term":[{"taxonomy":"product_cat","embeddable":true,"href":"https:\/\/cmykprinted.com\/fi\/wp-json\/wp\/v2\/product_cat?post=751"},{"taxonomy":"product_tag","embeddable":true,"href":"https:\/\/cmykprinted.com\/fi\/wp-json\/wp\/v2\/product_tag?post=751"}],"curies":[{"name":"wp","href":"https:\/\/api.w.org\/{rel}","templated":true}]}}